{"id":5504,"date":"2022-07-06T14:26:34","date_gmt":"2022-07-06T14:26:34","guid":{"rendered":"https:\/\/weelo.it\/weelo-in\/"},"modified":"2024-09-27T09:47:03","modified_gmt":"2024-09-27T09:47:03","slug":"weelo-in","status":"publish","type":"page","link":"https:\/\/weelo.it\/fr\/solutions\/bike-parking\/weelo-in\/","title":{"rendered":"Weelo IN"},"content":{"rendered":"\t\t<div data-elementor-type=\"wp-page\" data-elementor-id=\"5504\" class=\"elementor elementor-5504 elementor-5012\" data-elementor-post-type=\"page\">\n\t\t\t\t<div class=\"elementor-element elementor-element-7643fb2 e-flex e-con-boxed e-con e-parent\" data-id=\"7643fb2\" data-element_type=\"container\">\n\t\t\t\t\t<div class=\"e-con-inner\">\n\t\t<div class=\"elementor-element elementor-element-7d673f0 e-con-full e-flex e-con e-child\" data-id=\"7d673f0\" data-element_type=\"container\">\n\t\t\t\t<div class=\"elementor-element elementor-element-5e212be elementor-widget elementor-widget-heading\" data-id=\"5e212be\" data-element_type=\"widget\" data-widget_type=\"heading.default\">\n\t\t\t\t<div class=\"elementor-widget-container\">\n\t\t\t\t\t<h2 class=\"elementor-heading-title elementor-size-default\">Weelo IN<\/h2>\t\t\t\t<\/div>\n\t\t\t\t<\/div>\n\t\t\t\t<div class=\"elementor-element elementor-element-6591b68 elementor-widget elementor-widget-text-editor\" data-id=\"6591b68\" data-element_type=\"widget\" data-widget_type=\"text-editor.default\">\n\t\t\t\t<div class=\"elementor-widget-container\">\n\t\t\t\t\t\t\t\t\t<p><strong>Weelo IN<\/strong> es la tecnolog\u00eda que permite transformar cualquier espacio en una estaci\u00f3n de aparcamiento para bicicletas de la red Weelo.<\/p>\n<p><strong>Weelo IN<\/strong> es una forma r\u00e1pida y sencilla de convertir un espacio no utilizado en un aporte fundamental para la comunidad.<\/p>\n\t\t\t\t\t\t\t\t<\/div>\n\t\t\t\t<\/div>\n\t\t\t\t<\/div>\n\t\t<div class=\"elementor-element elementor-element-dc0d60f e-con-full e-flex e-con e-child\" data-id=\"dc0d60f\" data-element_type=\"container\">\n\t\t\t\t<div class=\"elementor-element elementor-element-3e2e448 elementor-widget elementor-widget-image\" data-id=\"3e2e448\" data-element_type=\"widget\" data-widget_type=\"image.default\">\n\t\t\t\t<div class=\"elementor-widget-container\">\n\t\t\t\t\t\t\t\t\t\t\t\t\t\t\t<img fetchpriority=\"high\" decoding=\"async\" width=\"333\" height=\"437\" src=\"https:\/\/weelo.it\/wp-content\/uploads\/2022\/07\/weelo-in2.jpg\" class=\"attachment-full size-full wp-image-5090\" alt=\"\" srcset=\"https:\/\/weelo.it\/wp-content\/uploads\/2022\/07\/weelo-in2.jpg 333w, https:\/\/weelo.it\/wp-content\/uploads\/2022\/07\/weelo-in2-229x300.jpg 229w\" sizes=\"(max-width: 333px) 100vw, 333px\" \/>\t\t\t\t\t\t\t\t\t\t\t\t\t\t\t<\/div>\n\t\t\t\t<\/div>\n\t\t\t\t<\/div>\n\t\t\t\t\t<\/div>\n\t\t\t\t<\/div>\n\t\t<div class=\"elementor-element elementor-element-d9c7faf e-flex e-con-boxed e-con e-parent\" data-id=\"d9c7faf\" data-element_type=\"container\">\n\t\t\t\t\t<div class=\"e-con-inner\">\n\t\t\t\t<div class=\"elementor-element elementor-element-6b16f89 elementor-widget elementor-widget-heading\" data-id=\"6b16f89\" data-element_type=\"widget\" data-widget_type=\"heading.default\">\n\t\t\t\t<div class=\"elementor-widget-container\">\n\t\t\t\t\t<h2 class=\"elementor-heading-title elementor-size-default\">Una soluci\u00f3n para cada lugar<\/h2>\t\t\t\t<\/div>\n\t\t\t\t<\/div>\n\t\t\t\t<div class=\"elementor-element elementor-element-fd31a15 elementor-widget elementor-widget-text-editor\" data-id=\"fd31a15\" data-element_type=\"widget\" data-widget_type=\"text-editor.default\">\n\t\t\t\t<div class=\"elementor-widget-container\">\n\t\t\t\t\t\t\t\t\t<p><span>Weelo IN\u00a0<\/span><strong><span>se adapta a todas las estructuras<\/span><\/strong><span> que necesitan un extra de ventaja para convertirse en biciparking completas y seguras.<\/span><\/p>\n<p><span>Evaluamos sus instalaciones e integramos lo que falta: desde las entradas automatizadas hasta el sistema de sensores, desde el software hasta los dispositivos de entrada.<\/span><\/p>\n<p><span>Podemos instalar todo esto o integrar solo las partes con las que tu estructura a\u00fan no est\u00e1 equipada.<\/span><\/p>\n\t\t\t\t\t\t\t\t<\/div>\n\t\t\t\t<\/div>\n\t\t\t\t\t<\/div>\n\t\t\t\t<\/div>\n\t\t<div class=\"elementor-element elementor-element-57bbdeb e-flex e-con-boxed e-con e-parent\" data-id=\"57bbdeb\" data-element_type=\"container\">\n\t\t\t\t\t<div class=\"e-con-inner\">\n\t\t<div class=\"elementor-element elementor-element-40015fe e-con-full e-flex e-con e-child\" data-id=\"40015fe\" data-element_type=\"container\">\n\t\t\t\t<div class=\"elementor-element elementor-element-0fc8e58 elementor-widget elementor-widget-heading\" data-id=\"0fc8e58\" data-element_type=\"widget\" data-widget_type=\"heading.default\">\n\t\t\t\t<div class=\"elementor-widget-container\">\n\t\t\t\t\t<h2 class=\"elementor-heading-title elementor-size-default\">Reserva<\/h2>\t\t\t\t<\/div>\n\t\t\t\t<\/div>\n\t\t\t\t<div class=\"elementor-element elementor-element-d77efe0 elementor-widget elementor-widget-text-editor\" data-id=\"d77efe0\" data-element_type=\"widget\" data-widget_type=\"text-editor.default\">\n\t\t\t\t<div class=\"elementor-widget-container\">\n\t\t\t\t\t\t\t\t\t<p><span dir=\"ltr\" role=\"presentation\"><span>El usuario registrado accede al panel de reservas, desde el que puede elegir la plaza de bicicletas y el d\u00eda (o d\u00edas) de la reserva. La reserva se puede realizar para un solo d\u00eda o incluso para per\u00edodos m\u00e1s largos.<\/span><br role=\"presentation\" \/><\/span><\/p>\n<p><span dir=\"ltr\" role=\"presentation\"><span>Para el usuario habitual es posible acceder a f\u00f3rmulas de suscripci\u00f3n de larga duraci\u00f3n (semanal, mensual, etc.) que tambi\u00e9n se pueden configurar desde el back-end, al igual que las tarifas relacionadas son libremente configurables.<\/span><\/span><\/p>\n\t\t\t\t\t\t\t\t<\/div>\n\t\t\t\t<\/div>\n\t\t\t\t<\/div>\n\t\t<div class=\"elementor-element elementor-element-8405a20 e-con-full e-flex e-con e-child\" data-id=\"8405a20\" data-element_type=\"container\">\n\t\t\t\t<div class=\"elementor-element elementor-element-aefafdd elementor-widget elementor-widget-image\" data-id=\"aefafdd\" data-element_type=\"widget\" data-widget_type=\"image.default\">\n\t\t\t\t<div class=\"elementor-widget-container\">\n\t\t\t\t\t\t\t\t\t\t\t\t\t\t\t<img decoding=\"async\" width=\"333\" height=\"437\" src=\"https:\/\/weelo.it\/wp-content\/uploads\/2022\/07\/weelo-box-sicurezza.jpg\" class=\"attachment-full size-full wp-image-4977\" alt=\"Accesso alla velostazione con l&#039;app di Weelo\" srcset=\"https:\/\/weelo.it\/wp-content\/uploads\/2022\/07\/weelo-box-sicurezza.jpg 333w, https:\/\/weelo.it\/wp-content\/uploads\/2022\/07\/weelo-box-sicurezza-229x300.jpg 229w\" sizes=\"(max-width: 333px) 100vw, 333px\" \/>\t\t\t\t\t\t\t\t\t\t\t\t\t\t\t<\/div>\n\t\t\t\t<\/div>\n\t\t\t\t<\/div>\n\t\t\t\t\t<\/div>\n\t\t\t\t<\/div>\n\t\t<div class=\"elementor-element elementor-element-25053ad e-flex e-con-boxed e-con e-parent\" data-id=\"25053ad\" data-element_type=\"container\">\n\t\t\t\t\t<div class=\"e-con-inner\">\n\t\t<div class=\"elementor-element elementor-element-1a2d797 e-con-full e-flex e-con e-child\" data-id=\"1a2d797\" data-element_type=\"container\">\n\t\t\t\t<div class=\"elementor-element elementor-element-4cff0d0 elementor-widget elementor-widget-image\" data-id=\"4cff0d0\" data-element_type=\"widget\" data-widget_type=\"image.default\">\n\t\t\t\t<div class=\"elementor-widget-container\">\n\t\t\t\t\t\t\t\t\t\t\t\t\t\t\t<img decoding=\"async\" width=\"333\" height=\"437\" src=\"https:\/\/weelo.it\/wp-content\/uploads\/2022\/07\/weelo-in3.jpg\" class=\"attachment-full size-full wp-image-5093\" alt=\"\" srcset=\"https:\/\/weelo.it\/wp-content\/uploads\/2022\/07\/weelo-in3.jpg 333w, https:\/\/weelo.it\/wp-content\/uploads\/2022\/07\/weelo-in3-229x300.jpg 229w\" sizes=\"(max-width: 333px) 100vw, 333px\" \/>\t\t\t\t\t\t\t\t\t\t\t\t\t\t\t<\/div>\n\t\t\t\t<\/div>\n\t\t\t\t<\/div>\n\t\t<div class=\"elementor-element elementor-element-f01ef7b e-con-full e-flex e-con e-child\" data-id=\"f01ef7b\" data-element_type=\"container\">\n\t\t\t\t<div class=\"elementor-element elementor-element-2388d97 elementor-widget elementor-widget-heading\" data-id=\"2388d97\" data-element_type=\"widget\" data-widget_type=\"heading.default\">\n\t\t\t\t<div class=\"elementor-widget-container\">\n\t\t\t\t\t<h2 class=\"elementor-heading-title elementor-size-default\">Elecci\u00f3n del lugar para la bicicleta<\/h2>\t\t\t\t<\/div>\n\t\t\t\t<\/div>\n\t\t\t\t<div class=\"elementor-element elementor-element-9b0b345 elementor-widget elementor-widget-text-editor\" data-id=\"9b0b345\" data-element_type=\"widget\" data-widget_type=\"text-editor.default\">\n\t\t\t\t<div class=\"elementor-widget-container\">\n\t\t\t\t\t\t\t\t\t<p><span>Cada aparcamiento de bicicletas equipado con nuestro\u00a0<\/span><strong><span>Weelo IN<\/span><\/strong><span>\u00a0est\u00e1 espec\u00edficamente configurado para que los usuarios puedan saber el n\u00famero de plazas disponibles y, sobre todo, puedan reservar su plaza directamente desde la APP.<\/span><\/p>\n\t\t\t\t\t\t\t\t<\/div>\n\t\t\t\t<\/div>\n\t\t\t\t<\/div>\n\t\t\t\t\t<\/div>\n\t\t\t\t<\/div>\n\t\t<div class=\"elementor-element elementor-element-cebce1b e-flex e-con-boxed e-con e-parent\" data-id=\"cebce1b\" data-element_type=\"container\">\n\t\t\t\t\t<div class=\"e-con-inner\">\n\t\t\t\t<div class=\"elementor-element elementor-element-02dc03a elementor-widget elementor-widget-heading\" data-id=\"02dc03a\" data-element_type=\"widget\" data-widget_type=\"heading.default\">\n\t\t\t\t<div class=\"elementor-widget-container\">\n\t\t\t\t\t<h2 class=\"elementor-heading-title elementor-size-default\">Precios<\/h2>\t\t\t\t<\/div>\n\t\t\t\t<\/div>\n\t\t\t\t<div class=\"elementor-element elementor-element-9c27349 elementor-widget elementor-widget-text-editor\" data-id=\"9c27349\" data-element_type=\"widget\" data-widget_type=\"text-editor.default\">\n\t\t\t\t<div class=\"elementor-widget-container\">\n\t\t\t\t\t\t\t\t\t<p><span>Con\u00a0<\/span><strong><span>Weelo IN<\/span><\/strong><span>\u00a0los precios se pueden configurar de forma totalmente personalizada: gracias a nuestra\u00a0<\/span><strong><span>app Weelo<\/span><\/strong><span>\u00a0, los usuarios podr\u00e1n pagar el precio establecido y aparcar sus bicicletas durante el tiempo que necesiten.<\/span><\/p>\n\t\t\t\t\t\t\t\t<\/div>\n\t\t\t\t<\/div>\n\t\t\t\t\t<\/div>\n\t\t\t\t<\/div>\n\t\t\t\t<\/div>\n\t\t","protected":false},"excerpt":{"rendered":"<p>Weelo IN Weelo IN es la tecnolog\u00eda que permite transformar cualquier espacio en una estaci\u00f3n de aparcamiento para bicicletas de la red Weelo. Weelo IN es una forma r\u00e1pida y sencilla de convertir un espacio no utilizado en un aporte fundamental para la comunidad. Una soluci\u00f3n para cada lugar Weelo IN\u00a0se adapta a todas las [&hellip;]<\/p>\n","protected":false},"author":2,"featured_media":0,"parent":10243,"menu_order":0,"comment_status":"closed","ping_status":"closed","template":"","meta":{"inline_featured_image":false,"_monsterinsights_skip_tracking":false,"_monsterinsights_sitenote_active":false,"_monsterinsights_sitenote_note":"","_monsterinsights_sitenote_category":0,"_uf_show_specific_survey":0,"_uf_disable_surveys":false,"footnotes":""},"categories":[],"class_list":["post-5504","page","type-page","status-publish","hentry"],"aioseo_notices":[],"_links":{"self":[{"href":"https:\/\/weelo.it\/fr\/wp-json\/wp\/v2\/pages\/5504","targetHints":{"allow":["GET"]}}],"collection":[{"href":"https:\/\/weelo.it\/fr\/wp-json\/wp\/v2\/pages"}],"about":[{"href":"https:\/\/weelo.it\/fr\/wp-json\/wp\/v2\/types\/page"}],"author":[{"embeddable":true,"href":"https:\/\/weelo.it\/fr\/wp-json\/wp\/v2\/users\/2"}],"replies":[{"embeddable":true,"href":"https:\/\/weelo.it\/fr\/wp-json\/wp\/v2\/comments?post=5504"}],"version-history":[{"count":7,"href":"https:\/\/weelo.it\/fr\/wp-json\/wp\/v2\/pages\/5504\/revisions"}],"predecessor-version":[{"id":12162,"href":"https:\/\/weelo.it\/fr\/wp-json\/wp\/v2\/pages\/5504\/revisions\/12162"}],"up":[{"embeddable":true,"href":"https:\/\/weelo.it\/fr\/wp-json\/wp\/v2\/pages\/10243"}],"wp:attachment":[{"href":"https:\/\/weelo.it\/fr\/wp-json\/wp\/v2\/media?parent=5504"}],"wp:term":[{"taxonomy":"category","embeddable":true,"href":"https:\/\/weelo.it\/fr\/wp-json\/wp\/v2\/categories?post=5504"}],"curies":[{"name":"wp","href":"https:\/\/api.w.org\/{rel}","templated":true}]}}