{"id":5499,"date":"2022-07-01T08:37:13","date_gmt":"2022-07-01T08:37:13","guid":{"rendered":"https:\/\/weelo.it\/weelo-hub\/"},"modified":"2024-09-26T15:39:41","modified_gmt":"2024-09-26T15:39:41","slug":"weelo-hub","status":"publish","type":"page","link":"https:\/\/weelo.it\/fr\/solutions\/bike-parking\/weelo-hub\/","title":{"rendered":"Weelo HUB"},"content":{"rendered":"\t\t<div data-elementor-type=\"wp-page\" data-elementor-id=\"5499\" class=\"elementor elementor-5499 elementor-4989\" data-elementor-post-type=\"page\">\n\t\t\t\t<div class=\"elementor-element elementor-element-b15ff27 e-flex e-con-boxed e-con e-parent\" data-id=\"b15ff27\" data-element_type=\"container\">\n\t\t\t\t\t<div class=\"e-con-inner\">\n\t\t<div class=\"elementor-element elementor-element-44579c1 e-con-full e-flex e-con e-child\" data-id=\"44579c1\" data-element_type=\"container\">\n\t\t\t\t<div class=\"elementor-element elementor-element-4e23fbe elementor-widget elementor-widget-heading\" data-id=\"4e23fbe\" data-element_type=\"widget\" data-widget_type=\"heading.default\">\n\t\t\t\t<div class=\"elementor-widget-container\">\n\t\t\t\t\t<h2 class=\"elementor-heading-title elementor-size-default\">Weelo HUB<\/h2>\t\t\t\t<\/div>\n\t\t\t\t<\/div>\n\t\t\t\t<div class=\"elementor-element elementor-element-fc89c29 elementor-widget elementor-widget-text-editor\" data-id=\"fc89c29\" data-element_type=\"widget\" data-widget_type=\"text-editor.default\">\n\t\t\t\t<div class=\"elementor-widget-container\">\n\t\t\t\t\t\t\t\t\t<p><strong>WEELO HUB<\/strong> est un abri v\u00e9lo s\u00e9curis\u00e9 de conception modulaire, con\u00e7u pour toute zone o\u00f9 il est important de trouver une place pour garer votre v\u00e9lo\u00a0: \u00e0 la gare des trains, par exemple, face \u00e0 une \u00e9cole ou aux alentours d\u2019une universit\u00e9.<\/p><p><strong>Weelo HUB<\/strong> permet de garer votre v\u00e9lo en toute s\u00e9curit\u00e9 gr\u00e2ce \u00e0 un syst\u00e8me de vid\u00e9osurveillance 24h\/24<\/p>\t\t\t\t\t\t\t\t<\/div>\n\t\t\t\t<\/div>\n\t\t\t\t<\/div>\n\t\t<div class=\"elementor-element elementor-element-bc5eac7 e-con-full e-flex e-con e-child\" data-id=\"bc5eac7\" data-element_type=\"container\">\n\t\t\t\t<div class=\"elementor-element elementor-element-f8af6ea elementor-widget elementor-widget-video\" data-id=\"f8af6ea\" data-element_type=\"widget\" data-settings=\"{&quot;youtube_url&quot;:&quot;https:\\\/\\\/www.youtube.com\\\/watch?v=wRbGFgXxxmw&quot;,&quot;autoplay&quot;:&quot;yes&quot;,&quot;play_on_mobile&quot;:&quot;yes&quot;,&quot;video_type&quot;:&quot;youtube&quot;}\" data-widget_type=\"video.default\">\n\t\t\t\t<div class=\"elementor-widget-container\">\n\t\t\t\t\t\t\t<div class=\"elementor-wrapper elementor-open-inline\">\n\t\t\t<div class=\"elementor-video\"><\/div>\t\t<\/div>\n\t\t\t\t\t\t<\/div>\n\t\t\t\t<\/div>\n\t\t\t\t<\/div>\n\t\t\t\t\t<\/div>\n\t\t\t\t<\/div>\n\t\t<div class=\"elementor-element elementor-element-ece5da3 e-flex e-con-boxed e-con e-parent\" data-id=\"ece5da3\" data-element_type=\"container\" data-settings=\"{&quot;background_background&quot;:&quot;classic&quot;}\">\n\t\t\t\t\t<div class=\"e-con-inner\">\n\t\t\t\t<div class=\"elementor-element elementor-element-b237bed elementor-widget elementor-widget-heading\" data-id=\"b237bed\" data-element_type=\"widget\" data-widget_type=\"heading.default\">\n\t\t\t\t<div class=\"elementor-widget-container\">\n\t\t\t\t\t<h2 class=\"elementor-heading-title elementor-size-default\">Donn\u00e9es techniques<\/h2>\t\t\t\t<\/div>\n\t\t\t\t<\/div>\n\t\t\t\t<div class=\"elementor-element elementor-element-cf63d4a servziTable elementor-widget elementor-widget-text-editor\" data-id=\"cf63d4a\" data-element_type=\"widget\" data-widget_type=\"text-editor.default\">\n\t\t\t\t<div class=\"elementor-widget-container\">\n\t\t\t\t\t\t\t\t\t<table><tbody><tr><td><b>Dimensions <\/b><span style=\"font-size: 16.2px;\"><b>Weelo HUB 40 places<\/b><\/span><\/td><td>cm 605 x cm 605<\/td><\/tr><tr><td><b>Dimensions <\/b><span style=\"font-size: 16.2px;\"><b>Weelo HUB 80 places<\/b><\/span><\/td><td>cm 605 x cm 1.180<\/td><\/tr><tr><td><span style=\"font-size: 16.2px;\"><b>Structure porteuse<\/b><\/span><\/td><td>profil\u00e9s en acier<\/td><\/tr><tr><td><strong>Rev\u00eatements<\/strong><\/td><td>en verre ou panneaux en t\u00f4le m\u00e9tal deploy\u00e9<\/td><\/tr><tr><td><strong>Racks de stationnement<\/strong><\/td><td>double \u00e9tage, haute densit\u00e9<\/td><\/tr><tr><td><strong>Am\u00e9nagement<\/strong><\/td><td><p>\u00e9clairage led \u00e0 intensit\u00e9 variable, vid\u00e9osurveillance, interphone pour appels d\u2019urgence, <span style=\"font-family: inherit; font-size: inherit;\">onduleur<\/span><\/p><\/td><\/tr><tr><td><strong>Equipements<\/strong><\/td><td>Totem de r\u00e9paration v\u00e9los, recharge VAE<\/td><\/tr><\/tbody><\/table>\t\t\t\t\t\t\t\t<\/div>\n\t\t\t\t<\/div>\n\t\t\t\t\t<\/div>\n\t\t\t\t<\/div>\n\t\t<div class=\"elementor-element elementor-element-c1d888d e-flex e-con-boxed e-con e-parent\" data-id=\"c1d888d\" data-element_type=\"container\">\n\t\t\t\t\t<div class=\"e-con-inner\">\n\t\t<div class=\"elementor-element elementor-element-af1dd07 e-con-full e-flex e-con e-child\" data-id=\"af1dd07\" data-element_type=\"container\">\n\t\t\t\t<div class=\"elementor-element elementor-element-a2c47f2 elementor-widget elementor-widget-image\" data-id=\"a2c47f2\" data-element_type=\"widget\" data-widget_type=\"image.default\">\n\t\t\t\t<div class=\"elementor-widget-container\">\n\t\t\t\t\t\t\t\t\t\t\t\t\t\t\t<img fetchpriority=\"high\" decoding=\"async\" width=\"533\" height=\"523\" src=\"https:\/\/weelo.it\/wp-content\/uploads\/2022\/07\/weelo-hub-interno.jpg\" class=\"attachment-full size-full wp-image-4994\" alt=\"\" srcset=\"https:\/\/weelo.it\/wp-content\/uploads\/2022\/07\/weelo-hub-interno.jpg 533w, https:\/\/weelo.it\/wp-content\/uploads\/2022\/07\/weelo-hub-interno-300x294.jpg 300w\" sizes=\"(max-width: 533px) 100vw, 533px\" \/>\t\t\t\t\t\t\t\t\t\t\t\t\t\t\t<\/div>\n\t\t\t\t<\/div>\n\t\t\t\t<\/div>\n\t\t<div class=\"elementor-element elementor-element-b24197a e-con-full e-flex e-con e-child\" data-id=\"b24197a\" data-element_type=\"container\">\n\t\t\t\t<div class=\"elementor-element elementor-element-b5a6979 elementor-widget elementor-widget-heading\" data-id=\"b5a6979\" data-element_type=\"widget\" data-widget_type=\"heading.default\">\n\t\t\t\t<div class=\"elementor-widget-container\">\n\t\t\t\t\t<h2 class=\"elementor-heading-title elementor-size-default\">Int\u00e9rieur<\/h2>\t\t\t\t<\/div>\n\t\t\t\t<\/div>\n\t\t\t\t<div class=\"elementor-element elementor-element-5d4c73e elementor-widget elementor-widget-text-editor\" data-id=\"5d4c73e\" data-element_type=\"widget\" data-widget_type=\"text-editor.default\">\n\t\t\t\t<div class=\"elementor-widget-container\">\n\t\t\t\t\t\t\t\t\t<p><strong>Weelo HUB<\/strong> a une forme r\u00e9guli\u00e8re, ce qui permet une excellente compacit\u00e9 de l\u2019espace\u00a0: \u00e0 son int\u00e9rieur il est possible de positionner des racks de stationnement \u00e0 double \u00e9tage. Gr\u00e2ce \u00e0 l\u2019assistance au levage, ces racks permettent de stationner facilement votre v\u00e9lo, en le s\u00e9curisant avec votre propre cadenas.<\/p><p>Pour garantir une s\u00e9curit\u00e9 \u00e9lev\u00e9e, <strong>Weelo HUB<\/strong> est \u00e9quip\u00e9 de vid\u00e9osurveillance 24h sur 24, \u00e9clairage int\u00e9rieur toujours actif et d\u2019un interphone pour \u00e9ventuels appels d\u2019urgence. <strong>Weelo HUB<\/strong> peut \u00eatre aussi am\u00e9nag\u00e9 avec des bornes de recharge VAE et un totem de r\u00e9paration v\u00e9los et gonflage pneus.<\/p>\t\t\t\t\t\t\t\t<\/div>\n\t\t\t\t<\/div>\n\t\t\t\t<\/div>\n\t\t\t\t\t<\/div>\n\t\t\t\t<\/div>\n\t\t<div class=\"elementor-element elementor-element-a2cc6fa e-flex e-con-boxed e-con e-parent\" data-id=\"a2cc6fa\" data-element_type=\"container\">\n\t\t\t\t\t<div class=\"e-con-inner\">\n\t\t<div class=\"elementor-element elementor-element-51a4723 e-con-full e-flex e-con e-child\" data-id=\"51a4723\" data-element_type=\"container\">\n\t\t\t\t<div class=\"elementor-element elementor-element-bec549b elementor-widget elementor-widget-heading\" data-id=\"bec549b\" data-element_type=\"widget\" data-widget_type=\"heading.default\">\n\t\t\t\t<div class=\"elementor-widget-container\">\n\t\t\t\t\t<h2 class=\"elementor-heading-title elementor-size-default\">Modularit\u00e9<\/h2>\t\t\t\t<\/div>\n\t\t\t\t<\/div>\n\t\t\t\t<div class=\"elementor-element elementor-element-d019d17 elementor-widget elementor-widget-text-editor\" data-id=\"d019d17\" data-element_type=\"widget\" data-widget_type=\"text-editor.default\">\n\t\t\t\t<div class=\"elementor-widget-container\">\n\t\t\t\t\t\t\t\t\t<p><strong>Weelo HUB<\/strong> est compl\u00e8tement modulaire, ce qui en permet la r\u00e9p\u00e9tition et l\u2019assemblage de fa\u00e7on tr\u00e8s simple\u00a0: il est r\u00e9alis\u00e9 par l\u2019union planim\u00e9trique de modules de base carr\u00e9s 5750&#215;5850 mm. Sa forme r\u00e9guli\u00e8re permet la r\u00e9alisation de diff\u00e9rentes solutions\u00a0: en ligne, sur lignes diff\u00e9rentes, en forme de L ou de croix.<\/p><p>Chaque module se fixe au suivant selon le syst\u00e8me de connexion entre pi\u00e9droit et poutre. Cette libert\u00e9 de composition permet \u00e9galement de modifier l\u2019installation, et d\u2019ajouter de nouveaux modules. Les racks de stationnement sont install\u00e9s par groupes de 10 places, sur deux \u00e9tages.<\/p><p>Toute la structure, le toit, les rev\u00eatements, la porte automatique d\u2019acc\u00e8s et les racks de stationnement v\u00e9los sont compl\u00e8tement d\u00e9montables et d\u00e9pla\u00e7ables : il suffira de d\u00e9monter tous les boulons, y compris ceux pour la fixation au sol, enlever les plaques en verre qui constituent les parois, enlever le toit et la porte : tout le mat\u00e9riel peut \u00eatre emmagasin\u00e9 pour une utilisation future, \u00e0 un endroit diff\u00e9rent.<\/p>\t\t\t\t\t\t\t\t<\/div>\n\t\t\t\t<\/div>\n\t\t\t\t<\/div>\n\t\t<div class=\"elementor-element elementor-element-f0a2c47 e-con-full e-flex e-con e-child\" data-id=\"f0a2c47\" data-element_type=\"container\">\n\t\t\t\t<div class=\"elementor-element elementor-element-61c3e21 elementor-widget elementor-widget-image\" data-id=\"61c3e21\" data-element_type=\"widget\" data-widget_type=\"image.default\">\n\t\t\t\t<div class=\"elementor-widget-container\">\n\t\t\t\t\t\t\t\t\t\t\t\t<figure class=\"wp-caption\">\n\t\t\t\t\t\t\t\t\t\t<img decoding=\"async\" width=\"1200\" height=\"565\" src=\"https:\/\/weelo.it\/wp-content\/uploads\/2022\/10\/weelo_hub40.jpg\" class=\"attachment-full size-full wp-image-5473\" alt=\"\" srcset=\"https:\/\/weelo.it\/wp-content\/uploads\/2022\/10\/weelo_hub40.jpg 1200w, https:\/\/weelo.it\/wp-content\/uploads\/2022\/10\/weelo_hub40-300x141.jpg 300w, https:\/\/weelo.it\/wp-content\/uploads\/2022\/10\/weelo_hub40-1024x482.jpg 1024w, https:\/\/weelo.it\/wp-content\/uploads\/2022\/10\/weelo_hub40-768x362.jpg 768w\" sizes=\"(max-width: 1200px) 100vw, 1200px\" \/>\t\t\t\t\t\t\t\t\t\t\t<figcaption class=\"widget-image-caption wp-caption-text\">WEELO HUB 40 posti<\/figcaption>\n\t\t\t\t\t\t\t\t\t\t<\/figure>\n\t\t\t\t\t\t\t\t\t<\/div>\n\t\t\t\t<\/div>\n\t\t\t\t<div class=\"elementor-element elementor-element-33cdf9e elementor-widget elementor-widget-image\" data-id=\"33cdf9e\" data-element_type=\"widget\" data-widget_type=\"image.default\">\n\t\t\t\t<div class=\"elementor-widget-container\">\n\t\t\t\t\t\t\t\t\t\t\t\t<figure class=\"wp-caption\">\n\t\t\t\t\t\t\t\t\t\t<img decoding=\"async\" width=\"1200\" height=\"565\" src=\"https:\/\/weelo.it\/wp-content\/uploads\/2022\/10\/weelo_hub80.jpg\" class=\"attachment-full size-full wp-image-5476\" alt=\"\" srcset=\"https:\/\/weelo.it\/wp-content\/uploads\/2022\/10\/weelo_hub80.jpg 1200w, https:\/\/weelo.it\/wp-content\/uploads\/2022\/10\/weelo_hub80-300x141.jpg 300w, https:\/\/weelo.it\/wp-content\/uploads\/2022\/10\/weelo_hub80-1024x482.jpg 1024w, https:\/\/weelo.it\/wp-content\/uploads\/2022\/10\/weelo_hub80-768x362.jpg 768w\" sizes=\"(max-width: 1200px) 100vw, 1200px\" \/>\t\t\t\t\t\t\t\t\t\t\t<figcaption class=\"widget-image-caption wp-caption-text\">WEELO HUB 80 posti<\/figcaption>\n\t\t\t\t\t\t\t\t\t\t<\/figure>\n\t\t\t\t\t\t\t\t\t<\/div>\n\t\t\t\t<\/div>\n\t\t\t\t<\/div>\n\t\t\t\t\t<\/div>\n\t\t\t\t<\/div>\n\t\t<div class=\"elementor-element elementor-element-e76bc78 e-flex e-con-boxed e-con e-parent\" data-id=\"e76bc78\" data-element_type=\"container\">\n\t\t\t\t\t<div class=\"e-con-inner\">\n\t\t<div class=\"elementor-element elementor-element-afd8e87 e-con-full e-flex e-con e-child\" data-id=\"afd8e87\" data-element_type=\"container\">\n\t\t\t\t<div class=\"elementor-element elementor-element-a0dd046 elementor-widget elementor-widget-image\" data-id=\"a0dd046\" data-element_type=\"widget\" data-widget_type=\"image.default\">\n\t\t\t\t<div class=\"elementor-widget-container\">\n\t\t\t\t\t\t\t\t\t\t\t\t\t\t\t<img loading=\"lazy\" decoding=\"async\" width=\"1280\" height=\"1920\" src=\"https:\/\/weelo.it\/wp-content\/uploads\/2022\/07\/weelohub_materiali.jpg\" class=\"attachment-full size-full wp-image-5161\" alt=\"\" srcset=\"https:\/\/weelo.it\/wp-content\/uploads\/2022\/07\/weelohub_materiali.jpg 1280w, https:\/\/weelo.it\/wp-content\/uploads\/2022\/07\/weelohub_materiali-200x300.jpg 200w, https:\/\/weelo.it\/wp-content\/uploads\/2022\/07\/weelohub_materiali-683x1024.jpg 683w, https:\/\/weelo.it\/wp-content\/uploads\/2022\/07\/weelohub_materiali-768x1152.jpg 768w, https:\/\/weelo.it\/wp-content\/uploads\/2022\/07\/weelohub_materiali-1024x1536.jpg 1024w\" sizes=\"(max-width: 1280px) 100vw, 1280px\" \/>\t\t\t\t\t\t\t\t\t\t\t\t\t\t\t<\/div>\n\t\t\t\t<\/div>\n\t\t\t\t<\/div>\n\t\t<div class=\"elementor-element elementor-element-b3eccb4 e-con-full e-flex e-con e-child\" data-id=\"b3eccb4\" data-element_type=\"container\">\n\t\t\t\t<div class=\"elementor-element elementor-element-c5ac0c7 elementor-widget elementor-widget-heading\" data-id=\"c5ac0c7\" data-element_type=\"widget\" data-widget_type=\"heading.default\">\n\t\t\t\t<div class=\"elementor-widget-container\">\n\t\t\t\t\t<h2 class=\"elementor-heading-title elementor-size-default\">Mat\u00e9riaux<\/h2>\t\t\t\t<\/div>\n\t\t\t\t<\/div>\n\t\t\t\t<div class=\"elementor-element elementor-element-fa0e67a elementor-widget elementor-widget-text-editor\" data-id=\"fa0e67a\" data-element_type=\"widget\" data-widget_type=\"text-editor.default\">\n\t\t\t\t<div class=\"elementor-widget-container\">\n\t\t\t\t\t\t\t\t\t<p>La structure porteuse est r\u00e9alis\u00e9e avec des profil\u00e9s en acier tubulaire galvanis\u00e9, \u00e9quip\u00e9s avec des supports de fixation et des brides en t\u00f4le d\u2019acier d\u00e9coup\u00e9e au laser et d\u00fbment pr\u00e9-perfor\u00e9e.<\/p><p>Les parois de rev\u00eatement en plaques de verre, dans leur partie sup\u00e9rieure, ont des ouvertures de dimensions suffisantes \u00e0 garantir un renouvellement d\u2019air constant de fa\u00e7on naturelle \u00e0 l\u2019int\u00e9rieur de la structure, favoris\u00e9 \u00e9galement par les fentes pr\u00e9sentes entre les panneaux.<\/p><p>Les parois peuvent \u00eatre en plaques de verre feuillet\u00e9 et tremp\u00e9 ou en t\u00f4le pleine en acier ou encore en m\u00e9tal d\u00e9ploy\u00e9, en permettant ainsi trois diff\u00e9rents types de rev\u00eatement. Le toit est \u00e0 double aileron, r\u00e9alis\u00e9 par des panneaux sandwich, pos\u00e9 sur la structure m\u00e9tallique\u00a0; la pente des ailerons est totalement cach\u00e9e par la section de la poutre porteuse, elle est donc invisible \u00e0 \u0153il nu.<\/p><p>A l\u2019int\u00e9rieur des pi\u00e9droits on retrouve les caniveaux pour le drainage des eaux pluviales, canalis\u00e9es par un syst\u00e8me de goutti\u00e8res sur le toit. L\u2019acc\u00e8s \u00e0 la v\u00e9lostation est garanti par une porte automatique coulissante\u00a0: un dispositif avec mouvement asservi, command\u00e9 par le syst\u00e8me de contr\u00f4les des acc\u00e8s, \u00e9quip\u00e9 d\u2019un moteur en redondance et d\u2019accumulateurs dimensionn\u00e9s pour pouvoir fonctionner m\u00eame en cas de manque de courant. La porte est \u00e9galement certifi\u00e9e comme sortie de secours, selon la norme UNI EN 16005. La porte est r\u00e9alis\u00e9e en plaque de verre transparence cristal, avec un ch\u00e2ssis en aluminium recouvert de peinture.<\/p>\t\t\t\t\t\t\t\t<\/div>\n\t\t\t\t<\/div>\n\t\t\t\t<\/div>\n\t\t\t\t\t<\/div>\n\t\t\t\t<\/div>\n\t\t<div class=\"elementor-element elementor-element-295f833 e-flex e-con-boxed e-con e-parent\" data-id=\"295f833\" data-element_type=\"container\">\n\t\t\t\t\t<div class=\"e-con-inner\">\n\t\t<div class=\"elementor-element elementor-element-67e85fa e-con-full e-flex e-con e-child\" data-id=\"67e85fa\" data-element_type=\"container\">\n\t\t\t\t<div class=\"elementor-element elementor-element-dde3e8d elementor-widget elementor-widget-heading\" data-id=\"dde3e8d\" data-element_type=\"widget\" data-widget_type=\"heading.default\">\n\t\t\t\t<div class=\"elementor-widget-container\">\n\t\t\t\t\t<h2 class=\"elementor-heading-title elementor-size-default\">Style et personnalisation graphique <\/h2>\t\t\t\t<\/div>\n\t\t\t\t<\/div>\n\t\t\t\t<div class=\"elementor-element elementor-element-6295cca elementor-widget elementor-widget-text-editor\" data-id=\"6295cca\" data-element_type=\"widget\" data-widget_type=\"text-editor.default\">\n\t\t\t\t<div class=\"elementor-widget-container\">\n\t\t\t\t\t\t\t\t\t<p>La consigne \u00e0 v\u00e9los <strong>WEELO HUB<\/strong> peut \u00eatre compl\u00e8tement personnalis\u00e9e selon les propres projets d\u2019image corporative. A son int\u00e9rieur, un syst\u00e8me de signalisation horizontale et verticale donnera \u00e0 tout utilisateur les indications des principales fonctions et de la place assign\u00e9e o\u00f9 d\u00e9poser son v\u00e9lo.<\/p>\t\t\t\t\t\t\t\t<\/div>\n\t\t\t\t<\/div>\n\t\t\t\t<\/div>\n\t\t<div class=\"elementor-element elementor-element-ed33da3 e-con-full e-flex e-con e-child\" data-id=\"ed33da3\" data-element_type=\"container\">\n\t\t\t\t<div class=\"elementor-element elementor-element-da2f5bc elementor-widget elementor-widget-image\" data-id=\"da2f5bc\" data-element_type=\"widget\" data-widget_type=\"image.default\">\n\t\t\t\t<div class=\"elementor-widget-container\">\n\t\t\t\t\t\t\t\t\t\t\t\t\t\t\t<img loading=\"lazy\" decoding=\"async\" width=\"1920\" height=\"1280\" src=\"https:\/\/weelo.it\/wp-content\/uploads\/2022\/07\/WeeloHub-Parma.jpg\" class=\"attachment-full size-full wp-image-5222\" alt=\"\" srcset=\"https:\/\/weelo.it\/wp-content\/uploads\/2022\/07\/WeeloHub-Parma.jpg 1920w, https:\/\/weelo.it\/wp-content\/uploads\/2022\/07\/WeeloHub-Parma-300x200.jpg 300w, https:\/\/weelo.it\/wp-content\/uploads\/2022\/07\/WeeloHub-Parma-1024x683.jpg 1024w, https:\/\/weelo.it\/wp-content\/uploads\/2022\/07\/WeeloHub-Parma-768x512.jpg 768w, https:\/\/weelo.it\/wp-content\/uploads\/2022\/07\/WeeloHub-Parma-1536x1024.jpg 1536w\" sizes=\"(max-width: 1920px) 100vw, 1920px\" \/>\t\t\t\t\t\t\t\t\t\t\t\t\t\t\t<\/div>\n\t\t\t\t<\/div>\n\t\t\t\t<\/div>\n\t\t\t\t\t<\/div>\n\t\t\t\t<\/div>\n\t\t<div class=\"elementor-element elementor-element-4e602b5 e-flex e-con-boxed e-con e-parent\" data-id=\"4e602b5\" data-element_type=\"container\">\n\t\t\t\t\t<div class=\"e-con-inner\">\n\t\t<div class=\"elementor-element elementor-element-9d8ebc9 e-con-full e-flex e-con e-child\" data-id=\"9d8ebc9\" data-element_type=\"container\">\n\t\t\t\t<div class=\"elementor-element elementor-element-7d5a834 elementor-widget elementor-widget-image\" data-id=\"7d5a834\" data-element_type=\"widget\" data-widget_type=\"image.default\">\n\t\t\t\t<div class=\"elementor-widget-container\">\n\t\t\t\t\t\t\t\t\t\t\t\t\t\t\t<img loading=\"lazy\" decoding=\"async\" width=\"333\" height=\"437\" src=\"https:\/\/weelo.it\/wp-content\/uploads\/2022\/07\/weelo-box-sicurezza.jpg\" class=\"attachment-full size-full wp-image-4977\" alt=\"Accesso alla velostazione con l&#039;app di Weelo\" srcset=\"https:\/\/weelo.it\/wp-content\/uploads\/2022\/07\/weelo-box-sicurezza.jpg 333w, https:\/\/weelo.it\/wp-content\/uploads\/2022\/07\/weelo-box-sicurezza-229x300.jpg 229w\" sizes=\"(max-width: 333px) 100vw, 333px\" \/>\t\t\t\t\t\t\t\t\t\t\t\t\t\t\t<\/div>\n\t\t\t\t<\/div>\n\t\t\t\t<\/div>\n\t\t<div class=\"elementor-element elementor-element-72f08b1 e-con-full e-flex e-con e-child\" data-id=\"72f08b1\" data-element_type=\"container\">\n\t\t\t\t<div class=\"elementor-element elementor-element-2c73e2e elementor-widget elementor-widget-heading\" data-id=\"2c73e2e\" data-element_type=\"widget\" data-widget_type=\"heading.default\">\n\t\t\t\t<div class=\"elementor-widget-container\">\n\t\t\t\t\t<h2 class=\"elementor-heading-title elementor-size-default\">Accessibilit\u00e9<\/h2>\t\t\t\t<\/div>\n\t\t\t\t<\/div>\n\t\t\t\t<div class=\"elementor-element elementor-element-165ff80 elementor-widget elementor-widget-text-editor\" data-id=\"165ff80\" data-element_type=\"widget\" data-widget_type=\"text-editor.default\">\n\t\t\t\t<div class=\"elementor-widget-container\">\n\t\t\t\t\t\t\t\t\t<p>Gr\u00e2ce au dispositif <strong>WEELO IN<\/strong>, l\u2019acc\u00e8s \u00e0 la consigne de v\u00e9los <strong>WEELO HUB<\/strong> est contr\u00f4l\u00e9 en temps r\u00e9el, les entr\u00e9es sont command\u00e9es par le logiciel de Weelo.<\/p><p>Les utilisateurs enregistr\u00e9s \u00e0 la plateforme pourront acc\u00e9der avec leur profil et en utilisant leur cr\u00e9dit.<\/p><p>Pour acc\u00e9der \u00e0 la v\u00e9lostation tout abonn\u00e9 pourra utiliser aussi bien l\u2019application Weelo que le badge de mobilit\u00e9, par exemple la carte de Transport publique local.<\/p>\t\t\t\t\t\t\t\t<\/div>\n\t\t\t\t<\/div>\n\t\t\t\t<\/div>\n\t\t\t\t\t<\/div>\n\t\t\t\t<\/div>\n\t\t<div class=\"elementor-element elementor-element-5c480c3 e-flex e-con-boxed e-con e-parent\" data-id=\"5c480c3\" data-element_type=\"container\">\n\t\t\t\t\t<div class=\"e-con-inner\">\n\t\t<div class=\"elementor-element elementor-element-4c55bf7 e-con-full e-flex e-con e-child\" data-id=\"4c55bf7\" data-element_type=\"container\">\n\t\t\t\t<div class=\"elementor-element elementor-element-ed480e8 elementor-widget elementor-widget-heading\" data-id=\"ed480e8\" data-element_type=\"widget\" data-widget_type=\"heading.default\">\n\t\t\t\t<div class=\"elementor-widget-container\">\n\t\t\t\t\t<h2 class=\"elementor-heading-title elementor-size-default\">Application Weelo<\/h2>\t\t\t\t<\/div>\n\t\t\t\t<\/div>\n\t\t\t\t<div class=\"elementor-element elementor-element-3d071c2 elementor-widget elementor-widget-text-editor\" data-id=\"3d071c2\" data-element_type=\"widget\" data-widget_type=\"text-editor.default\">\n\t\t\t\t<div class=\"elementor-widget-container\">\n\t\t\t\t\t\t\t\t\t<p>L\u2019app Weelo a \u00e9t\u00e9 d\u00e9velopp\u00e9e avec l\u2019objectif de rendre facilement accessibles les consignes v\u00e9los de notre circuit, de fa\u00e7on simple et totalement intuitive.<\/p><p>L\u2019utilisateur doit s\u2019enregistrer et acheter son abonnement avec carte de cr\u00e9dit\u00a0: il pourra ainsi acc\u00e9der \u00e0 la v\u00e9lostation avec son propre t\u00e9l\u00e9phone mobile, en encadrant un code QR.<\/p><p>L\u2019acc\u00e8s est facile et rapide\u00a0: les sondages nous permettent de mettre \u00e0 jour et am\u00e9liorer continuellement notre application, en r\u00e9pondant aux r\u00e9elles exigences indiqu\u00e9es par les utilisateurs.<\/p>\t\t\t\t\t\t\t\t<\/div>\n\t\t\t\t<\/div>\n\t\t\t\t<\/div>\n\t\t<div class=\"elementor-element elementor-element-8df9d75 e-con-full e-flex e-con e-child\" data-id=\"8df9d75\" data-element_type=\"container\">\n\t\t\t\t<div class=\"elementor-element elementor-element-60d00a3 elementor-widget elementor-widget-image\" data-id=\"60d00a3\" data-element_type=\"widget\" data-widget_type=\"image.default\">\n\t\t\t\t<div class=\"elementor-widget-container\">\n\t\t\t\t\t\t\t\t\t\t\t\t\t\t\t<img loading=\"lazy\" decoding=\"async\" width=\"918\" height=\"2048\" src=\"https:\/\/weelo.it\/wp-content\/uploads\/2023\/10\/parkopendoor.jpeg\" class=\"attachment-full size-full wp-image-6998\" alt=\"\" srcset=\"https:\/\/weelo.it\/wp-content\/uploads\/2023\/10\/parkopendoor.jpeg 918w, https:\/\/weelo.it\/wp-content\/uploads\/2023\/10\/parkopendoor-134x300.jpeg 134w, https:\/\/weelo.it\/wp-content\/uploads\/2023\/10\/parkopendoor-459x1024.jpeg 459w, https:\/\/weelo.it\/wp-content\/uploads\/2023\/10\/parkopendoor-768x1713.jpeg 768w, https:\/\/weelo.it\/wp-content\/uploads\/2023\/10\/parkopendoor-689x1536.jpeg 689w\" sizes=\"(max-width: 918px) 100vw, 918px\" \/>\t\t\t\t\t\t\t\t\t\t\t\t\t\t\t<\/div>\n\t\t\t\t<\/div>\n\t\t\t\t<\/div>\n\t\t\t\t\t<\/div>\n\t\t\t\t<\/div>\n\t\t\t\t<\/div>\n\t\t","protected":false},"excerpt":{"rendered":"<p>Weelo HUB WEELO HUB est un abri v\u00e9lo s\u00e9curis\u00e9 de conception modulaire, con\u00e7u pour toute zone o\u00f9 il est important de trouver une place pour garer votre v\u00e9lo\u00a0: \u00e0 la gare des trains, par exemple, face \u00e0 une \u00e9cole ou aux alentours d\u2019une universit\u00e9. Weelo HUB permet de garer votre v\u00e9lo en toute s\u00e9curit\u00e9 gr\u00e2ce [&hellip;]<\/p>\n","protected":false},"author":2,"featured_media":0,"parent":10243,"menu_order":0,"comment_status":"closed","ping_status":"closed","template":"","meta":{"inline_featured_image":false,"_monsterinsights_skip_tracking":false,"_monsterinsights_sitenote_active":false,"_monsterinsights_sitenote_note":"","_monsterinsights_sitenote_category":0,"_uf_show_specific_survey":0,"_uf_disable_surveys":false,"footnotes":""},"categories":[],"class_list":["post-5499","page","type-page","status-publish","hentry"],"aioseo_notices":[],"_links":{"self":[{"href":"https:\/\/weelo.it\/fr\/wp-json\/wp\/v2\/pages\/5499","targetHints":{"allow":["GET"]}}],"collection":[{"href":"https:\/\/weelo.it\/fr\/wp-json\/wp\/v2\/pages"}],"about":[{"href":"https:\/\/weelo.it\/fr\/wp-json\/wp\/v2\/types\/page"}],"author":[{"embeddable":true,"href":"https:\/\/weelo.it\/fr\/wp-json\/wp\/v2\/users\/2"}],"replies":[{"embeddable":true,"href":"https:\/\/weelo.it\/fr\/wp-json\/wp\/v2\/comments?post=5499"}],"version-history":[{"count":14,"href":"https:\/\/weelo.it\/fr\/wp-json\/wp\/v2\/pages\/5499\/revisions"}],"predecessor-version":[{"id":12139,"href":"https:\/\/weelo.it\/fr\/wp-json\/wp\/v2\/pages\/5499\/revisions\/12139"}],"up":[{"embeddable":true,"href":"https:\/\/weelo.it\/fr\/wp-json\/wp\/v2\/pages\/10243"}],"wp:attachment":[{"href":"https:\/\/weelo.it\/fr\/wp-json\/wp\/v2\/media?parent=5499"}],"wp:term":[{"taxonomy":"category","embeddable":true,"href":"https:\/\/weelo.it\/fr\/wp-json\/wp\/v2\/categories?post=5499"}],"curies":[{"name":"wp","href":"https:\/\/api.w.org\/{rel}","templated":true}]}}