{"id":5497,"date":"2022-07-01T08:37:25","date_gmt":"2022-07-01T08:37:25","guid":{"rendered":"https:\/\/weelo.it\/weelo-box\/"},"modified":"2024-09-27T12:13:33","modified_gmt":"2024-09-27T12:13:33","slug":"weelo-box","status":"publish","type":"page","link":"https:\/\/weelo.it\/fr\/solutions\/bike-parking\/weelo-box\/","title":{"rendered":"Weelo BOX"},"content":{"rendered":"\t\t<div data-elementor-type=\"wp-page\" data-elementor-id=\"5497\" class=\"elementor elementor-5497 elementor-4951\" data-elementor-post-type=\"page\">\n\t\t\t\t<div class=\"elementor-element elementor-element-7878339 e-flex e-con-boxed e-con e-parent\" data-id=\"7878339\" data-element_type=\"container\">\n\t\t\t\t\t<div class=\"e-con-inner\">\n\t\t<div class=\"elementor-element elementor-element-3028393 e-con-full e-flex e-con e-child\" data-id=\"3028393\" data-element_type=\"container\">\n\t\t\t\t<div class=\"elementor-element elementor-element-8ee764e elementor-widget elementor-widget-heading\" data-id=\"8ee764e\" data-element_type=\"widget\" data-widget_type=\"heading.default\">\n\t\t\t\t<div class=\"elementor-widget-container\">\n\t\t\t\t\t<h2 class=\"elementor-heading-title elementor-size-default\">Weelo BOX<\/h2>\t\t\t\t<\/div>\n\t\t\t\t<\/div>\n\t\t\t\t<div class=\"elementor-element elementor-element-b872c9e elementor-widget elementor-widget-text-editor\" data-id=\"b872c9e\" data-element_type=\"widget\" data-widget_type=\"text-editor.default\">\n\t\t\t\t<div class=\"elementor-widget-container\">\n\t\t\t\t\t\t\t\t\t<p><strong>Weelo BOX<\/strong> est la solution con\u00e7ue pour la cr\u00e9ation d\u2019un r\u00e9seau d\u2019abris s\u00e9curis\u00e9s pour vos v\u00e9los.<\/p><p>Avec son design moderne et innovant, <strong>Weelo BOX<\/strong> est facilement installable dans tout espace libre dans les rues de votre ville, il n\u2019apas besoin de connexion \u00e9lectrique, et, dans le m\u00eame espace de stationnement d\u2019une seule voiture, Weelo BOX peutloger jusqu\u2019\u00e0 8 v\u00e9los !<\/p>\t\t\t\t\t\t\t\t<\/div>\n\t\t\t\t<\/div>\n\t\t\t\t<\/div>\n\t\t<div class=\"elementor-element elementor-element-9947ab3 e-con-full e-flex e-con e-child\" data-id=\"9947ab3\" data-element_type=\"container\">\n\t\t\t\t<div class=\"elementor-element elementor-element-f4dd059 elementor-widget elementor-widget-video\" data-id=\"f4dd059\" data-element_type=\"widget\" data-settings=\"{&quot;youtube_url&quot;:&quot;https:\\\/\\\/www.youtube.com\\\/watch?v=ceiwQlXENzQ&quot;,&quot;autoplay&quot;:&quot;yes&quot;,&quot;play_on_mobile&quot;:&quot;yes&quot;,&quot;video_type&quot;:&quot;youtube&quot;}\" data-widget_type=\"video.default\">\n\t\t\t\t<div class=\"elementor-widget-container\">\n\t\t\t\t\t\t\t<div class=\"elementor-wrapper elementor-open-inline\">\n\t\t\t<div class=\"elementor-video\"><\/div>\t\t<\/div>\n\t\t\t\t\t\t<\/div>\n\t\t\t\t<\/div>\n\t\t\t\t<\/div>\n\t\t\t\t\t<\/div>\n\t\t\t\t<\/div>\n\t\t<div class=\"elementor-element elementor-element-cc5de7b e-flex e-con-boxed e-con e-parent\" data-id=\"cc5de7b\" data-element_type=\"container\" data-settings=\"{&quot;background_background&quot;:&quot;classic&quot;}\">\n\t\t\t\t\t<div class=\"e-con-inner\">\n\t\t\t\t<div class=\"elementor-element elementor-element-08c72f1 elementor-widget elementor-widget-heading\" data-id=\"08c72f1\" data-element_type=\"widget\" data-widget_type=\"heading.default\">\n\t\t\t\t<div class=\"elementor-widget-container\">\n\t\t\t\t\t<h2 class=\"elementor-heading-title elementor-size-default\">Donn\u00e9es techniques<\/h2>\t\t\t\t<\/div>\n\t\t\t\t<\/div>\n\t\t\t\t<div class=\"elementor-element elementor-element-3fbda54 servziTable elementor-widget elementor-widget-text-editor\" data-id=\"3fbda54\" data-element_type=\"widget\" data-widget_type=\"text-editor.default\">\n\t\t\t\t<div class=\"elementor-widget-container\">\n\t\t\t\t\t\t\t\t\t<table><tbody><tr><td><span style=\"font-weight: bolder;\">Encombrement<\/span><\/td><td>8 posti &#8211; CM 497 X201 (circa un posto auto)<\/td><\/tr><tr><td><strong>Positionnement<\/strong><\/td><td>in ogni via o piazza, in modo capillare in citt\u00e0<\/td><\/tr><tr><td><strong>Quantit\u00e9 de v\u00e9los<\/strong><\/td><td>8, 12, 16, 20<\/td><\/tr><tr><td><strong>\u00c9quipements<\/strong><\/td><td>Cam\u00e9ras de surveillance, borne de r\u00e9paration v\u00e9lo, capteurs pour mesurer la qualit\u00e9 de l\u2019air, \u00e9cran digital<\/td><\/tr><tr><td><strong>Personnalisation<\/strong><\/td><td>couleurs personnalisables<\/td><\/tr><\/tbody><\/table>\t\t\t\t\t\t\t\t<\/div>\n\t\t\t\t<\/div>\n\t\t\t\t\t<\/div>\n\t\t\t\t<\/div>\n\t\t<div class=\"elementor-element elementor-element-d90b407 e-flex e-con-boxed e-con e-parent\" data-id=\"d90b407\" data-element_type=\"container\">\n\t\t\t\t\t<div class=\"e-con-inner\">\n\t\t<div class=\"elementor-element elementor-element-743e9ef e-con-full e-flex e-con e-child\" data-id=\"743e9ef\" data-element_type=\"container\">\n\t\t\t\t<div class=\"elementor-element elementor-element-5d030c3 elementor-widget elementor-widget-image\" data-id=\"5d030c3\" data-element_type=\"widget\" data-widget_type=\"image.default\">\n\t\t\t\t<div class=\"elementor-widget-container\">\n\t\t\t\t\t\t\t\t\t\t\t\t\t\t\t<img fetchpriority=\"high\" decoding=\"async\" width=\"1920\" height=\"1079\" src=\"https:\/\/weelo.it\/wp-content\/uploads\/2023\/11\/1.jpg\" class=\"attachment-full size-full wp-image-7077\" alt=\"\" srcset=\"https:\/\/weelo.it\/wp-content\/uploads\/2023\/11\/1.jpg 1920w, https:\/\/weelo.it\/wp-content\/uploads\/2023\/11\/1-300x169.jpg 300w, https:\/\/weelo.it\/wp-content\/uploads\/2023\/11\/1-1024x575.jpg 1024w, https:\/\/weelo.it\/wp-content\/uploads\/2023\/11\/1-768x432.jpg 768w, https:\/\/weelo.it\/wp-content\/uploads\/2023\/11\/1-1536x863.jpg 1536w\" sizes=\"(max-width: 1920px) 100vw, 1920px\" \/>\t\t\t\t\t\t\t\t\t\t\t\t\t\t\t<\/div>\n\t\t\t\t<\/div>\n\t\t\t\t<\/div>\n\t\t<div class=\"elementor-element elementor-element-6a03a00 e-con-full e-flex e-con e-child\" data-id=\"6a03a00\" data-element_type=\"container\">\n\t\t\t\t<div class=\"elementor-element elementor-element-22b1919 elementor-widget elementor-widget-heading\" data-id=\"22b1919\" data-element_type=\"widget\" data-widget_type=\"heading.default\">\n\t\t\t\t<div class=\"elementor-widget-container\">\n\t\t\t\t\t<h2 class=\"elementor-heading-title elementor-size-default\">Int\u00e9rieur<\/h2>\t\t\t\t<\/div>\n\t\t\t\t<\/div>\n\t\t\t\t<div class=\"elementor-element elementor-element-bb12c99 elementor-widget elementor-widget-text-editor\" data-id=\"bb12c99\" data-element_type=\"widget\" data-widget_type=\"text-editor.default\">\n\t\t\t\t<div class=\"elementor-widget-container\">\n\t\t\t\t\t\t\t\t\t<p>L\u2019int\u00e9rieur du box est \u00e9quip\u00e9 d\u2019une accroche pour y d\u00e9poser le casque, le harnais ou tout objet personnel.<\/p><p>Il peut \u00eatre personnalis\u00e9 sur une des parois, avec les indications utiles et les r\u00e8gles pour le stationnement du v\u00e9lo.<\/p><p>Une lumi\u00e8re \u00e0 LED s\u2019allume \u00e0 l\u2019ouverture de la porte, en \u00e9clairant tout le box : cette lumi\u00e8re, en modalit\u00e9 de faible intensit\u00e9, peut rester allum\u00e9e m\u00eame suite \u00e0 la fermeture de la porte, pour pouvoir diff\u00e9rencier facilement les box occup\u00e9s et ceux qui sont encore libres.<\/p>\t\t\t\t\t\t\t\t<\/div>\n\t\t\t\t<\/div>\n\t\t\t\t<\/div>\n\t\t\t\t\t<\/div>\n\t\t\t\t<\/div>\n\t\t<div class=\"elementor-element elementor-element-6920c41 e-flex e-con-boxed e-con e-parent\" data-id=\"6920c41\" data-element_type=\"container\">\n\t\t\t\t\t<div class=\"e-con-inner\">\n\t\t<div class=\"elementor-element elementor-element-e14a9d3 e-con-full e-flex e-con e-child\" data-id=\"e14a9d3\" data-element_type=\"container\">\n\t\t\t\t<div class=\"elementor-element elementor-element-6e1f4ed elementor-widget elementor-widget-heading\" data-id=\"6e1f4ed\" data-element_type=\"widget\" data-widget_type=\"heading.default\">\n\t\t\t\t<div class=\"elementor-widget-container\">\n\t\t\t\t\t<h2 class=\"elementor-heading-title elementor-size-default\">Modularit\u00e9<\/h2>\t\t\t\t<\/div>\n\t\t\t\t<\/div>\n\t\t\t\t<div class=\"elementor-element elementor-element-e995ba0 elementor-widget elementor-widget-text-editor\" data-id=\"e995ba0\" data-element_type=\"widget\" data-widget_type=\"text-editor.default\">\n\t\t\t\t<div class=\"elementor-widget-container\">\n\t\t\t\t\t\t\t\t\t<p><strong>Weelo BOX<\/strong> est con\u00e7u pour \u00eatre polyvalent et modulaire : de nouvelles places de stationnement peuvent \u00eatre rajout\u00e9es horizontalement ou bien les box peuvent \u00eatre empil\u00e9s les un sur les autres, sur deux \u00e9tages.<\/p><p>Cette modularit\u00e9 de construction permet d\u2019augmenter ou diminuer la quantit\u00e9 de box en s\u2019adaptant \u00e0 la r\u00e9elle demande et en garantissant une grande flexibilit\u00e9.<\/p>\t\t\t\t\t\t\t\t<\/div>\n\t\t\t\t<\/div>\n\t\t\t\t<\/div>\n\t\t<div class=\"elementor-element elementor-element-eb1370a e-con-full e-flex e-con e-child\" data-id=\"eb1370a\" data-element_type=\"container\">\n\t\t\t\t<div class=\"elementor-element elementor-element-0767de0 elementor-widget elementor-widget-image\" data-id=\"0767de0\" data-element_type=\"widget\" data-widget_type=\"image.default\">\n\t\t\t\t<div class=\"elementor-widget-container\">\n\t\t\t\t\t\t\t\t\t\t\t\t\t\t\t<img decoding=\"async\" width=\"1920\" height=\"1079\" src=\"https:\/\/weelo.it\/wp-content\/uploads\/2023\/11\/4.jpg\" class=\"attachment-full size-full wp-image-7086\" alt=\"\" srcset=\"https:\/\/weelo.it\/wp-content\/uploads\/2023\/11\/4.jpg 1920w, https:\/\/weelo.it\/wp-content\/uploads\/2023\/11\/4-300x169.jpg 300w, https:\/\/weelo.it\/wp-content\/uploads\/2023\/11\/4-1024x575.jpg 1024w, https:\/\/weelo.it\/wp-content\/uploads\/2023\/11\/4-768x432.jpg 768w, https:\/\/weelo.it\/wp-content\/uploads\/2023\/11\/4-1536x863.jpg 1536w\" sizes=\"(max-width: 1920px) 100vw, 1920px\" \/>\t\t\t\t\t\t\t\t\t\t\t\t\t\t\t<\/div>\n\t\t\t\t<\/div>\n\t\t\t\t<\/div>\n\t\t\t\t\t<\/div>\n\t\t\t\t<\/div>\n\t\t<div class=\"elementor-element elementor-element-c96530e e-flex e-con-boxed e-con e-parent\" data-id=\"c96530e\" data-element_type=\"container\">\n\t\t\t\t\t<div class=\"e-con-inner\">\n\t\t<div class=\"elementor-element elementor-element-bcd17c9 e-con-full e-flex e-con e-child\" data-id=\"bcd17c9\" data-element_type=\"container\">\n\t\t\t\t<div class=\"elementor-element elementor-element-878bfe8 elementor-widget elementor-widget-image\" data-id=\"878bfe8\" data-element_type=\"widget\" data-widget_type=\"image.default\">\n\t\t\t\t<div class=\"elementor-widget-container\">\n\t\t\t\t\t\t\t\t\t\t\t\t\t\t\t<img decoding=\"async\" width=\"1920\" height=\"1079\" src=\"https:\/\/weelo.it\/wp-content\/uploads\/2023\/11\/3.jpg\" class=\"attachment-full size-full wp-image-7083\" alt=\"\" srcset=\"https:\/\/weelo.it\/wp-content\/uploads\/2023\/11\/3.jpg 1920w, https:\/\/weelo.it\/wp-content\/uploads\/2023\/11\/3-300x169.jpg 300w, https:\/\/weelo.it\/wp-content\/uploads\/2023\/11\/3-1024x575.jpg 1024w, https:\/\/weelo.it\/wp-content\/uploads\/2023\/11\/3-768x432.jpg 768w, https:\/\/weelo.it\/wp-content\/uploads\/2023\/11\/3-1536x863.jpg 1536w\" sizes=\"(max-width: 1920px) 100vw, 1920px\" \/>\t\t\t\t\t\t\t\t\t\t\t\t\t\t\t<\/div>\n\t\t\t\t<\/div>\n\t\t\t\t<\/div>\n\t\t<div class=\"elementor-element elementor-element-5acef3d e-con-full e-flex e-con e-child\" data-id=\"5acef3d\" data-element_type=\"container\">\n\t\t\t\t<div class=\"elementor-element elementor-element-3883b40 elementor-widget elementor-widget-heading\" data-id=\"3883b40\" data-element_type=\"widget\" data-widget_type=\"heading.default\">\n\t\t\t\t<div class=\"elementor-widget-container\">\n\t\t\t\t\t<h2 class=\"elementor-heading-title elementor-size-default\">Mat\u00e9riaux<\/h2>\t\t\t\t<\/div>\n\t\t\t\t<\/div>\n\t\t\t\t<div class=\"elementor-element elementor-element-ef15315 elementor-widget elementor-widget-text-editor\" data-id=\"ef15315\" data-element_type=\"widget\" data-widget_type=\"text-editor.default\">\n\t\t\t\t<div class=\"elementor-widget-container\">\n\t\t\t\t\t\t\t\t\t<div class=\"p-pdf_iframe__page\" aria-label=\"Pagina 1\" data-page-number=\"1\">Notre abri v\u00e9lo est compl\u00e8tement r\u00e9alis\u00e9 en t\u00f4le d\u2019acier galvanis\u00e9, successivement peinte, d\u2019une \u00e9paisseur variable, pli\u00e9e sous pression et d\u00e9coup\u00e9e \u00e0 la juste dimension.<br \/><br \/>L\u2019abri est compos\u00e9 d\u2019une structure porteuse qui permet l\u2019assemblage de plusieurs modules par des boulons de connexion en acier inox.<br \/><br \/><\/div><div class=\"p-pdf_iframe__page\" aria-label=\"Pagina 1\" data-page-number=\"1\">Les parois de division sont \u00e9galement en t\u00f4le d\u2019acier galvanis\u00e9 et peinte, elles sont fix\u00e9es \u00e0 la structure porteuse par des vis.<br \/><br \/><\/div><div class=\"p-pdf_iframe__page\" aria-label=\"Pagina 1\" data-page-number=\"1\">La porte d\u2019acc\u00e8s, \u00e9l\u00e9ment clou du design Weelo, est compos\u00e9e par une structure porteuse en t\u00f4le d\u2019acier galvanis\u00e9, peinte et pli\u00e9e sous pression, et par des parois de rev\u00eatement compos\u00e9es par l\u2019empilage d\u2019une t\u00f4le lisse et d\u2019une t\u00f4le pr\u00e9-perfor\u00e9e: cela garantit le renouvellement d\u2019air et la possibilit\u00e9 de v\u00e9rifier l\u2019int\u00e9rieur du box.<\/div><div class=\"p-pdf_iframe__page\" aria-label=\"Pagina 1\" data-page-number=\"1\">\u00a0<\/div><div class=\"p-pdf_iframe__page\" aria-label=\"Pagina 1\" data-page-number=\"1\">La porte du box individuel a \u00e9t\u00e9 con\u00e7ue pour garantir le maximum de protection contre les \u00e9ventuels vols: les jonctions et la serrure \u00e9lectrom\u00e9canique ne sont pas accessibles et sont positionn\u00e9es l\u00e0 o\u00f9 elles peuvent garantir le maximum de s\u00e9curit\u00e9, tout en pr\u00e9servant un design \u00e9l\u00e9gant et innovant.<\/div>\t\t\t\t\t\t\t\t<\/div>\n\t\t\t\t<\/div>\n\t\t\t\t<\/div>\n\t\t\t\t\t<\/div>\n\t\t\t\t<\/div>\n\t\t<div class=\"elementor-element elementor-element-acc10c4 e-flex e-con-boxed e-con e-parent\" data-id=\"acc10c4\" data-element_type=\"container\">\n\t\t\t\t\t<div class=\"e-con-inner\">\n\t\t<div class=\"elementor-element elementor-element-6e041b8 e-con-full e-flex e-con e-child\" data-id=\"6e041b8\" data-element_type=\"container\">\n\t\t\t\t<div class=\"elementor-element elementor-element-79efc8f elementor-widget elementor-widget-heading\" data-id=\"79efc8f\" data-element_type=\"widget\" data-widget_type=\"heading.default\">\n\t\t\t\t<div class=\"elementor-widget-container\">\n\t\t\t\t\t<h2 class=\"elementor-heading-title elementor-size-default\">Style et personnalisation<\/h2>\t\t\t\t<\/div>\n\t\t\t\t<\/div>\n\t\t\t\t<div class=\"elementor-element elementor-element-4f4e938 elementor-widget elementor-widget-text-editor\" data-id=\"4f4e938\" data-element_type=\"widget\" data-widget_type=\"text-editor.default\">\n\t\t\t\t<div class=\"elementor-widget-container\">\n\t\t\t\t\t\t\t\t\t<p><strong>Weelo BOX<\/strong> se caract\u00e9rise par des bandes obliques, un signe qui se r\u00e9f\u00e8re \u00e0 l\u2019espace publique: les passages pi\u00e9tons, les rubans de signalisation pour chantiers : un \u00e9l\u00e9ment qui nous appartient et qui devient, pour Weelo, sa caract\u00e9risation.<\/p><p>L\u2019alternance de plein et de vide en est le trait distinctif: le vide n\u2019est qu\u2019une t\u00f4le pr\u00e9-perfor\u00e9e pour garantir le renouvellement d\u2019air et maintenir sec l\u2019espace de stationnement du v\u00e9lo; le vide permet \u00e9galement de laisser passer la lumi\u00e8re \u00e0 faible intensit\u00e9 provenant de l\u2019int\u00e9rieur du box.<\/p><p><strong>Weelo BOX<\/strong> peut \u00eatre personnalis\u00e9 selon les exigences de la ville et de la zone o\u00f9 on l\u2019installe, cela permet de le rendre unique, en utilisant 7 couleurs de base disponibles: l\u2019abri pourra avoir une seule couleur, ou deux, ou des combinaisons de couleurs diff\u00e9rentes.<\/p><p>L\u2019harmonisation avec l\u2019espace publique est importante: le respect de l\u2019espace urbain passe aussi par le caract\u00e8re fonctionnel des interventions et par les infrastructures cyclables dans la ville.<\/p>\t\t\t\t\t\t\t\t<\/div>\n\t\t\t\t<\/div>\n\t\t\t\t<\/div>\n\t\t<div class=\"elementor-element elementor-element-5860274 e-con-full e-flex e-con e-child\" data-id=\"5860274\" data-element_type=\"container\">\n\t\t\t\t<div class=\"elementor-element elementor-element-d17cecb elementor-widget elementor-widget-image\" data-id=\"d17cecb\" data-element_type=\"widget\" data-widget_type=\"image.default\">\n\t\t\t\t<div class=\"elementor-widget-container\">\n\t\t\t\t\t\t\t\t\t\t\t\t\t\t\t<img loading=\"lazy\" decoding=\"async\" width=\"571\" height=\"336\" src=\"https:\/\/weelo.it\/wp-content\/uploads\/2022\/07\/weelo-box-stile-personalizzazione.jpg\" class=\"attachment-full size-full wp-image-4974\" alt=\"\" srcset=\"https:\/\/weelo.it\/wp-content\/uploads\/2022\/07\/weelo-box-stile-personalizzazione.jpg 571w, https:\/\/weelo.it\/wp-content\/uploads\/2022\/07\/weelo-box-stile-personalizzazione-300x177.jpg 300w\" sizes=\"(max-width: 571px) 100vw, 571px\" \/>\t\t\t\t\t\t\t\t\t\t\t\t\t\t\t<\/div>\n\t\t\t\t<\/div>\n\t\t\t\t<\/div>\n\t\t\t\t\t<\/div>\n\t\t\t\t<\/div>\n\t\t<div class=\"elementor-element elementor-element-1974e62 e-flex e-con-boxed e-con e-parent\" data-id=\"1974e62\" data-element_type=\"container\">\n\t\t\t\t\t<div class=\"e-con-inner\">\n\t\t<div class=\"elementor-element elementor-element-1ef5b85 e-con-full e-flex e-con e-child\" data-id=\"1ef5b85\" data-element_type=\"container\">\n\t\t\t\t<div class=\"elementor-element elementor-element-f1d299a elementor-widget elementor-widget-image\" data-id=\"f1d299a\" data-element_type=\"widget\" data-widget_type=\"image.default\">\n\t\t\t\t<div class=\"elementor-widget-container\">\n\t\t\t\t\t\t\t\t\t\t\t\t\t\t\t<img loading=\"lazy\" decoding=\"async\" width=\"1920\" height=\"1079\" src=\"https:\/\/weelo.it\/wp-content\/uploads\/2023\/11\/5.jpg\" class=\"attachment-full size-full wp-image-7096\" alt=\"\" srcset=\"https:\/\/weelo.it\/wp-content\/uploads\/2023\/11\/5.jpg 1920w, https:\/\/weelo.it\/wp-content\/uploads\/2023\/11\/5-300x169.jpg 300w, https:\/\/weelo.it\/wp-content\/uploads\/2023\/11\/5-1024x575.jpg 1024w, https:\/\/weelo.it\/wp-content\/uploads\/2023\/11\/5-768x432.jpg 768w, https:\/\/weelo.it\/wp-content\/uploads\/2023\/11\/5-1536x863.jpg 1536w\" sizes=\"(max-width: 1920px) 100vw, 1920px\" \/>\t\t\t\t\t\t\t\t\t\t\t\t\t\t\t<\/div>\n\t\t\t\t<\/div>\n\t\t\t\t<\/div>\n\t\t<div class=\"elementor-element elementor-element-a247787 e-con-full e-flex e-con e-child\" data-id=\"a247787\" data-element_type=\"container\">\n\t\t\t\t<div class=\"elementor-element elementor-element-c525600 elementor-widget elementor-widget-heading\" data-id=\"c525600\" data-element_type=\"widget\" data-widget_type=\"heading.default\">\n\t\t\t\t<div class=\"elementor-widget-container\">\n\t\t\t\t\t<h2 class=\"elementor-heading-title elementor-size-default\">S\u00e9curit\u00e9<\/h2>\t\t\t\t<\/div>\n\t\t\t\t<\/div>\n\t\t\t\t<div class=\"elementor-element elementor-element-5edc437 elementor-widget elementor-widget-text-editor\" data-id=\"5edc437\" data-element_type=\"widget\" data-widget_type=\"text-editor.default\">\n\t\t\t\t<div class=\"elementor-widget-container\">\n\t\t\t\t\t\t\t\t\t<p><strong>Weelo BOX<\/strong> est la solution optimale pour garantir une protection totale des v\u00e9los contre les intemp\u00e9ries, le vol et le vandalisme.<\/p><p>Sa structure a \u00e9t\u00e9 con\u00e7ue pour une s\u00e9curisation optimale: gr\u00e2ce \u00e0 l\u2019\u00e9paisseur des mat\u00e9riaux utilis\u00e9s, \u00e0 la protection de toute jonction, des charni\u00e8res et des portes, <strong>Weelo BOX<\/strong> est l\u2019endroit le plus s\u00fbr o\u00f9 garer votre v\u00e9lo en ville.<\/p><p>Le contr\u00f4le de l\u2019acc\u00e8s par le logiciel permet uniquement au propri\u00e9taire du v\u00e9lo, apr\u00e8s enregistrement et paiement de son abonnement, d\u2019acc\u00e9der \u00e0 sa place de stationnement.<\/p>\t\t\t\t\t\t\t\t<\/div>\n\t\t\t\t<\/div>\n\t\t\t\t<\/div>\n\t\t\t\t\t<\/div>\n\t\t\t\t<\/div>\n\t\t<div class=\"elementor-element elementor-element-98a0a30 e-flex e-con-boxed e-con e-parent\" data-id=\"98a0a30\" data-element_type=\"container\">\n\t\t\t\t\t<div class=\"e-con-inner\">\n\t\t<div class=\"elementor-element elementor-element-6e85ab1 e-con-full e-flex e-con e-child\" data-id=\"6e85ab1\" data-element_type=\"container\">\n\t\t\t\t<div class=\"elementor-element elementor-element-54614f7 elementor-widget elementor-widget-heading\" data-id=\"54614f7\" data-element_type=\"widget\" data-widget_type=\"heading.default\">\n\t\t\t\t<div class=\"elementor-widget-container\">\n\t\t\t\t\t<h2 class=\"elementor-heading-title elementor-size-default\">Application Weelo<\/h2>\t\t\t\t<\/div>\n\t\t\t\t<\/div>\n\t\t\t\t<div class=\"elementor-element elementor-element-152c20b elementor-widget elementor-widget-text-editor\" data-id=\"152c20b\" data-element_type=\"widget\" data-widget_type=\"text-editor.default\">\n\t\t\t\t<div class=\"elementor-widget-container\">\n\t\t\t\t\t\t\t\t\t<p>L\u2019application permet aux utilisateurs de s\u2019enregistrer et utiliser le r\u00e9seau WEELO avec le t\u00e9l\u00e9phone mobile.<\/p><p>Les abonnements disponibles peuvent \u00eatre achet\u00e9s avec carte de cr\u00e9dit ou d\u00e9bit et par les principaux syst\u00e8mes de paiement en ligne.<\/p><p>Avec une seule touche sur l\u2019application WEELO, on peut r\u00e9server une des places disponibles pour le stationnement du v\u00e9lo.<\/p><p>Gr\u00e2ce \u00e0 l\u2019application WEELO les places de stationnement sont disponibles 24h\/24, sans la n\u00e9cessit\u00e9 de personnel : en cas d\u2019urgence, les utilisateurs peuvent contacter notre service clients, de support pour toute demande d\u2019assistance.<\/p>\t\t\t\t\t\t\t\t<\/div>\n\t\t\t\t<\/div>\n\t\t\t\t<\/div>\n\t\t<div class=\"elementor-element elementor-element-7aabd44 e-con-full e-flex e-con e-child\" data-id=\"7aabd44\" data-element_type=\"container\">\n\t\t\t\t<div class=\"elementor-element elementor-element-0094da3 elementor-widget elementor-widget-image\" data-id=\"0094da3\" data-element_type=\"widget\" data-widget_type=\"image.default\">\n\t\t\t\t<div class=\"elementor-widget-container\">\n\t\t\t\t\t\t\t\t\t\t\t\t\t\t\t<img loading=\"lazy\" decoding=\"async\" width=\"1080\" height=\"1080\" src=\"https:\/\/weelo.it\/wp-content\/uploads\/2023\/07\/screen-park.png\" class=\"attachment-full size-full wp-image-6103\" alt=\"\" srcset=\"https:\/\/weelo.it\/wp-content\/uploads\/2023\/07\/screen-park.png 1080w, https:\/\/weelo.it\/wp-content\/uploads\/2023\/07\/screen-park-300x300.png 300w, https:\/\/weelo.it\/wp-content\/uploads\/2023\/07\/screen-park-1024x1024.png 1024w, https:\/\/weelo.it\/wp-content\/uploads\/2023\/07\/screen-park-150x150.png 150w, https:\/\/weelo.it\/wp-content\/uploads\/2023\/07\/screen-park-768x768.png 768w\" sizes=\"(max-width: 1080px) 100vw, 1080px\" \/>\t\t\t\t\t\t\t\t\t\t\t\t\t\t\t<\/div>\n\t\t\t\t<\/div>\n\t\t\t\t<\/div>\n\t\t\t\t\t<\/div>\n\t\t\t\t<\/div>\n\t\t\t\t<\/div>\n\t\t","protected":false},"excerpt":{"rendered":"<p>Weelo BOX Weelo BOX est la solution con\u00e7ue pour la cr\u00e9ation d\u2019un r\u00e9seau d\u2019abris s\u00e9curis\u00e9s pour vos v\u00e9los. Avec son design moderne et innovant, Weelo BOX est facilement installable dans tout espace libre dans les rues de votre ville, il n\u2019apas besoin de connexion \u00e9lectrique, et, dans le m\u00eame espace de stationnement d\u2019une seule voiture, [&hellip;]<\/p>\n","protected":false},"author":2,"featured_media":0,"parent":10243,"menu_order":0,"comment_status":"closed","ping_status":"closed","template":"","meta":{"inline_featured_image":false,"_monsterinsights_skip_tracking":false,"_monsterinsights_sitenote_active":false,"_monsterinsights_sitenote_note":"","_monsterinsights_sitenote_category":0,"_uf_show_specific_survey":0,"_uf_disable_surveys":false,"footnotes":""},"categories":[],"class_list":["post-5497","page","type-page","status-publish","hentry"],"aioseo_notices":[],"_links":{"self":[{"href":"https:\/\/weelo.it\/fr\/wp-json\/wp\/v2\/pages\/5497","targetHints":{"allow":["GET"]}}],"collection":[{"href":"https:\/\/weelo.it\/fr\/wp-json\/wp\/v2\/pages"}],"about":[{"href":"https:\/\/weelo.it\/fr\/wp-json\/wp\/v2\/types\/page"}],"author":[{"embeddable":true,"href":"https:\/\/weelo.it\/fr\/wp-json\/wp\/v2\/users\/2"}],"replies":[{"embeddable":true,"href":"https:\/\/weelo.it\/fr\/wp-json\/wp\/v2\/comments?post=5497"}],"version-history":[{"count":16,"href":"https:\/\/weelo.it\/fr\/wp-json\/wp\/v2\/pages\/5497\/revisions"}],"predecessor-version":[{"id":12157,"href":"https:\/\/weelo.it\/fr\/wp-json\/wp\/v2\/pages\/5497\/revisions\/12157"}],"up":[{"embeddable":true,"href":"https:\/\/weelo.it\/fr\/wp-json\/wp\/v2\/pages\/10243"}],"wp:attachment":[{"href":"https:\/\/weelo.it\/fr\/wp-json\/wp\/v2\/media?parent=5497"}],"wp:term":[{"taxonomy":"category","embeddable":true,"href":"https:\/\/weelo.it\/fr\/wp-json\/wp\/v2\/categories?post=5497"}],"curies":[{"name":"wp","href":"https:\/\/api.w.org\/{rel}","templated":true}]}}