{"id":4923,"date":"2022-03-10T13:21:34","date_gmt":"2022-03-10T13:21:34","guid":{"rendered":"https:\/\/weelo.it\/notre-histoire\/"},"modified":"2022-04-29T13:41:02","modified_gmt":"2022-04-29T13:41:02","slug":"notre-histoire","status":"publish","type":"page","link":"https:\/\/weelo.it\/fr\/notre-histoire\/","title":{"rendered":"Notre histoire"},"content":{"rendered":"\t\t<div data-elementor-type=\"wp-page\" data-elementor-id=\"4923\" class=\"elementor elementor-4923\" data-elementor-post-type=\"page\">\n\t\t\t\t\t\t<section class=\"elementor-section elementor-top-section elementor-element elementor-element-f1791ba elementor-section-full_width elementor-section-height-default elementor-section-height-default\" data-id=\"f1791ba\" data-element_type=\"section\">\n\t\t\t\t\t\t<div class=\"elementor-container elementor-column-gap-default\">\n\t\t\t\t\t<div class=\"elementor-column elementor-col-100 elementor-top-column elementor-element elementor-element-ce2bc36\" data-id=\"ce2bc36\" data-element_type=\"column\">\n\t\t\t<div class=\"elementor-widget-wrap elementor-element-populated\">\n\t\t\t\t\t\t<div class=\"elementor-element elementor-element-2e35088 elementor-widget elementor-widget-heading\" data-id=\"2e35088\" data-element_type=\"widget\" data-widget_type=\"heading.default\">\n\t\t\t\t<div class=\"elementor-widget-container\">\n\t\t\t\t\t<h1 class=\"elementor-heading-title elementor-size-default\">Notre histoire<\/h1>\t\t\t\t<\/div>\n\t\t\t\t<\/div>\n\t\t\t\t<div class=\"elementor-element elementor-element-b307c3c elementor-widget elementor-widget-text-editor\" data-id=\"b307c3c\" data-element_type=\"widget\" data-widget_type=\"text-editor.default\">\n\t\t\t\t<div class=\"elementor-widget-container\">\n\t\t\t\t\t\t\t\t\tWeelo est un projet de BIC | Bicincitt\u00e0 S.r.l., une soci\u00e9t\u00e9 qui s\u2019occupe de concevoir, r\u00e9aliser et exploiter des projets de mobilit\u00e9 durable. D\u00e9couvrez nos projets cyclables pour votre ville!\t\t\t\t\t\t\t\t<\/div>\n\t\t\t\t<\/div>\n\t\t\t\t\t<\/div>\n\t\t<\/div>\n\t\t\t\t\t<\/div>\n\t\t<\/section>\n\t\t\t\t<section class=\"elementor-section elementor-top-section elementor-element elementor-element-8836d32 elementor-section-full_width elementor-section-stretched elementor-section-height-default elementor-section-height-default\" data-id=\"8836d32\" data-element_type=\"section\" data-settings=\"{&quot;stretch_section&quot;:&quot;section-stretched&quot;}\">\n\t\t\t\t\t\t<div class=\"elementor-container elementor-column-gap-no\">\n\t\t\t\t\t<div class=\"elementor-column elementor-col-50 elementor-top-column elementor-element elementor-element-21afc62 column-min-height\" data-id=\"21afc62\" data-element_type=\"column\" data-settings=\"{&quot;background_background&quot;:&quot;classic&quot;}\">\n\t\t\t<div class=\"elementor-widget-wrap\">\n\t\t\t\t\t\t\t<\/div>\n\t\t<\/div>\n\t\t\t\t<div class=\"elementor-column elementor-col-50 elementor-top-column elementor-element elementor-element-07e1106\" data-id=\"07e1106\" data-element_type=\"column\" data-settings=\"{&quot;background_background&quot;:&quot;classic&quot;}\">\n\t\t\t<div class=\"elementor-widget-wrap elementor-element-populated\">\n\t\t\t\t\t\t<section class=\"elementor-section elementor-inner-section elementor-element elementor-element-dd023e6 elementor-section-boxed elementor-section-height-default elementor-section-height-default\" data-id=\"dd023e6\" data-element_type=\"section\">\n\t\t\t\t\t\t<div class=\"elementor-container elementor-column-gap-default\">\n\t\t\t\t\t<div class=\"elementor-column elementor-col-100 elementor-inner-column elementor-element elementor-element-57fbde3\" data-id=\"57fbde3\" data-element_type=\"column\">\n\t\t\t<div class=\"elementor-widget-wrap elementor-element-populated\">\n\t\t\t\t\t\t<div class=\"elementor-element elementor-element-3d54c95 elementor-widget elementor-widget-heading\" data-id=\"3d54c95\" data-element_type=\"widget\" data-widget_type=\"heading.default\">\n\t\t\t\t<div class=\"elementor-widget-container\">\n\t\t\t\t\t<h2 class=\"elementor-heading-title elementor-size-default\">Weelo commence par We.<\/h2>\t\t\t\t<\/div>\n\t\t\t\t<\/div>\n\t\t\t\t\t<\/div>\n\t\t<\/div>\n\t\t\t\t\t<\/div>\n\t\t<\/section>\n\t\t\t\t<section class=\"elementor-section elementor-inner-section elementor-element elementor-element-4d33364 elementor-section-boxed elementor-section-height-default elementor-section-height-default\" data-id=\"4d33364\" data-element_type=\"section\">\n\t\t\t\t\t\t<div class=\"elementor-container elementor-column-gap-custom\">\n\t\t\t\t\t<div class=\"elementor-column elementor-col-100 elementor-inner-column elementor-element elementor-element-bea98b2\" data-id=\"bea98b2\" data-element_type=\"column\">\n\t\t\t<div class=\"elementor-widget-wrap elementor-element-populated\">\n\t\t\t\t\t\t<div class=\"elementor-element elementor-element-43a180d elementor-widget elementor-widget-text-editor\" data-id=\"43a180d\" data-element_type=\"widget\" data-widget_type=\"text-editor.default\">\n\t\t\t\t<div class=\"elementor-widget-container\">\n\t\t\t\t\t\t\t\t\tC\u2019est \u00e0 dire: nous. Dans une \u00e9poque o\u00f9 l\u2019on parle <em>d\u2019\u00e9conomie du partage<\/em> nous d\u00e9sirons que la <strong><em>mobilit\u00e9 partag\u00e9e<\/em><\/strong> soit pens\u00e9e comme <strong>prioritaire<\/strong>.\r\n\r\nNous nous adressons \u00e0 toutes les administrations publiques pour l\u2019installation de consignes \u00e0 v\u00e9los et de syst\u00e8mes de v\u00e9los \u00e0 libre service totalement int\u00e9gr\u00e9s avec les autres services de <strong>transport publiques.<\/strong>\r\n\r\nNous ma\u00eetrisons la totalit\u00e9 de la cha\u00eene, \u00e0 partir de la conception jusqu\u2019\u00e0 l\u2019installation, l\u2019entretien des services et jusqu\u2019aux op\u00e9rations de marketing n\u00e9cessaires pour le d\u00e9veloppement et la promotion de la mobilit\u00e9 durable. Nous sommes pr\u00e9sents dans <strong>plus de 100 villes italiennes!<\/strong>\t\t\t\t\t\t\t\t<\/div>\n\t\t\t\t<\/div>\n\t\t\t\t\t<\/div>\n\t\t<\/div>\n\t\t\t\t\t<\/div>\n\t\t<\/section>\n\t\t\t\t\t<\/div>\n\t\t<\/div>\n\t\t\t\t\t<\/div>\n\t\t<\/section>\n\t\t\t\t<section class=\"elementor-section elementor-top-section elementor-element elementor-element-a8a0ef5 elementor-section-full_width elementor-section-stretched elementor-reverse-tablet elementor-reverse-mobile elementor-section-height-default elementor-section-height-default\" data-id=\"a8a0ef5\" data-element_type=\"section\" data-settings=\"{&quot;stretch_section&quot;:&quot;section-stretched&quot;}\">\n\t\t\t\t\t\t<div class=\"elementor-container elementor-column-gap-no\">\n\t\t\t\t\t<div class=\"elementor-column elementor-col-50 elementor-top-column elementor-element elementor-element-4cc1146\" data-id=\"4cc1146\" data-element_type=\"column\" data-settings=\"{&quot;background_background&quot;:&quot;classic&quot;}\">\n\t\t\t<div class=\"elementor-widget-wrap elementor-element-populated\">\n\t\t\t\t\t\t<section class=\"elementor-section elementor-inner-section elementor-element elementor-element-996d040 elementor-section-boxed elementor-section-height-default elementor-section-height-default\" data-id=\"996d040\" data-element_type=\"section\">\n\t\t\t\t\t\t<div class=\"elementor-container elementor-column-gap-default\">\n\t\t\t\t\t<div class=\"elementor-column elementor-col-100 elementor-inner-column elementor-element elementor-element-115a624\" data-id=\"115a624\" data-element_type=\"column\">\n\t\t\t<div class=\"elementor-widget-wrap elementor-element-populated\">\n\t\t\t\t\t\t<div class=\"elementor-element elementor-element-8ad252e elementor-widget elementor-widget-heading\" data-id=\"8ad252e\" data-element_type=\"widget\" data-widget_type=\"heading.default\">\n\t\t\t\t<div class=\"elementor-widget-container\">\n\t\t\t\t\t<h2 class=\"elementor-heading-title elementor-size-default\">Enfourchez votre v\u00e9lo et p\u00e9dalez avec nous!<\/h2>\t\t\t\t<\/div>\n\t\t\t\t<\/div>\n\t\t\t\t\t<\/div>\n\t\t<\/div>\n\t\t\t\t\t<\/div>\n\t\t<\/section>\n\t\t\t\t<section class=\"elementor-section elementor-inner-section elementor-element elementor-element-603d1ec elementor-section-boxed elementor-section-height-default elementor-section-height-default\" data-id=\"603d1ec\" data-element_type=\"section\">\n\t\t\t\t\t\t<div class=\"elementor-container elementor-column-gap-custom\">\n\t\t\t\t\t<div class=\"elementor-column elementor-col-100 elementor-inner-column elementor-element elementor-element-5cde17e\" data-id=\"5cde17e\" data-element_type=\"column\">\n\t\t\t<div class=\"elementor-widget-wrap elementor-element-populated\">\n\t\t\t\t\t\t<div class=\"elementor-element elementor-element-51d5f5a elementor-widget elementor-widget-text-editor\" data-id=\"51d5f5a\" data-element_type=\"widget\" data-widget_type=\"text-editor.default\">\n\t\t\t\t<div class=\"elementor-widget-container\">\n\t\t\t\t\t\t\t\t\tNous avons commenc\u00e9 \u00e0 p\u00e9daler vers le <strong>changement urbain<\/strong> et <strong>\u00e9cologique<\/strong>, attentif aux <strong>habitudes de d\u00e9placement.<\/strong> Nous investissons dans le bien-\u00eatre des citoyens au moyen du r\u00e9am\u00e9nagement des espaces et de projets cyclables pour la mobilit\u00e9 urbaine, en offrant des services qui encouragent la confiance, le partage et la s\u00e9curit\u00e9. Tel est notre objectif quotidien et n\u00e9cessaire. Etes-vous d\u2019accord avec nous? Contactez-nous pour d\u00e9velopper un projet cyclable dans votre ville.\t\t\t\t\t\t\t\t<\/div>\n\t\t\t\t<\/div>\n\t\t\t\t<div class=\"elementor-element elementor-element-1877902 elementor-widget elementor-widget-button\" data-id=\"1877902\" data-element_type=\"widget\" data-widget_type=\"button.default\">\n\t\t\t\t<div class=\"elementor-widget-container\">\n\t\t\t\t\t\t\t\t\t<div class=\"elementor-button-wrapper\">\n\t\t\t\t\t<a class=\"elementor-button elementor-button-link elementor-size-xs\" href=\"https:\/\/weelo.it\/contatti\/\">\n\t\t\t\t\t\t<span class=\"elementor-button-content-wrapper\">\n\t\t\t\t\t\t\t\t\t<span class=\"elementor-button-text\">Contactez-nous<\/span>\n\t\t\t\t\t<\/span>\n\t\t\t\t\t<\/a>\n\t\t\t\t<\/div>\n\t\t\t\t\t\t\t\t<\/div>\n\t\t\t\t<\/div>\n\t\t\t\t\t<\/div>\n\t\t<\/div>\n\t\t\t\t\t<\/div>\n\t\t<\/section>\n\t\t\t\t\t<\/div>\n\t\t<\/div>\n\t\t\t\t<div class=\"elementor-column elementor-col-50 elementor-top-column elementor-element elementor-element-601fc35 column-min-height\" data-id=\"601fc35\" data-element_type=\"column\" data-settings=\"{&quot;background_background&quot;:&quot;classic&quot;}\">\n\t\t\t<div class=\"elementor-widget-wrap\">\n\t\t\t\t\t\t\t<\/div>\n\t\t<\/div>\n\t\t\t\t\t<\/div>\n\t\t<\/section>\n\t\t\t\t<\/div>\n\t\t","protected":false},"excerpt":{"rendered":"<p>Weelo est un projet de BIC | Bicincitt\u00e0 S.r.l., une soci\u00e9t\u00e9 qui s\u2019occupe de concevoir, r\u00e9aliser et exploiter des projets de mobilit\u00e9 durable. D\u00e9couvrez nos projets cyclables pour votre ville! Weelo commence par We. C\u2019est \u00e0 dire: nous. Dans une \u00e9poque o\u00f9 l\u2019on parle d\u2019\u00e9conomie du partage nous d\u00e9sirons que la mobilit\u00e9 partag\u00e9e soit pens\u00e9e [&hellip;]<\/p>\n","protected":false},"author":2,"featured_media":0,"parent":0,"menu_order":0,"comment_status":"closed","ping_status":"closed","template":"","meta":{"inline_featured_image":false,"_monsterinsights_skip_tracking":false,"_monsterinsights_sitenote_active":false,"_monsterinsights_sitenote_note":"","_monsterinsights_sitenote_category":0,"_uf_show_specific_survey":0,"_uf_disable_surveys":false,"footnotes":""},"categories":[],"class_list":["post-4923","page","type-page","status-publish","hentry"],"aioseo_notices":[],"_links":{"self":[{"href":"https:\/\/weelo.it\/fr\/wp-json\/wp\/v2\/pages\/4923","targetHints":{"allow":["GET"]}}],"collection":[{"href":"https:\/\/weelo.it\/fr\/wp-json\/wp\/v2\/pages"}],"about":[{"href":"https:\/\/weelo.it\/fr\/wp-json\/wp\/v2\/types\/page"}],"author":[{"embeddable":true,"href":"https:\/\/weelo.it\/fr\/wp-json\/wp\/v2\/users\/2"}],"replies":[{"embeddable":true,"href":"https:\/\/weelo.it\/fr\/wp-json\/wp\/v2\/comments?post=4923"}],"version-history":[{"count":1,"href":"https:\/\/weelo.it\/fr\/wp-json\/wp\/v2\/pages\/4923\/revisions"}],"predecessor-version":[{"id":4924,"href":"https:\/\/weelo.it\/fr\/wp-json\/wp\/v2\/pages\/4923\/revisions\/4924"}],"wp:attachment":[{"href":"https:\/\/weelo.it\/fr\/wp-json\/wp\/v2\/media?parent=4923"}],"wp:term":[{"taxonomy":"category","embeddable":true,"href":"https:\/\/weelo.it\/fr\/wp-json\/wp\/v2\/categories?post=4923"}],"curies":[{"name":"wp","href":"https:\/\/api.w.org\/{rel}","templated":true}]}}