{"id":10273,"date":"2024-05-29T12:50:38","date_gmt":"2024-05-29T12:50:38","guid":{"rendered":"https:\/\/weelo.it\/solutions\/bike-rental\/"},"modified":"2025-05-14T08:27:17","modified_gmt":"2025-05-14T08:27:17","slug":"bike-rental","status":"publish","type":"page","link":"https:\/\/weelo.it\/fr\/solutions\/bike-rental\/","title":{"rendered":"Bike Rental"},"content":{"rendered":"\t\t<div data-elementor-type=\"wp-page\" data-elementor-id=\"10273\" class=\"elementor elementor-10273 elementor-8503\" data-elementor-post-type=\"page\">\n\t\t\t\t<div class=\"elementor-element elementor-element-aaffdef e-con-full e-flex e-con e-parent\" data-id=\"aaffdef\" data-element_type=\"container\">\n\t\t\t\t<div class=\"elementor-element elementor-element-371dd67 elementor-widget elementor-widget-heading\" data-id=\"371dd67\" data-element_type=\"widget\" data-widget_type=\"heading.default\">\n\t\t\t\t<div class=\"elementor-widget-container\">\n\t\t\t\t\t<h1 class=\"elementor-heading-title elementor-size-default\">Bike Rental<\/h1>\t\t\t\t<\/div>\n\t\t\t\t<\/div>\n\t\t\t\t<div class=\"elementor-element elementor-element-22492a6 elementor-widget elementor-widget-text-editor\" data-id=\"22492a6\" data-element_type=\"widget\" data-widget_type=\"text-editor.default\">\n\t\t\t\t<div class=\"elementor-widget-container\">\n\t\t\t\t\t\t\t\t\t<p>Veloo Bike Rental: l&rsquo;avenir de la location de v\u00e9los<\/p>\t\t\t\t\t\t\t\t<\/div>\n\t\t\t\t<\/div>\n\t\t\t\t<\/div>\n\t\t<div class=\"elementor-element elementor-element-273c427 e-flex e-con-boxed e-con e-parent\" data-id=\"273c427\" data-element_type=\"container\" data-settings=\"{&quot;background_background&quot;:&quot;classic&quot;}\">\n\t\t\t\t\t<div class=\"e-con-inner\">\n\t\t<div class=\"elementor-element elementor-element-2f55e25 e-con-full e-flex e-con e-child\" data-id=\"2f55e25\" data-element_type=\"container\">\n\t\t\t\t<div class=\"elementor-element elementor-element-2ecbe9f elementor-widget elementor-widget-text-editor\" data-id=\"2ecbe9f\" data-element_type=\"widget\" data-widget_type=\"text-editor.default\">\n\t\t\t\t<div class=\"elementor-widget-container\">\n\t\t\t\t\t\t\t\t\t<p><strong>Weloo Bike Rental<\/strong> est un syst\u00e8me automatis\u00e9 permettant aux utilisateurs de r\u00e9server et de retirer un v\u00e9lo de mani\u00e8re simple et rapide, 24h\/24 et 7j\/7.<\/p><p>Gr\u00e2ce \u00e0 Weloo Bike Rental, les collectivit\u00e9s locales proposent \u00e0 leurs citoyens un service de location de v\u00e9los innovant, efficace et durable.<\/p>\t\t\t\t\t\t\t\t<\/div>\n\t\t\t\t<\/div>\n\t\t\t\t<\/div>\n\t\t<div class=\"elementor-element elementor-element-32281f3 e-con-full e-flex e-con e-child\" data-id=\"32281f3\" data-element_type=\"container\">\n\t\t\t\t<div class=\"elementor-element elementor-element-ffe9eb8 elementor-widget elementor-widget-image\" data-id=\"ffe9eb8\" data-element_type=\"widget\" data-widget_type=\"image.default\">\n\t\t\t\t<div class=\"elementor-widget-container\">\n\t\t\t\t\t\t\t\t\t\t\t\t\t\t\t<img fetchpriority=\"high\" decoding=\"async\" width=\"800\" height=\"464\" src=\"https:\/\/weelo.it\/wp-content\/uploads\/2024\/05\/IMG_1885-low-e1715607758669-1024x594.jpg\" class=\"attachment-large size-large wp-image-8221\" alt=\"\" srcset=\"https:\/\/weelo.it\/wp-content\/uploads\/2024\/05\/IMG_1885-low-e1715607758669-1024x594.jpg 1024w, https:\/\/weelo.it\/wp-content\/uploads\/2024\/05\/IMG_1885-low-e1715607758669-300x174.jpg 300w, https:\/\/weelo.it\/wp-content\/uploads\/2024\/05\/IMG_1885-low-e1715607758669-768x445.jpg 768w, https:\/\/weelo.it\/wp-content\/uploads\/2024\/05\/IMG_1885-low-e1715607758669.jpg 1330w\" sizes=\"(max-width: 800px) 100vw, 800px\" \/>\t\t\t\t\t\t\t\t\t\t\t\t\t\t\t<\/div>\n\t\t\t\t<\/div>\n\t\t\t\t<\/div>\n\t\t\t\t\t<\/div>\n\t\t\t\t<\/div>\n\t\t<div class=\"elementor-element elementor-element-59b9082 e-flex e-con-boxed e-con e-parent\" data-id=\"59b9082\" data-element_type=\"container\">\n\t\t\t\t\t<div class=\"e-con-inner\">\n\t\t\t\t<div class=\"elementor-element elementor-element-a29f0f2 elementor-widget elementor-widget-heading\" data-id=\"a29f0f2\" data-element_type=\"widget\" data-widget_type=\"heading.default\">\n\t\t\t\t<div class=\"elementor-widget-container\">\n\t\t\t\t\t<h2 class=\"elementor-heading-title elementor-size-default\">Comment \u00e7a marche?<\/h2>\t\t\t\t<\/div>\n\t\t\t\t<\/div>\n\t\t\t\t<div class=\"elementor-element elementor-element-9113e9b elementor-widget elementor-widget-text-editor\" data-id=\"9113e9b\" data-element_type=\"widget\" data-widget_type=\"text-editor.default\">\n\t\t\t\t<div class=\"elementor-widget-container\">\n\t\t\t\t\t\t\t\t\t<p><strong>R\u00e9servation:<\/strong> L&rsquo;utilisateur t\u00e9l\u00e9charge l&rsquo;application Weloo et r\u00e9serve un v\u00e9lo dans la station de son choix.<\/p><p><strong>Retrait:<\/strong> Une fois arriv\u00e9 \u00e0 la station, l&rsquo;utilisateur scanne le code QR sur la porte du box pour l&rsquo;ouvrir et r\u00e9cup\u00e9rer le v\u00e9lo.<\/p><p><strong>Location:<\/strong> L&rsquo;utilisateur profite de sa balade et peut contacter le service client Weloo en cas de probl\u00e8me.<\/p><p><strong>Restitution:<\/strong> \u00c0 la fin de la location, l&rsquo;utilisateur rapporte le v\u00e9lo \u00e0 une station Weloo et le range dans un box.<\/p>\t\t\t\t\t\t\t\t<\/div>\n\t\t\t\t<\/div>\n\t\t\t\t<div class=\"elementor-element elementor-element-7f293d7 elementor-widget elementor-widget-heading\" data-id=\"7f293d7\" data-element_type=\"widget\" data-widget_type=\"heading.default\">\n\t\t\t\t<div class=\"elementor-widget-container\">\n\t\t\t\t\t<h2 class=\"elementor-heading-title elementor-size-default\">Les avantages de Weelo Bike Rental<\/h2>\t\t\t\t<\/div>\n\t\t\t\t<\/div>\n\t\t\t\t<div class=\"elementor-element elementor-element-151c8eb elementor-icon-list--layout-traditional elementor-list-item-link-full_width elementor-widget elementor-widget-icon-list\" data-id=\"151c8eb\" data-element_type=\"widget\" data-widget_type=\"icon-list.default\">\n\t\t\t\t<div class=\"elementor-widget-container\">\n\t\t\t\t\t\t\t<ul class=\"elementor-icon-list-items\">\n\t\t\t\t\t\t\t<li class=\"elementor-icon-list-item\">\n\t\t\t\t\t\t\t\t\t\t\t<span class=\"elementor-icon-list-icon\">\n\t\t\t\t\t\t\t<i aria-hidden=\"true\" class=\"fas fa-clock\"><\/i>\t\t\t\t\t\t<\/span>\n\t\t\t\t\t\t\t\t\t\t<span class=\"elementor-icon-list-text\"><strong>Disponibilit\u00e9 24h\/24 et 7j\/7:<\/strong><br \/>louez une v\u00e9lo \u00e0 tout moment, de jour comme de nuit, y compris les jours f\u00e9ri\u00e9s, sans avoir besoin d'un op\u00e9rateur.<\/span>\n\t\t\t\t\t\t\t\t\t<\/li>\n\t\t\t\t\t\t\t\t<li class=\"elementor-icon-list-item\">\n\t\t\t\t\t\t\t\t\t\t\t<span class=\"elementor-icon-list-icon\">\n\t\t\t\t\t\t\t<i aria-hidden=\"true\" class=\"fas fa-bolt\"><\/i>\t\t\t\t\t\t<\/span>\n\t\t\t\t\t\t\t\t\t\t<span class=\"elementor-icon-list-text\"><strong>Rapidit\u00e9 et simplicit\u00e9:<\/strong><br \/>la r\u00e9servation, le retrait et la restitution se font rapidement et intuitivement gr\u00e2ce \u00e0 notre syst\u00e8me automatis\u00e9.<\/span>\n\t\t\t\t\t\t\t\t\t<\/li>\n\t\t\t\t\t\t\t\t<li class=\"elementor-icon-list-item\">\n\t\t\t\t\t\t\t\t\t\t\t<span class=\"elementor-icon-list-icon\">\n\t\t\t\t\t\t\t<i aria-hidden=\"true\" class=\"fas fa-check-square\"><\/i>\t\t\t\t\t\t<\/span>\n\t\t\t\t\t\t\t\t\t\t<span class=\"elementor-icon-list-text\"><strong>Flexibilit\u00e9:<\/strong><br \/>choisissez parmi une vari\u00e9t\u00e9 de mod\u00e8les et de tailles de v\u00e9los pour r\u00e9pondre \u00e0 tous vos besoins.<\/span>\n\t\t\t\t\t\t\t\t\t<\/li>\n\t\t\t\t\t\t\t\t<li class=\"elementor-icon-list-item\">\n\t\t\t\t\t\t\t\t\t\t\t<span class=\"elementor-icon-list-icon\">\n\t\t\t\t\t\t\t<i aria-hidden=\"true\" class=\"fas fa-lock\"><\/i>\t\t\t\t\t\t<\/span>\n\t\t\t\t\t\t\t\t\t\t<span class=\"elementor-icon-list-text\"><strong>S\u00e9curit\u00e9:<\/strong><br \/>nos v\u00e9los sont \u00e9quip\u00e9s de syst\u00e8mes antivol et de g\u00e9olocalisation pour une s\u00e9curit\u00e9 maximale.<\/span>\n\t\t\t\t\t\t\t\t\t<\/li>\n\t\t\t\t\t\t\t\t<li class=\"elementor-icon-list-item\">\n\t\t\t\t\t\t\t\t\t\t\t<span class=\"elementor-icon-list-icon\">\n\t\t\t\t\t\t\t<i aria-hidden=\"true\" class=\"fas fa-puzzle-piece\"><\/i>\t\t\t\t\t\t<\/span>\n\t\t\t\t\t\t\t\t\t\t<span class=\"elementor-icon-list-text\"><strong>\u00c9volutivit\u00e9:<\/strong><br \/>notre syst\u00e8me peut facilement s'adapter \u00e0 l'\u00e9volution des besoins en mobilit\u00e9 de votre ville.<\/span>\n\t\t\t\t\t\t\t\t\t<\/li>\n\t\t\t\t\t\t\t\t<li class=\"elementor-icon-list-item\">\n\t\t\t\t\t\t\t\t\t\t\t<span class=\"elementor-icon-list-icon\">\n\t\t\t\t\t\t\t<i aria-hidden=\"true\" class=\"fas fa-leaf\"><\/i>\t\t\t\t\t\t<\/span>\n\t\t\t\t\t\t\t\t\t\t<span class=\"elementor-icon-list-text\"><strong>Durabilit\u00e9:<\/strong><br \/>Weloo Bike Rental promeut un mode de transport \u00e9cologique et contribue \u00e0 r\u00e9duire la pollution.<\/span>\n\t\t\t\t\t\t\t\t\t<\/li>\n\t\t\t\t\t\t<\/ul>\n\t\t\t\t\t\t<\/div>\n\t\t\t\t<\/div>\n\t\t\t\t\t<\/div>\n\t\t\t\t<\/div>\n\t\t<div class=\"elementor-element elementor-element-38591d4 e-flex e-con-boxed e-con e-parent\" data-id=\"38591d4\" data-element_type=\"container\">\n\t\t\t\t\t<div class=\"e-con-inner\">\n\t\t\t\t<div class=\"elementor-element elementor-element-7d9ae74 elementor-widget elementor-widget-heading\" data-id=\"7d9ae74\" data-element_type=\"widget\" data-widget_type=\"heading.default\">\n\t\t\t\t<div class=\"elementor-widget-container\">\n\t\t\t\t\t<h2 class=\"elementor-heading-title elementor-size-default\">P\u00e9dalons ensemble vers l'avenir!<\/h2>\t\t\t\t<\/div>\n\t\t\t\t<\/div>\n\t\t\t\t<div class=\"elementor-element elementor-element-51b632a elementor-align-center elementor-widget elementor-widget-button\" data-id=\"51b632a\" data-element_type=\"widget\" data-widget_type=\"button.default\">\n\t\t\t\t<div class=\"elementor-widget-container\">\n\t\t\t\t\t\t\t\t\t<div class=\"elementor-button-wrapper\">\n\t\t\t\t\t<a class=\"elementor-button elementor-button-link elementor-size-xs\" href=\"https:\/\/weelo.it\/fr\/contactez-nous\/\">\n\t\t\t\t\t\t<span class=\"elementor-button-content-wrapper\">\n\t\t\t\t\t\t\t\t\t<span class=\"elementor-button-text\">Prenez rendez-vous pour construire avec nous votre projet de mobilit\u00e9 durable.<\/span>\n\t\t\t\t\t<\/span>\n\t\t\t\t\t<\/a>\n\t\t\t\t<\/div>\n\t\t\t\t\t\t\t\t<\/div>\n\t\t\t\t<\/div>\n\t\t\t\t\t<\/div>\n\t\t\t\t<\/div>\n\t\t\t\t<\/div>\n\t\t","protected":false},"excerpt":{"rendered":"<p>Veloo Bike Rental: l&rsquo;avenir de la location de v\u00e9los Weloo Bike Rental est un syst\u00e8me automatis\u00e9 permettant aux utilisateurs de r\u00e9server et de retirer un v\u00e9lo de mani\u00e8re simple et rapide, 24h\/24 et 7j\/7. Gr\u00e2ce \u00e0 Weloo Bike Rental, les collectivit\u00e9s locales proposent \u00e0 leurs citoyens un service de location de v\u00e9los innovant, efficace et [&hellip;]<\/p>\n","protected":false},"author":2,"featured_media":0,"parent":8857,"menu_order":0,"comment_status":"closed","ping_status":"closed","template":"","meta":{"inline_featured_image":false,"_monsterinsights_skip_tracking":false,"_monsterinsights_sitenote_active":false,"_monsterinsights_sitenote_note":"","_monsterinsights_sitenote_category":0,"_uf_show_specific_survey":0,"_uf_disable_surveys":false,"footnotes":""},"categories":[],"class_list":["post-10273","page","type-page","status-publish","hentry"],"aioseo_notices":[],"_links":{"self":[{"href":"https:\/\/weelo.it\/fr\/wp-json\/wp\/v2\/pages\/10273","targetHints":{"allow":["GET"]}}],"collection":[{"href":"https:\/\/weelo.it\/fr\/wp-json\/wp\/v2\/pages"}],"about":[{"href":"https:\/\/weelo.it\/fr\/wp-json\/wp\/v2\/types\/page"}],"author":[{"embeddable":true,"href":"https:\/\/weelo.it\/fr\/wp-json\/wp\/v2\/users\/2"}],"replies":[{"embeddable":true,"href":"https:\/\/weelo.it\/fr\/wp-json\/wp\/v2\/comments?post=10273"}],"version-history":[{"count":13,"href":"https:\/\/weelo.it\/fr\/wp-json\/wp\/v2\/pages\/10273\/revisions"}],"predecessor-version":[{"id":12153,"href":"https:\/\/weelo.it\/fr\/wp-json\/wp\/v2\/pages\/10273\/revisions\/12153"}],"up":[{"embeddable":true,"href":"https:\/\/weelo.it\/fr\/wp-json\/wp\/v2\/pages\/8857"}],"wp:attachment":[{"href":"https:\/\/weelo.it\/fr\/wp-json\/wp\/v2\/media?parent=10273"}],"wp:term":[{"taxonomy":"category","embeddable":true,"href":"https:\/\/weelo.it\/fr\/wp-json\/wp\/v2\/categories?post=10273"}],"curies":[{"name":"wp","href":"https:\/\/api.w.org\/{rel}","templated":true}]}}