{"id":10257,"date":"2024-05-29T11:02:51","date_gmt":"2024-05-29T11:02:51","guid":{"rendered":"https:\/\/weelo.it\/solutions\/bike-parking\/weelo-fit\/"},"modified":"2024-09-26T14:55:25","modified_gmt":"2024-09-26T14:55:25","slug":"weelo-fit","status":"publish","type":"page","link":"https:\/\/weelo.it\/fr\/solutions\/bike-parking\/weelo-fit\/","title":{"rendered":"Weelo FIT"},"content":{"rendered":"\t\t<div data-elementor-type=\"wp-page\" data-elementor-id=\"10257\" class=\"elementor elementor-10257 elementor-8425\" data-elementor-post-type=\"page\">\n\t\t\t\t<div class=\"elementor-element elementor-element-d44bdd3 e-flex e-con-boxed e-con e-parent\" data-id=\"d44bdd3\" data-element_type=\"container\" data-e-type=\"container\">\n\t\t\t\t\t<div class=\"e-con-inner\">\n\t\t<div class=\"elementor-element elementor-element-55b9183 e-con-full e-flex e-con e-child\" data-id=\"55b9183\" data-element_type=\"container\" data-e-type=\"container\">\n\t\t\t\t<div class=\"elementor-element elementor-element-9cc38a3 elementor-widget elementor-widget-heading\" data-id=\"9cc38a3\" data-element_type=\"widget\" data-e-type=\"widget\" data-widget_type=\"heading.default\">\n\t\t\t\t<div class=\"elementor-widget-container\">\n\t\t\t\t\t<h2 class=\"elementor-heading-title elementor-size-default\">Weelo FIT<\/h2>\t\t\t\t<\/div>\n\t\t\t\t<\/div>\n\t\t\t\t<div class=\"elementor-element elementor-element-67688cf elementor-widget elementor-widget-text-editor\" data-id=\"67688cf\" data-element_type=\"widget\" data-e-type=\"widget\" data-widget_type=\"text-editor.default\">\n\t\t\t\t<div class=\"elementor-widget-container\">\n\t\t\t\t\t\t\t\t\t<p><strong>Weelo FIT<\/strong> est le stationnement v\u00e9lo qui s&rsquo;adapte \u00e0 tous les environnements. Une solution modulaire et compacte, personnalisable en termes de mat\u00e9riaux et de couleurs pour s&rsquo;int\u00e9grer harmonieusement dans son environnement.<\/p>\n<p><strong>Weelo FIT<\/strong> est \u00e9galement disponible en version \u00e9quip\u00e9e de panneaux photovolta\u00efques, pour une autonomie \u00e9nerg\u00e9tique totale et une installation simplifi\u00e9e. Plus durable, c&rsquo;est impossible !<\/p>\n\t\t\t\t\t\t\t\t<\/div>\n\t\t\t\t<\/div>\n\t\t\t\t<\/div>\n\t\t<div class=\"elementor-element elementor-element-5fb0424 e-con-full e-flex e-con e-child\" data-id=\"5fb0424\" data-element_type=\"container\" data-e-type=\"container\">\n\t\t\t\t<div class=\"elementor-element elementor-element-763b0cb elementor-widget elementor-widget-video\" data-id=\"763b0cb\" data-element_type=\"widget\" data-e-type=\"widget\" data-settings=\"{&quot;youtube_url&quot;:&quot;https:\\\/\\\/www.youtube.com\\\/watch?v=ZOeQt1m_5ks&quot;,&quot;yt_privacy&quot;:&quot;yes&quot;,&quot;video_type&quot;:&quot;youtube&quot;,&quot;controls&quot;:&quot;yes&quot;}\" data-widget_type=\"video.default\">\n\t\t\t\t<div class=\"elementor-widget-container\">\n\t\t\t\t\t\t\t<div class=\"elementor-wrapper elementor-open-inline\">\n\t\t\t<div class=\"elementor-video\"><\/div>\t\t<\/div>\n\t\t\t\t\t\t<\/div>\n\t\t\t\t<\/div>\n\t\t\t\t<\/div>\n\t\t\t\t\t<\/div>\n\t\t\t\t<\/div>\n\t\t<div class=\"elementor-element elementor-element-ff38eb9 e-flex e-con-boxed e-con e-parent\" data-id=\"ff38eb9\" data-element_type=\"container\" data-e-type=\"container\" data-settings=\"{&quot;background_background&quot;:&quot;classic&quot;}\">\n\t\t\t\t\t<div class=\"e-con-inner\">\n\t\t\t\t<div class=\"elementor-element elementor-element-fd16561 elementor-widget elementor-widget-heading\" data-id=\"fd16561\" data-element_type=\"widget\" data-e-type=\"widget\" data-widget_type=\"heading.default\">\n\t\t\t\t<div class=\"elementor-widget-container\">\n\t\t\t\t\t<h2 class=\"elementor-heading-title elementor-size-default\">Donn\u00e9es techniques<\/h2>\t\t\t\t<\/div>\n\t\t\t\t<\/div>\n\t\t\t\t<div class=\"elementor-element elementor-element-84143f5 servziTable elementor-widget elementor-widget-text-editor\" data-id=\"84143f5\" data-element_type=\"widget\" data-e-type=\"widget\" data-widget_type=\"text-editor.default\">\n\t\t\t\t<div class=\"elementor-widget-container\">\n\t\t\t\t\t\t\t\t\t<table>\n<tbody>\n<tr>\n<td><strong>Encombrement<\/strong><\/td>\n<td>Une place de parking voiture<\/td>\n<\/tr>\n<tr>\n<td><strong>Positionnement<\/strong><\/td>\n<td>En centre ville<\/td>\n<\/tr>\n<tr>\n<td><strong>Quantit\u00e9 de v\u00e9los<\/strong><\/td>\n<td>8, 12, 16, 20<\/td>\n<\/tr>\n<tr>\n<td><strong>\u00c9quipements<\/strong><\/td>\n<td>Cam\u00e9ras de surveillance, borne de r\u00e9paration v\u00e9lo, capteurs pour mesurer la qualit\u00e9 de l&rsquo;air, \u00e9cran digital<\/td>\n<\/tr>\n<tr>\n<td><strong>Personnalisation<\/strong><\/td>\n<td>Couleurs et rev\u00eatements personnalisables pour une int\u00e9gration harmonieuse dans l&rsquo;environnement<\/td>\n<\/tr>\n<\/tbody>\n<\/table>\n\t\t\t\t\t\t\t\t<\/div>\n\t\t\t\t<\/div>\n\t\t\t\t\t<\/div>\n\t\t\t\t<\/div>\n\t\t<div class=\"elementor-element elementor-element-ae7fae5 e-flex e-con-boxed e-con e-parent\" data-id=\"ae7fae5\" data-element_type=\"container\" data-e-type=\"container\">\n\t\t\t\t\t<div class=\"e-con-inner\">\n\t\t<div class=\"elementor-element elementor-element-2b6e307 e-con-full e-flex e-con e-child\" data-id=\"2b6e307\" data-element_type=\"container\" data-e-type=\"container\">\n\t\t\t\t<div class=\"elementor-element elementor-element-af20bd7 elementor-widget elementor-widget-image\" data-id=\"af20bd7\" data-element_type=\"widget\" data-e-type=\"widget\" data-widget_type=\"image.default\">\n\t\t\t\t<div class=\"elementor-widget-container\">\n\t\t\t\t\t\t\t\t\t\t\t\t\t\t\t<img fetchpriority=\"high\" decoding=\"async\" width=\"800\" height=\"873\" src=\"https:\/\/weelo.it\/wp-content\/uploads\/2024\/05\/weelo-fit-interno-2.jpg\" class=\"attachment-full size-full wp-image-8455\" alt=\"\" srcset=\"https:\/\/weelo.it\/wp-content\/uploads\/2024\/05\/weelo-fit-interno-2.jpg 800w, https:\/\/weelo.it\/wp-content\/uploads\/2024\/05\/weelo-fit-interno-2-275x300.jpg 275w, https:\/\/weelo.it\/wp-content\/uploads\/2024\/05\/weelo-fit-interno-2-768x838.jpg 768w\" sizes=\"(max-width: 800px) 100vw, 800px\" \/>\t\t\t\t\t\t\t\t\t\t\t\t\t\t\t<\/div>\n\t\t\t\t<\/div>\n\t\t\t\t<\/div>\n\t\t<div class=\"elementor-element elementor-element-b144dfc e-con-full e-flex e-con e-child\" data-id=\"b144dfc\" data-element_type=\"container\" data-e-type=\"container\">\n\t\t\t\t<div class=\"elementor-element elementor-element-a7ce160 elementor-widget elementor-widget-heading\" data-id=\"a7ce160\" data-element_type=\"widget\" data-e-type=\"widget\" data-widget_type=\"heading.default\">\n\t\t\t\t<div class=\"elementor-widget-container\">\n\t\t\t\t\t<h2 class=\"elementor-heading-title elementor-size-default\">Int\u00e9rieur<\/h2>\t\t\t\t<\/div>\n\t\t\t\t<\/div>\n\t\t\t\t<div class=\"elementor-element elementor-element-d9ac858 elementor-widget elementor-widget-text-editor\" data-id=\"d9ac858\" data-element_type=\"widget\" data-e-type=\"widget\" data-widget_type=\"text-editor.default\">\n\t\t\t\t<div class=\"elementor-widget-container\">\n\t\t\t\t\t\t\t\t\t<p>L\u2019int\u00e9rieur du box est \u00e9quip\u00e9 d\u2019une accroche pour y d\u00e9poser le casque, le harnais ou tout objet personnel. Il peut \u00eatre personnalis\u00e9 sur une des parois, avec les indications utiles et les r\u00e8gles pour le stationnement du v\u00e9lo.<\/p>\n<p>Une lumi\u00e8re \u00e0 LED s\u2019allume \u00e0 l\u2019ouverture de la porte, en \u00e9clairant tout le box\u00a0: cette lumi\u00e8re, en modalit\u00e9 de faible intensit\u00e9, peut rester allum\u00e9e m\u00eame suite \u00e0 la fermeture de la porte, pour pouvoir diff\u00e9rencier facilement les box occup\u00e9s et ceux qui sont encore libres.<\/p>\n\t\t\t\t\t\t\t\t<\/div>\n\t\t\t\t<\/div>\n\t\t\t\t<\/div>\n\t\t\t\t\t<\/div>\n\t\t\t\t<\/div>\n\t\t<div class=\"elementor-element elementor-element-de847ab e-flex e-con-boxed e-con e-parent\" data-id=\"de847ab\" data-element_type=\"container\" data-e-type=\"container\">\n\t\t\t\t\t<div class=\"e-con-inner\">\n\t\t<div class=\"elementor-element elementor-element-e9df672 e-con-full e-flex e-con e-child\" data-id=\"e9df672\" data-element_type=\"container\" data-e-type=\"container\">\n\t\t\t\t<div class=\"elementor-element elementor-element-70615cc elementor-widget elementor-widget-heading\" data-id=\"70615cc\" data-element_type=\"widget\" data-e-type=\"widget\" data-widget_type=\"heading.default\">\n\t\t\t\t<div class=\"elementor-widget-container\">\n\t\t\t\t\t<h2 class=\"elementor-heading-title elementor-size-default\">Modularit\u00e9<\/h2>\t\t\t\t<\/div>\n\t\t\t\t<\/div>\n\t\t\t\t<div class=\"elementor-element elementor-element-129969a elementor-widget elementor-widget-text-editor\" data-id=\"129969a\" data-element_type=\"widget\" data-e-type=\"widget\" data-widget_type=\"text-editor.default\">\n\t\t\t\t<div class=\"elementor-widget-container\">\n\t\t\t\t\t\t\t\t\t<p>Weelo FIT est con\u00e7u pour \u00eatre polyvalent et modulaire: de nouvelles places de stationnement peuvent \u00eatre rajout\u00e9es horizontalement ou bien les box peuvent \u00eatre empil\u00e9s les un sur les autres sur deux \u00e9tages.<\/p>\n<p>Cette modularit\u00e9 de construction permet d\u2019augmenter ou diminuer la quantit\u00e9 de box en s\u2019adaptant \u00e0 la r\u00e9elle demande et en garantissant une grande flexibilit\u00e9.<\/p>\n\t\t\t\t\t\t\t\t<\/div>\n\t\t\t\t<\/div>\n\t\t\t\t<\/div>\n\t\t<div class=\"elementor-element elementor-element-3ab93dd e-con-full e-flex e-con e-child\" data-id=\"3ab93dd\" data-element_type=\"container\" data-e-type=\"container\">\n\t\t\t\t<div class=\"elementor-element elementor-element-d63aae0 elementor-widget elementor-widget-image\" data-id=\"d63aae0\" data-element_type=\"widget\" data-e-type=\"widget\" data-widget_type=\"image.default\">\n\t\t\t\t<div class=\"elementor-widget-container\">\n\t\t\t\t\t\t\t\t\t\t\t\t\t\t\t<img decoding=\"async\" width=\"800\" height=\"536\" src=\"https:\/\/weelo.it\/wp-content\/uploads\/2024\/05\/weelo-fit-modularita.jpg\" class=\"attachment-full size-full wp-image-8474\" alt=\"\" srcset=\"https:\/\/weelo.it\/wp-content\/uploads\/2024\/05\/weelo-fit-modularita.jpg 800w, https:\/\/weelo.it\/wp-content\/uploads\/2024\/05\/weelo-fit-modularita-300x201.jpg 300w, https:\/\/weelo.it\/wp-content\/uploads\/2024\/05\/weelo-fit-modularita-768x515.jpg 768w\" sizes=\"(max-width: 800px) 100vw, 800px\" \/>\t\t\t\t\t\t\t\t\t\t\t\t\t\t\t<\/div>\n\t\t\t\t<\/div>\n\t\t\t\t<\/div>\n\t\t\t\t\t<\/div>\n\t\t\t\t<\/div>\n\t\t<div class=\"elementor-element elementor-element-ae8a5ac e-flex e-con-boxed e-con e-parent\" data-id=\"ae8a5ac\" data-element_type=\"container\" data-e-type=\"container\">\n\t\t\t\t\t<div class=\"e-con-inner\">\n\t\t<div class=\"elementor-element elementor-element-ce53dfa e-con-full e-flex e-con e-child\" data-id=\"ce53dfa\" data-element_type=\"container\" data-e-type=\"container\">\n\t\t\t\t<div class=\"elementor-element elementor-element-3bbbf0e elementor-widget elementor-widget-image\" data-id=\"3bbbf0e\" data-element_type=\"widget\" data-e-type=\"widget\" data-widget_type=\"image.default\">\n\t\t\t\t<div class=\"elementor-widget-container\">\n\t\t\t\t\t\t\t\t\t\t\t\t\t\t\t<img decoding=\"async\" width=\"800\" height=\"546\" src=\"https:\/\/weelo.it\/wp-content\/uploads\/2024\/05\/weelo-fit-materiali.jpg\" class=\"attachment-full size-full wp-image-8471\" alt=\"\" srcset=\"https:\/\/weelo.it\/wp-content\/uploads\/2024\/05\/weelo-fit-materiali.jpg 800w, https:\/\/weelo.it\/wp-content\/uploads\/2024\/05\/weelo-fit-materiali-300x205.jpg 300w, https:\/\/weelo.it\/wp-content\/uploads\/2024\/05\/weelo-fit-materiali-768x524.jpg 768w\" sizes=\"(max-width: 800px) 100vw, 800px\" \/>\t\t\t\t\t\t\t\t\t\t\t\t\t\t\t<\/div>\n\t\t\t\t<\/div>\n\t\t\t\t<\/div>\n\t\t<div class=\"elementor-element elementor-element-17225d2 e-con-full e-flex e-con e-child\" data-id=\"17225d2\" data-element_type=\"container\" data-e-type=\"container\">\n\t\t\t\t<div class=\"elementor-element elementor-element-48099a9 elementor-widget elementor-widget-heading\" data-id=\"48099a9\" data-element_type=\"widget\" data-e-type=\"widget\" data-widget_type=\"heading.default\">\n\t\t\t\t<div class=\"elementor-widget-container\">\n\t\t\t\t\t<h2 class=\"elementor-heading-title elementor-size-default\">Mat\u00e9riaux<\/h2>\t\t\t\t<\/div>\n\t\t\t\t<\/div>\n\t\t\t\t<div class=\"elementor-element elementor-element-9df1652 elementor-widget elementor-widget-text-editor\" data-id=\"9df1652\" data-element_type=\"widget\" data-e-type=\"widget\" data-widget_type=\"text-editor.default\">\n\t\t\t\t<div class=\"elementor-widget-container\">\n\t\t\t\t\t\t\t\t\t<div class=\"p-pdf_iframe__page\" aria-label=\"Page 2\" data-page-number=\"2\">\n<div class=\"p-pdf_iframe__page\" aria-label=\"Page 2\" data-page-number=\"2\">\n<div class=\"p-pdf_iframe__page\" aria-label=\"Page 2\" data-page-number=\"2\">\n<div class=\"textLayer\">\n<p>Cet abri v\u00e9lo est compl\u00e8tement r\u00e9alis\u00e9 en t\u00f4le d\u2019acier galvanis\u00e9, successivement peinte, d\u2019une \u00e9paisseur variable, pli\u00e9e sous pression et d\u00e9coup\u00e9e \u00e0 la juste dimension.<\/p>\n<\/div>\n<\/div>\n<\/div>\n<\/div>\n\t\t\t\t\t\t\t\t<\/div>\n\t\t\t\t<\/div>\n\t\t\t\t<\/div>\n\t\t\t\t\t<\/div>\n\t\t\t\t<\/div>\n\t\t<div class=\"elementor-element elementor-element-0ae3f06 e-flex e-con-boxed e-con e-parent\" data-id=\"0ae3f06\" data-element_type=\"container\" data-e-type=\"container\">\n\t\t\t\t\t<div class=\"e-con-inner\">\n\t\t<div class=\"elementor-element elementor-element-fd84409 e-con-full e-flex e-con e-child\" data-id=\"fd84409\" data-element_type=\"container\" data-e-type=\"container\">\n\t\t\t\t<div class=\"elementor-element elementor-element-c11defd elementor-widget elementor-widget-heading\" data-id=\"c11defd\" data-element_type=\"widget\" data-e-type=\"widget\" data-widget_type=\"heading.default\">\n\t\t\t\t<div class=\"elementor-widget-container\">\n\t\t\t\t\t<h2 class=\"elementor-heading-title elementor-size-default\">Style et personnalisation graphique<\/h2>\t\t\t\t<\/div>\n\t\t\t\t<\/div>\n\t\t\t\t<div class=\"elementor-element elementor-element-fc43ad2 elementor-widget elementor-widget-text-editor\" data-id=\"fc43ad2\" data-element_type=\"widget\" data-e-type=\"widget\" data-widget_type=\"text-editor.default\">\n\t\t\t\t<div class=\"elementor-widget-container\">\n\t\t\t\t\t\t\t\t\t<p>La porte du box individuel a \u00e9t\u00e9 con\u00e7ue pour garantir le maximum de protection contre les \u00e9ventuels vols: les jonctions et la serrure \u00e9lectrom\u00e9canique ne sont pas accessibles et sont positionn\u00e9es l\u00e0 o\u00f9 elles peuvent\u00a0 garantir le maximum de s\u00e9curit\u00e9, tout en pr\u00e9servant un design \u00e9l\u00e9gant et innovant.<\/p>\n\t\t\t\t\t\t\t\t<\/div>\n\t\t\t\t<\/div>\n\t\t\t\t<\/div>\n\t\t<div class=\"elementor-element elementor-element-654f694 e-con-full e-flex e-con e-child\" data-id=\"654f694\" data-element_type=\"container\" data-e-type=\"container\">\n\t\t\t\t<div class=\"elementor-element elementor-element-1034334 elementor-widget elementor-widget-image\" data-id=\"1034334\" data-element_type=\"widget\" data-e-type=\"widget\" data-widget_type=\"image.default\">\n\t\t\t\t<div class=\"elementor-widget-container\">\n\t\t\t\t\t\t\t\t\t\t\t\t\t\t\t<img loading=\"lazy\" decoding=\"async\" width=\"800\" height=\"838\" src=\"https:\/\/weelo.it\/wp-content\/uploads\/2024\/05\/weelo-fit-grafica.jpg\" class=\"attachment-full size-full wp-image-8465\" alt=\"\" srcset=\"https:\/\/weelo.it\/wp-content\/uploads\/2024\/05\/weelo-fit-grafica.jpg 800w, https:\/\/weelo.it\/wp-content\/uploads\/2024\/05\/weelo-fit-grafica-286x300.jpg 286w, https:\/\/weelo.it\/wp-content\/uploads\/2024\/05\/weelo-fit-grafica-768x804.jpg 768w\" sizes=\"(max-width: 800px) 100vw, 800px\" \/>\t\t\t\t\t\t\t\t\t\t\t\t\t\t\t<\/div>\n\t\t\t\t<\/div>\n\t\t\t\t<\/div>\n\t\t\t\t\t<\/div>\n\t\t\t\t<\/div>\n\t\t<div class=\"elementor-element elementor-element-0adde32 e-flex e-con-boxed e-con e-parent\" data-id=\"0adde32\" data-element_type=\"container\" data-e-type=\"container\">\n\t\t\t\t\t<div class=\"e-con-inner\">\n\t\t<div class=\"elementor-element elementor-element-51fe37c e-con-full e-flex e-con e-child\" data-id=\"51fe37c\" data-element_type=\"container\" data-e-type=\"container\">\n\t\t\t\t<div class=\"elementor-element elementor-element-f74a9cf elementor-widget elementor-widget-image\" data-id=\"f74a9cf\" data-element_type=\"widget\" data-e-type=\"widget\" data-widget_type=\"image.default\">\n\t\t\t\t<div class=\"elementor-widget-container\">\n\t\t\t\t\t\t\t\t\t\t\t\t\t\t\t<img loading=\"lazy\" decoding=\"async\" width=\"800\" height=\"673\" src=\"https:\/\/weelo.it\/wp-content\/uploads\/2024\/05\/weelo-fit-porta.jpg\" class=\"attachment-full size-full wp-image-8477\" alt=\"\" srcset=\"https:\/\/weelo.it\/wp-content\/uploads\/2024\/05\/weelo-fit-porta.jpg 800w, https:\/\/weelo.it\/wp-content\/uploads\/2024\/05\/weelo-fit-porta-300x252.jpg 300w, https:\/\/weelo.it\/wp-content\/uploads\/2024\/05\/weelo-fit-porta-768x646.jpg 768w\" sizes=\"(max-width: 800px) 100vw, 800px\" \/>\t\t\t\t\t\t\t\t\t\t\t\t\t\t\t<\/div>\n\t\t\t\t<\/div>\n\t\t\t\t<\/div>\n\t\t<div class=\"elementor-element elementor-element-c02c382 e-con-full e-flex e-con e-child\" data-id=\"c02c382\" data-element_type=\"container\" data-e-type=\"container\">\n\t\t\t\t<div class=\"elementor-element elementor-element-ce82aed elementor-widget elementor-widget-heading\" data-id=\"ce82aed\" data-element_type=\"widget\" data-e-type=\"widget\" data-widget_type=\"heading.default\">\n\t\t\t\t<div class=\"elementor-widget-container\">\n\t\t\t\t\t<h2 class=\"elementor-heading-title elementor-size-default\">S\u00e9curit\u00e9<\/h2>\t\t\t\t<\/div>\n\t\t\t\t<\/div>\n\t\t\t\t<div class=\"elementor-element elementor-element-1b6b93e elementor-widget elementor-widget-text-editor\" data-id=\"1b6b93e\" data-element_type=\"widget\" data-e-type=\"widget\" data-widget_type=\"text-editor.default\">\n\t\t\t\t<div class=\"elementor-widget-container\">\n\t\t\t\t\t\t\t\t\t<p>Weelo FIT est la solution optimale pour garantir une protection totale des v\u00e9los contre les intemp\u00e9ries, le vol et le vandalisme.<\/p>\n<p>Sa structure a \u00e9t\u00e9 con\u00e7ue pour une s\u00e9curisation optimale: gr\u00e2ce \u00e0 l\u2019\u00e9paisseur des mat\u00e9riaux utilis\u00e9s, \u00e0 la protection de toute jonction, des charni\u00e8res et des portes, Weelo FIT est l\u2019endroit le plus s\u00fbr o\u00f9 garer votre v\u00e9lo en ville.<\/p>\n\t\t\t\t\t\t\t\t<\/div>\n\t\t\t\t<\/div>\n\t\t\t\t<\/div>\n\t\t\t\t\t<\/div>\n\t\t\t\t<\/div>\n\t\t\t\t<\/div>\n\t\t","protected":false},"excerpt":{"rendered":"<p>Weelo FIT Weelo FIT est le stationnement v\u00e9lo qui s&rsquo;adapte \u00e0 tous les environnements. Une solution modulaire et compacte, personnalisable en termes de mat\u00e9riaux et de couleurs pour s&rsquo;int\u00e9grer harmonieusement dans son environnement. Weelo FIT est \u00e9galement disponible en version \u00e9quip\u00e9e de panneaux photovolta\u00efques, pour une autonomie \u00e9nerg\u00e9tique totale et une installation simplifi\u00e9e. Plus durable, [&hellip;]<\/p>\n","protected":false},"author":2,"featured_media":0,"parent":10243,"menu_order":0,"comment_status":"closed","ping_status":"closed","template":"","meta":{"inline_featured_image":false,"_monsterinsights_skip_tracking":false,"_monsterinsights_sitenote_active":false,"_monsterinsights_sitenote_note":"","_monsterinsights_sitenote_category":0,"_uf_show_specific_survey":0,"_uf_disable_surveys":false,"footnotes":""},"categories":[],"class_list":["post-10257","page","type-page","status-publish","hentry"],"aioseo_notices":[],"_links":{"self":[{"href":"https:\/\/weelo.it\/fr\/wp-json\/wp\/v2\/pages\/10257","targetHints":{"allow":["GET"]}}],"collection":[{"href":"https:\/\/weelo.it\/fr\/wp-json\/wp\/v2\/pages"}],"about":[{"href":"https:\/\/weelo.it\/fr\/wp-json\/wp\/v2\/types\/page"}],"author":[{"embeddable":true,"href":"https:\/\/weelo.it\/fr\/wp-json\/wp\/v2\/users\/2"}],"replies":[{"embeddable":true,"href":"https:\/\/weelo.it\/fr\/wp-json\/wp\/v2\/comments?post=10257"}],"version-history":[{"count":2,"href":"https:\/\/weelo.it\/fr\/wp-json\/wp\/v2\/pages\/10257\/revisions"}],"predecessor-version":[{"id":12161,"href":"https:\/\/weelo.it\/fr\/wp-json\/wp\/v2\/pages\/10257\/revisions\/12161"}],"up":[{"embeddable":true,"href":"https:\/\/weelo.it\/fr\/wp-json\/wp\/v2\/pages\/10243"}],"wp:attachment":[{"href":"https:\/\/weelo.it\/fr\/wp-json\/wp\/v2\/media?parent=10257"}],"wp:term":[{"taxonomy":"category","embeddable":true,"href":"https:\/\/weelo.it\/fr\/wp-json\/wp\/v2\/categories?post=10257"}],"curies":[{"name":"wp","href":"https:\/\/api.w.org\/{rel}","templated":true}]}}