{"id":10243,"date":"2023-09-22T14:58:30","date_gmt":"2023-09-22T14:58:30","guid":{"rendered":"https:\/\/weelo.it\/solutions\/bike-parking\/"},"modified":"2024-09-27T15:01:54","modified_gmt":"2024-09-27T15:01:54","slug":"bike-parking","status":"publish","type":"page","link":"https:\/\/weelo.it\/fr\/solutions\/bike-parking\/","title":{"rendered":"Bike Parking"},"content":{"rendered":"\t\t<div data-elementor-type=\"wp-page\" data-elementor-id=\"10243\" class=\"elementor elementor-10243 elementor-6585\" data-elementor-post-type=\"page\">\n\t\t\t\t<div class=\"elementor-element elementor-element-913dd69 e-con-full e-flex e-con e-parent\" data-id=\"913dd69\" data-element_type=\"container\">\n\t\t\t\t<div class=\"elementor-element elementor-element-18712eb elementor-widget elementor-widget-heading\" data-id=\"18712eb\" data-element_type=\"widget\" data-widget_type=\"heading.default\">\n\t\t\t\t<div class=\"elementor-widget-container\">\n\t\t\t\t\t<h1 class=\"elementor-heading-title elementor-size-default\">Bike Parking<\/h1>\t\t\t\t<\/div>\n\t\t\t\t<\/div>\n\t\t\t\t<div class=\"elementor-element elementor-element-0d485da elementor-widget elementor-widget-text-editor\" data-id=\"0d485da\" data-element_type=\"widget\" data-widget_type=\"text-editor.default\">\n\t\t\t\t<div class=\"elementor-widget-container\">\n\t\t\t\t\t\t\t\t\t<p><strong>Weelo Bike Parking<\/strong> propose une gamme de solutions de stationnement pour v\u00e9los, con\u00e7ues pour r\u00e9pondre aux besoins sp\u00e9cifiques de chaque projet.<\/p><p>Nos syst\u00e8mes intelligents et connect\u00e9s permettent une gestion optimale des places de stationnement et une am\u00e9lioration de l&rsquo;exp\u00e9rience utilisateur.<\/p>\t\t\t\t\t\t\t\t<\/div>\n\t\t\t\t<\/div>\n\t\t\t\t<\/div>\n\t\t<div class=\"elementor-element elementor-element-4c737f3 e-con-full e-flex e-con e-parent\" data-id=\"4c737f3\" data-element_type=\"container\">\n\t\t<div class=\"elementor-element elementor-element-619a1e9 e-con-full column-min-height e-flex e-con e-child\" data-id=\"619a1e9\" data-element_type=\"container\" data-settings=\"{&quot;background_background&quot;:&quot;slideshow&quot;,&quot;background_slideshow_gallery&quot;:[{&quot;id&quot;:5714,&quot;url&quot;:&quot;http:\\\/\\\/weelo.it\\\/wp-content\\\/uploads\\\/2023\\\/04\\\/gorgonzolahub_low.jpg&quot;},{&quot;id&quot;:3786,&quot;url&quot;:&quot;http:\\\/\\\/weelo.it\\\/wp-content\\\/uploads\\\/2022\\\/03\\\/5DD5135-WeeloHub-Parma-92.jpg&quot;},{&quot;id&quot;:3785,&quot;url&quot;:&quot;http:\\\/\\\/weelo.it\\\/wp-content\\\/uploads\\\/2022\\\/03\\\/5DD5084-WeeloHub-Parma-80.jpg&quot;},{&quot;id&quot;:3804,&quot;url&quot;:&quot;http:\\\/\\\/weelo.it\\\/wp-content\\\/uploads\\\/2022\\\/03\\\/5DD4873-WeeloHub-Parma-19.jpg&quot;},{&quot;id&quot;:3783,&quot;url&quot;:&quot;http:\\\/\\\/weelo.it\\\/wp-content\\\/uploads\\\/2022\\\/03\\\/5DD4909-WeeloHub-Parma-28.jpg&quot;},{&quot;id&quot;:5711,&quot;url&quot;:&quot;http:\\\/\\\/weelo.it\\\/wp-content\\\/uploads\\\/2023\\\/04\\\/gorgonzolahub_low2.jpg&quot;}],&quot;background_slideshow_slide_duration&quot;:4000,&quot;background_slideshow_lazyload&quot;:&quot;yes&quot;,&quot;background_slideshow_ken_burns&quot;:&quot;yes&quot;,&quot;background_slideshow_loop&quot;:&quot;yes&quot;,&quot;background_slideshow_slide_transition&quot;:&quot;fade&quot;,&quot;background_slideshow_transition_duration&quot;:500,&quot;background_slideshow_ken_burns_zoom_direction&quot;:&quot;in&quot;}\">\n\t\t\t\t<\/div>\n\t\t<div class=\"elementor-element elementor-element-b466305 e-con-full e-flex e-con e-child\" data-id=\"b466305\" data-element_type=\"container\" data-settings=\"{&quot;background_background&quot;:&quot;classic&quot;}\">\n\t\t<div class=\"elementor-element elementor-element-77c062e e-flex e-con-boxed e-con e-child\" data-id=\"77c062e\" data-element_type=\"container\">\n\t\t\t\t\t<div class=\"e-con-inner\">\n\t\t\t\t<div class=\"elementor-element elementor-element-4dc4a21 elementor-widget elementor-widget-image\" data-id=\"4dc4a21\" data-element_type=\"widget\" data-widget_type=\"image.default\">\n\t\t\t\t<div class=\"elementor-widget-container\">\n\t\t\t\t\t\t\t\t\t\t\t\t\t\t\t<img decoding=\"async\" width=\"233\" height=\"138\" src=\"https:\/\/weelo.it\/wp-content\/uploads\/2022\/03\/weelohub.svg\" class=\"attachment-full size-full wp-image-3936\" alt=\"\" \/>\t\t\t\t\t\t\t\t\t\t\t\t\t\t\t<\/div>\n\t\t\t\t<\/div>\n\t\t\t\t<div class=\"elementor-element elementor-element-6c31514 elementor-widget elementor-widget-heading\" data-id=\"6c31514\" data-element_type=\"widget\" data-widget_type=\"heading.default\">\n\t\t\t\t<div class=\"elementor-widget-container\">\n\t\t\t\t\t<h2 class=\"elementor-heading-title elementor-size-default\">Weelo HUB<\/h2>\t\t\t\t<\/div>\n\t\t\t\t<\/div>\n\t\t\t\t\t<\/div>\n\t\t\t\t<\/div>\n\t\t\t\t<div class=\"elementor-element elementor-element-1c658d5 elementor-widget elementor-widget-text-editor\" data-id=\"1c658d5\" data-element_type=\"widget\" data-widget_type=\"text-editor.default\">\n\t\t\t\t<div class=\"elementor-widget-container\">\n\t\t\t\t\t\t\t\t\t<p><strong>Weelo HUB<\/strong> est notre solution urbaine et modulaire, con\u00e7ue pour tous les lieux o\u00f9 il est essentiel de trouver un stationnement s\u00e9curis\u00e9 pour votre v\u00e9lo, comme les gares, les \u00e9coles ou les universit\u00e9s.<\/p>\n<p>Vous pourrez y garer votre v\u00e9lo en toute s\u00e9curit\u00e9, aux c\u00f4t\u00e9s de nombreux autres, gr\u00e2ce \u00e0 une surveillance vid\u00e9o 24h\/24.<\/p>\t\t\t\t\t\t\t\t<\/div>\n\t\t\t\t<\/div>\n\t\t\t\t<div class=\"elementor-element elementor-element-da5e05d servziTable elementor-widget elementor-widget-text-editor\" data-id=\"da5e05d\" data-element_type=\"widget\" data-widget_type=\"text-editor.default\">\n\t\t\t\t<div class=\"elementor-widget-container\">\n\t\t\t\t\t\t\t\t\t<table>\n<tbody>\n<tr>\n<td><strong>Dimensions<\/strong><\/td>\n<td>6,05 x 11,80 m\u00e8tres<\/td>\n<\/tr>\n<tr>\n<td><strong>Zones d&rsquo;utilisation<\/strong><\/td>\n<td>N\u0153uds intermodaux et zones \u00e0 forte fr\u00e9quentation<\/td>\n<\/tr>\n<tr>\n<td><strong>Nombre de v\u00e9los<\/strong><\/td>\n<td>Jusqu&rsquo;\u00e0 80<\/td>\n<\/tr>\n<tr>\n<td><strong>Vid\u00e9osurveillance<\/strong><\/td>\n<td>Oui<\/td>\n<\/tr>\n<\/tbody>\n<\/table>\n\t\t\t\t\t\t\t\t<\/div>\n\t\t\t\t<\/div>\n\t\t\t\t<div class=\"elementor-element elementor-element-4c58a54 elementor-widget elementor-widget-button\" data-id=\"4c58a54\" data-element_type=\"widget\" data-widget_type=\"button.default\">\n\t\t\t\t<div class=\"elementor-widget-container\">\n\t\t\t\t\t\t\t\t\t<div class=\"elementor-button-wrapper\">\n\t\t\t\t\t<a class=\"elementor-button elementor-button-link elementor-size-xl\" href=\"https:\/\/weelo.it\/fr\/solutions\/weelo-hub\/\">\n\t\t\t\t\t\t<span class=\"elementor-button-content-wrapper\">\n\t\t\t\t\t\t<span class=\"elementor-button-icon\">\n\t\t\t\t<i aria-hidden=\"true\" class=\"fas fa-arrow-right\"><\/i>\t\t\t<\/span>\n\t\t\t\t\t\t\t\t\t<span class=\"elementor-button-text\">En savoir plus sur Weelo HUB<\/span>\n\t\t\t\t\t<\/span>\n\t\t\t\t\t<\/a>\n\t\t\t\t<\/div>\n\t\t\t\t\t\t\t\t<\/div>\n\t\t\t\t<\/div>\n\t\t\t\t<\/div>\n\t\t\t\t<\/div>\n\t\t<div class=\"elementor-element elementor-element-bad662a e-con-full e-flex e-con e-parent\" data-id=\"bad662a\" data-element_type=\"container\">\n\t\t<div class=\"elementor-element elementor-element-bc02cdd e-con-full e-flex e-con e-child\" data-id=\"bc02cdd\" data-element_type=\"container\" data-settings=\"{&quot;background_background&quot;:&quot;classic&quot;}\">\n\t\t<div class=\"elementor-element elementor-element-296fa75 e-flex e-con-boxed e-con e-child\" data-id=\"296fa75\" data-element_type=\"container\">\n\t\t\t\t\t<div class=\"e-con-inner\">\n\t\t\t\t<div class=\"elementor-element elementor-element-4239011 elementor-widget elementor-widget-image\" data-id=\"4239011\" data-element_type=\"widget\" data-widget_type=\"image.default\">\n\t\t\t\t<div class=\"elementor-widget-container\">\n\t\t\t\t\t\t\t\t\t\t\t\t\t\t\t<img decoding=\"async\" width=\"204\" height=\"100\" src=\"https:\/\/weelo.it\/wp-content\/uploads\/2022\/03\/weelobox.svg\" class=\"attachment-large size-large wp-image-3934\" alt=\"\" \/>\t\t\t\t\t\t\t\t\t\t\t\t\t\t\t<\/div>\n\t\t\t\t<\/div>\n\t\t\t\t<div class=\"elementor-element elementor-element-fdd3eec elementor-widget elementor-widget-heading\" data-id=\"fdd3eec\" data-element_type=\"widget\" data-widget_type=\"heading.default\">\n\t\t\t\t<div class=\"elementor-widget-container\">\n\t\t\t\t\t<h2 class=\"elementor-heading-title elementor-size-default\">Weelo BOX<\/h2>\t\t\t\t<\/div>\n\t\t\t\t<\/div>\n\t\t\t\t\t<\/div>\n\t\t\t\t<\/div>\n\t\t\t\t<div class=\"elementor-element elementor-element-04cd1c0 elementor-widget elementor-widget-text-editor\" data-id=\"04cd1c0\" data-element_type=\"widget\" data-widget_type=\"text-editor.default\">\n\t\t\t\t<div class=\"elementor-widget-container\">\n\t\t\t\t\t\t\t\t\t<p><strong>Weelo BOX<\/strong> est notre solution de stationnement pour v\u00e9los, con\u00e7ue pour les rues de la ville. Pratique comme un arr\u00eat de bus, vous en trouverez un tous les 300 ou 500 m\u00e8tres, et il occupe peu d&rsquo;espace : juste ce qu&rsquo;il faut pour votre v\u00e9lo.<\/p>\n<p>De plus, Weelo BOX embellit et organise votre ville !<\/p>\n<p>Saviez-vous qu&rsquo;une place de voiture occupe l&rsquo;espace de 8 v\u00e9los ?<\/p>\n\t\t\t\t\t\t\t\t<\/div>\n\t\t\t\t<\/div>\n\t\t\t\t<div class=\"elementor-element elementor-element-767ce1d servziTable elementor-widget elementor-widget-text-editor\" data-id=\"767ce1d\" data-element_type=\"widget\" data-widget_type=\"text-editor.default\">\n\t\t\t\t<div class=\"elementor-widget-container\">\n\t\t\t\t\t\t\t\t\t<table>\n<tbody>\n<tr>\n<td><strong>Dimensions<\/strong><\/td>\n<td>L&rsquo;\u00e9quivalent d&rsquo;une place de voiture<\/td>\n<\/tr>\n<tr>\n<td><strong>Zones d&rsquo;utilisation<\/strong><\/td>\n<td>Centre-ville, n\u0153uds intermodaux<\/td>\n<\/tr>\n<tr>\n<td><strong>Nombre de v\u00e9los<\/strong><\/td>\n<td>8, 12, 16, 20<\/td>\n<\/tr>\n<tr>\n<td><strong>Vid\u00e9osurveillance<\/strong><\/td>\n<td>Oui<\/td>\n<\/tr>\n<\/tbody>\n<\/table>\n\t\t\t\t\t\t\t\t<\/div>\n\t\t\t\t<\/div>\n\t\t\t\t<div class=\"elementor-element elementor-element-6e30060 elementor-widget elementor-widget-button\" data-id=\"6e30060\" data-element_type=\"widget\" data-widget_type=\"button.default\">\n\t\t\t\t<div class=\"elementor-widget-container\">\n\t\t\t\t\t\t\t\t\t<div class=\"elementor-button-wrapper\">\n\t\t\t\t\t<a class=\"elementor-button elementor-button-link elementor-size-xl\" href=\"https:\/\/weelo.it\/fr\/solutions\/weelo-box\/\">\n\t\t\t\t\t\t<span class=\"elementor-button-content-wrapper\">\n\t\t\t\t\t\t<span class=\"elementor-button-icon\">\n\t\t\t\t<i aria-hidden=\"true\" class=\"fas fa-arrow-right\"><\/i>\t\t\t<\/span>\n\t\t\t\t\t\t\t\t\t<span class=\"elementor-button-text\">En savoir plus sur Weelo BOX<\/span>\n\t\t\t\t\t<\/span>\n\t\t\t\t\t<\/a>\n\t\t\t\t<\/div>\n\t\t\t\t\t\t\t\t<\/div>\n\t\t\t\t<\/div>\n\t\t\t\t<\/div>\n\t\t<div class=\"elementor-element elementor-element-0f9f2f1 e-con-full column-min-height e-flex e-con e-child\" data-id=\"0f9f2f1\" data-element_type=\"container\" data-settings=\"{&quot;background_background&quot;:&quot;slideshow&quot;,&quot;background_slideshow_gallery&quot;:[{&quot;id&quot;:6458,&quot;url&quot;:&quot;http:\\\/\\\/weelo.it\\\/wp-content\\\/uploads\\\/2023\\\/08\\\/homeparking1.png&quot;},{&quot;id&quot;:6590,&quot;url&quot;:&quot;http:\\\/\\\/weelo.it\\\/wp-content\\\/uploads\\\/2023\\\/09\\\/boxaltoadige.png&quot;},{&quot;id&quot;:6593,&quot;url&quot;:&quot;http:\\\/\\\/weelo.it\\\/wp-content\\\/uploads\\\/2023\\\/09\\\/boxaltoadige2.png&quot;}],&quot;background_slideshow_lazyload&quot;:&quot;yes&quot;,&quot;background_slideshow_ken_burns&quot;:&quot;yes&quot;,&quot;background_slideshow_loop&quot;:&quot;yes&quot;,&quot;background_slideshow_slide_duration&quot;:5000,&quot;background_slideshow_slide_transition&quot;:&quot;fade&quot;,&quot;background_slideshow_transition_duration&quot;:500,&quot;background_slideshow_ken_burns_zoom_direction&quot;:&quot;in&quot;}\">\n\t\t\t\t<\/div>\n\t\t\t\t<\/div>\n\t\t<div class=\"elementor-element elementor-element-dc4f64e e-con-full e-flex e-con e-parent\" data-id=\"dc4f64e\" data-element_type=\"container\">\n\t\t<div class=\"elementor-element elementor-element-7c4fb04 e-con-full column-min-height e-flex e-con e-child\" data-id=\"7c4fb04\" data-element_type=\"container\" data-settings=\"{&quot;background_background&quot;:&quot;slideshow&quot;,&quot;background_slideshow_gallery&quot;:[{&quot;id&quot;:8433,&quot;url&quot;:&quot;http:\\\/\\\/weelo.it\\\/wp-content\\\/uploads\\\/2024\\\/05\\\/weelo-fit-3.jpg&quot;},{&quot;id&quot;:8439,&quot;url&quot;:&quot;http:\\\/\\\/weelo.it\\\/wp-content\\\/uploads\\\/2024\\\/05\\\/weelo-fit-1.jpg&quot;},{&quot;id&quot;:8442,&quot;url&quot;:&quot;http:\\\/\\\/weelo.it\\\/wp-content\\\/uploads\\\/2024\\\/05\\\/weelo-fit-2.jpg&quot;},{&quot;id&quot;:8430,&quot;url&quot;:&quot;http:\\\/\\\/weelo.it\\\/wp-content\\\/uploads\\\/2024\\\/05\\\/weelo-fit-5.jpg&quot;}],&quot;background_slideshow_slide_duration&quot;:4000,&quot;background_slideshow_lazyload&quot;:&quot;yes&quot;,&quot;background_slideshow_ken_burns&quot;:&quot;yes&quot;,&quot;background_slideshow_loop&quot;:&quot;yes&quot;,&quot;background_slideshow_slide_transition&quot;:&quot;fade&quot;,&quot;background_slideshow_transition_duration&quot;:500,&quot;background_slideshow_ken_burns_zoom_direction&quot;:&quot;in&quot;}\">\n\t\t\t\t<\/div>\n\t\t<div class=\"elementor-element elementor-element-17e880b e-con-full e-flex e-con e-child\" data-id=\"17e880b\" data-element_type=\"container\" data-settings=\"{&quot;background_background&quot;:&quot;classic&quot;}\">\n\t\t<div class=\"elementor-element elementor-element-829eaf7 e-flex e-con-boxed e-con e-child\" data-id=\"829eaf7\" data-element_type=\"container\">\n\t\t\t\t\t<div class=\"e-con-inner\">\n\t\t\t\t<div class=\"elementor-element elementor-element-b22103c elementor-widget elementor-widget-image\" data-id=\"b22103c\" data-element_type=\"widget\" data-widget_type=\"image.default\">\n\t\t\t\t<div class=\"elementor-widget-container\">\n\t\t\t\t\t\t\t\t\t\t\t\t\t\t\t<img fetchpriority=\"high\" decoding=\"async\" width=\"800\" height=\"800\" src=\"https:\/\/weelo.it\/wp-content\/uploads\/2024\/05\/weelofit-5.svg\" class=\"attachment-large size-large wp-image-8416\" alt=\"\" \/>\t\t\t\t\t\t\t\t\t\t\t\t\t\t\t<\/div>\n\t\t\t\t<\/div>\n\t\t\t\t<div class=\"elementor-element elementor-element-f628a77 elementor-widget elementor-widget-heading\" data-id=\"f628a77\" data-element_type=\"widget\" data-widget_type=\"heading.default\">\n\t\t\t\t<div class=\"elementor-widget-container\">\n\t\t\t\t\t<h2 class=\"elementor-heading-title elementor-size-default\">Weelo FIT<\/h2>\t\t\t\t<\/div>\n\t\t\t\t<\/div>\n\t\t\t\t\t<\/div>\n\t\t\t\t<\/div>\n\t\t\t\t<div class=\"elementor-element elementor-element-f26a607 elementor-widget elementor-widget-text-editor\" data-id=\"f26a607\" data-element_type=\"widget\" data-widget_type=\"text-editor.default\">\n\t\t\t\t<div class=\"elementor-widget-container\">\n\t\t\t\t\t\t\t\t\t<p><strong>Weelo FIT<\/strong> est un stationnement v\u00e9lo adaptable \u00e0 tous les environnements.<\/p>\n<p>Modulaire et compact, il peut \u00eatre personnalis\u00e9 en termes de mat\u00e9riaux et de couleurs pour s&rsquo;int\u00e9grer harmonieusement \u00e0 son environnement.<\/p>\n\t\t\t\t\t\t\t\t<\/div>\n\t\t\t\t<\/div>\n\t\t\t\t<div class=\"elementor-element elementor-element-4953ff6 servziTable elementor-widget elementor-widget-text-editor\" data-id=\"4953ff6\" data-element_type=\"widget\" data-widget_type=\"text-editor.default\">\n\t\t\t\t<div class=\"elementor-widget-container\">\n\t\t\t\t\t\t\t\t\t<table>\n<tbody>\n<tr>\n<td><strong>Dimensions<\/strong><\/td>\n<td>\u00a0Adapt\u00e9es \u00e0 l&rsquo;espace disponible<\/td>\n<\/tr>\n<tr>\n<td><strong>Zones d&rsquo;utilisation<\/strong><\/td>\n<td>N\u0153uds intermodaux et zones \u00e0 forte fr\u00e9quentation<\/td>\n<\/tr>\n<tr>\n<td><strong>Nombre de v\u00e9los<\/strong><\/td>\n<td>Jusqu&rsquo;\u00e0 80<\/td>\n<\/tr>\n<tr>\n<td><strong>Vid\u00e9osurveillance<\/strong><\/td>\n<td>Oui<\/td>\n<\/tr>\n<\/tbody>\n<\/table>\n\t\t\t\t\t\t\t\t<\/div>\n\t\t\t\t<\/div>\n\t\t\t\t<div class=\"elementor-element elementor-element-9b5413f elementor-widget elementor-widget-button\" data-id=\"9b5413f\" data-element_type=\"widget\" data-widget_type=\"button.default\">\n\t\t\t\t<div class=\"elementor-widget-container\">\n\t\t\t\t\t\t\t\t\t<div class=\"elementor-button-wrapper\">\n\t\t\t\t\t<a class=\"elementor-button elementor-button-link elementor-size-xl\" href=\"https:\/\/weelo.it\/fr\/solutions\/weelo-fit\/\">\n\t\t\t\t\t\t<span class=\"elementor-button-content-wrapper\">\n\t\t\t\t\t\t<span class=\"elementor-button-icon\">\n\t\t\t\t<i aria-hidden=\"true\" class=\"fas fa-arrow-right\"><\/i>\t\t\t<\/span>\n\t\t\t\t\t\t\t\t\t<span class=\"elementor-button-text\">En savoir plus sur Weelo FIT<\/span>\n\t\t\t\t\t<\/span>\n\t\t\t\t\t<\/a>\n\t\t\t\t<\/div>\n\t\t\t\t\t\t\t\t<\/div>\n\t\t\t\t<\/div>\n\t\t\t\t<\/div>\n\t\t\t\t<\/div>\n\t\t<div class=\"elementor-element elementor-element-e12e15a e-con-full e-flex e-con e-parent\" data-id=\"e12e15a\" data-element_type=\"container\">\n\t\t<div class=\"elementor-element elementor-element-40a356e e-con-full e-flex e-con e-child\" data-id=\"40a356e\" data-element_type=\"container\" data-settings=\"{&quot;background_background&quot;:&quot;classic&quot;}\">\n\t\t<div class=\"elementor-element elementor-element-08ed297 e-flex e-con-boxed e-con e-child\" data-id=\"08ed297\" data-element_type=\"container\">\n\t\t\t\t\t<div class=\"e-con-inner\">\n\t\t\t\t<div class=\"elementor-element elementor-element-a04c9ab elementor-widget elementor-widget-image\" data-id=\"a04c9ab\" data-element_type=\"widget\" data-widget_type=\"image.default\">\n\t\t\t\t<div class=\"elementor-widget-container\">\n\t\t\t\t\t\t\t\t\t\t\t\t\t\t\t<img loading=\"lazy\" decoding=\"async\" width=\"188\" height=\"155\" src=\"https:\/\/weelo.it\/wp-content\/uploads\/2022\/03\/weelogate.svg\" class=\"attachment-full size-full wp-image-3935\" alt=\"\" \/>\t\t\t\t\t\t\t\t\t\t\t\t\t\t\t<\/div>\n\t\t\t\t<\/div>\n\t\t\t\t<div class=\"elementor-element elementor-element-f746dad elementor-widget elementor-widget-heading\" data-id=\"f746dad\" data-element_type=\"widget\" data-widget_type=\"heading.default\">\n\t\t\t\t<div class=\"elementor-widget-container\">\n\t\t\t\t\t<h2 class=\"elementor-heading-title elementor-size-default\">Weelo IN<\/h2>\t\t\t\t<\/div>\n\t\t\t\t<\/div>\n\t\t\t\t\t<\/div>\n\t\t\t\t<\/div>\n\t\t\t\t<div class=\"elementor-element elementor-element-564c952 elementor-widget elementor-widget-text-editor\" data-id=\"564c952\" data-element_type=\"widget\" data-widget_type=\"text-editor.default\">\n\t\t\t\t<div class=\"elementor-widget-container\">\n\t\t\t\t\t\t\t\t\t<p><strong>Weelo IN<\/strong> est la technologie qui permet de transformer n&rsquo;importe quel espace en v\u00e8lostations Weelo.<\/p>\n<p><strong>Weelo IN<\/strong> est un moyen rapide et facile de convertir un espace inutilis\u00e9 en une ressource pr\u00e9cieuse pour la communaut\u00e9.<\/p>\n\t\t\t\t\t\t\t\t<\/div>\n\t\t\t\t<\/div>\n\t\t\t\t<div class=\"elementor-element elementor-element-2b84744 elementor-widget elementor-widget-button\" data-id=\"2b84744\" data-element_type=\"widget\" data-widget_type=\"button.default\">\n\t\t\t\t<div class=\"elementor-widget-container\">\n\t\t\t\t\t\t\t\t\t<div class=\"elementor-button-wrapper\">\n\t\t\t\t\t<a class=\"elementor-button elementor-button-link elementor-size-xl\" href=\"https:\/\/weelo.it\/fr\/solutions\/weelo-in\/\">\n\t\t\t\t\t\t<span class=\"elementor-button-content-wrapper\">\n\t\t\t\t\t\t<span class=\"elementor-button-icon\">\n\t\t\t\t<i aria-hidden=\"true\" class=\"fas fa-arrow-right\"><\/i>\t\t\t<\/span>\n\t\t\t\t\t\t\t\t\t<span class=\"elementor-button-text\">En savoir plus sur Weelo IN<\/span>\n\t\t\t\t\t<\/span>\n\t\t\t\t\t<\/a>\n\t\t\t\t<\/div>\n\t\t\t\t\t\t\t\t<\/div>\n\t\t\t\t<\/div>\n\t\t\t\t<\/div>\n\t\t<div class=\"elementor-element elementor-element-cba3e3d e-con-full column-min-height e-flex e-con e-child\" data-id=\"cba3e3d\" data-element_type=\"container\" data-settings=\"{&quot;background_background&quot;:&quot;classic&quot;}\">\n\t\t\t\t<\/div>\n\t\t\t\t<\/div>\n\t\t<div class=\"elementor-element elementor-element-4b1a95f e-flex e-con-boxed e-con e-parent\" data-id=\"4b1a95f\" data-element_type=\"container\">\n\t\t\t\t\t<div class=\"e-con-inner\">\n\t\t\t\t<div class=\"elementor-element elementor-element-9af1302 elementor-widget elementor-widget-heading\" data-id=\"9af1302\" data-element_type=\"widget\" data-widget_type=\"heading.default\">\n\t\t\t\t<div class=\"elementor-widget-container\">\n\t\t\t\t\t<h2 class=\"elementor-heading-title elementor-size-default\">P\u00e9dalons ensemble vers l'avenir!<\/h2>\t\t\t\t<\/div>\n\t\t\t\t<\/div>\n\t\t\t\t<div class=\"elementor-element elementor-element-bdf8f74 elementor-align-center elementor-widget elementor-widget-button\" data-id=\"bdf8f74\" data-element_type=\"widget\" data-widget_type=\"button.default\">\n\t\t\t\t<div class=\"elementor-widget-container\">\n\t\t\t\t\t\t\t\t\t<div class=\"elementor-button-wrapper\">\n\t\t\t\t\t<a class=\"elementor-button elementor-button-link elementor-size-xs\" href=\"https:\/\/weelo.it\/fr\/contactez-nous\/\">\n\t\t\t\t\t\t<span class=\"elementor-button-content-wrapper\">\n\t\t\t\t\t\t\t\t\t<span class=\"elementor-button-text\">Prenez rendez-vous pour construire avec nous votre projet de mobilit\u00e9 durable<\/span>\n\t\t\t\t\t<\/span>\n\t\t\t\t\t<\/a>\n\t\t\t\t<\/div>\n\t\t\t\t\t\t\t\t<\/div>\n\t\t\t\t<\/div>\n\t\t\t\t\t<\/div>\n\t\t\t\t<\/div>\n\t\t\t\t<\/div>\n\t\t","protected":false},"excerpt":{"rendered":"<p>Weelo Bike Parking propose une gamme de solutions de stationnement pour v\u00e9los, con\u00e7ues pour r\u00e9pondre aux besoins sp\u00e9cifiques de chaque projet. Nos syst\u00e8mes intelligents et connect\u00e9s permettent une gestion optimale des places de stationnement et une am\u00e9lioration de l&rsquo;exp\u00e9rience utilisateur. Weelo HUB Weelo HUB est notre solution urbaine et modulaire, con\u00e7ue pour tous les lieux [&hellip;]<\/p>\n","protected":false},"author":4,"featured_media":0,"parent":8857,"menu_order":0,"comment_status":"closed","ping_status":"closed","template":"","meta":{"inline_featured_image":false,"_monsterinsights_skip_tracking":false,"_monsterinsights_sitenote_active":false,"_monsterinsights_sitenote_note":"","_monsterinsights_sitenote_category":0,"_uf_show_specific_survey":0,"_uf_disable_surveys":false,"footnotes":""},"categories":[],"class_list":["post-10243","page","type-page","status-publish","hentry"],"aioseo_notices":[],"_links":{"self":[{"href":"https:\/\/weelo.it\/fr\/wp-json\/wp\/v2\/pages\/10243","targetHints":{"allow":["GET"]}}],"collection":[{"href":"https:\/\/weelo.it\/fr\/wp-json\/wp\/v2\/pages"}],"about":[{"href":"https:\/\/weelo.it\/fr\/wp-json\/wp\/v2\/types\/page"}],"author":[{"embeddable":true,"href":"https:\/\/weelo.it\/fr\/wp-json\/wp\/v2\/users\/4"}],"replies":[{"embeddable":true,"href":"https:\/\/weelo.it\/fr\/wp-json\/wp\/v2\/comments?post=10243"}],"version-history":[{"count":15,"href":"https:\/\/weelo.it\/fr\/wp-json\/wp\/v2\/pages\/10243\/revisions"}],"predecessor-version":[{"id":12137,"href":"https:\/\/weelo.it\/fr\/wp-json\/wp\/v2\/pages\/10243\/revisions\/12137"}],"up":[{"embeddable":true,"href":"https:\/\/weelo.it\/fr\/wp-json\/wp\/v2\/pages\/8857"}],"wp:attachment":[{"href":"https:\/\/weelo.it\/fr\/wp-json\/wp\/v2\/media?parent=10243"}],"wp:term":[{"taxonomy":"category","embeddable":true,"href":"https:\/\/weelo.it\/fr\/wp-json\/wp\/v2\/categories?post=10243"}],"curies":[{"name":"wp","href":"https:\/\/api.w.org\/{rel}","templated":true}]}}