{"id":10371,"date":"2024-05-29T12:50:38","date_gmt":"2024-05-29T12:50:38","guid":{"rendered":"https:\/\/weelo.it\/soluciones\/bike-rental\/"},"modified":"2024-09-27T11:44:44","modified_gmt":"2024-09-27T11:44:44","slug":"bike-rental","status":"publish","type":"page","link":"https:\/\/weelo.it\/es\/soluciones\/bike-rental\/","title":{"rendered":"Bike Rental"},"content":{"rendered":"\t\t<div data-elementor-type=\"wp-page\" data-elementor-id=\"10371\" class=\"elementor elementor-10371 elementor-8503\" data-elementor-post-type=\"page\">\n\t\t\t\t<div class=\"elementor-element elementor-element-aaffdef e-con-full e-flex e-con e-parent\" data-id=\"aaffdef\" data-element_type=\"container\">\n\t\t\t\t<div class=\"elementor-element elementor-element-371dd67 elementor-widget elementor-widget-heading\" data-id=\"371dd67\" data-element_type=\"widget\" data-widget_type=\"heading.default\">\n\t\t\t\t<div class=\"elementor-widget-container\">\n\t\t\t\t\t<h1 class=\"elementor-heading-title elementor-size-default\">Bike Rental<\/h1>\t\t\t\t<\/div>\n\t\t\t\t<\/div>\n\t\t\t\t<div class=\"elementor-element elementor-element-22492a6 elementor-widget elementor-widget-text-editor\" data-id=\"22492a6\" data-element_type=\"widget\" data-widget_type=\"text-editor.default\">\n\t\t\t\t<div class=\"elementor-widget-container\">\n\t\t\t\t\t\t\t\t\t<p>Weelo Bike Rental: el futuro del alquiler de bicicletas<\/p>\n\t\t\t\t\t\t\t\t<\/div>\n\t\t\t\t<\/div>\n\t\t\t\t<\/div>\n\t\t<div class=\"elementor-element elementor-element-273c427 e-flex e-con-boxed e-con e-parent\" data-id=\"273c427\" data-element_type=\"container\" data-settings=\"{&quot;background_background&quot;:&quot;classic&quot;}\">\n\t\t\t\t\t<div class=\"e-con-inner\">\n\t\t<div class=\"elementor-element elementor-element-2f55e25 e-con-full e-flex e-con e-child\" data-id=\"2f55e25\" data-element_type=\"container\">\n\t\t\t\t<div class=\"elementor-element elementor-element-2ecbe9f elementor-widget elementor-widget-text-editor\" data-id=\"2ecbe9f\" data-element_type=\"widget\" data-widget_type=\"text-editor.default\">\n\t\t\t\t<div class=\"elementor-widget-container\">\n\t\t\t\t\t\t\t\t\t<p><strong>Weelo Bike Rental<\/strong> es un sistema automatizado que permite a los usuarios reservar y recoger bicicletas de forma f\u00e1cil y r\u00e1pida, las 24 horas del d\u00eda, los 7 d\u00edas de la semana.<\/p>\n<p>Con <strong>Weelo Bike Rental<\/strong>, las administraciones p\u00fablicas ofrecen a sus ciudadanos un servicio de alquiler de bicicletas innovador, eficiente y sostenible.<\/p>\n\t\t\t\t\t\t\t\t<\/div>\n\t\t\t\t<\/div>\n\t\t\t\t<\/div>\n\t\t<div class=\"elementor-element elementor-element-32281f3 e-con-full e-flex e-con e-child\" data-id=\"32281f3\" data-element_type=\"container\">\n\t\t\t\t<div class=\"elementor-element elementor-element-ffe9eb8 elementor-widget elementor-widget-image\" data-id=\"ffe9eb8\" data-element_type=\"widget\" data-widget_type=\"image.default\">\n\t\t\t\t<div class=\"elementor-widget-container\">\n\t\t\t\t\t\t\t\t\t\t\t\t\t\t\t<img fetchpriority=\"high\" decoding=\"async\" width=\"800\" height=\"464\" src=\"https:\/\/weelo.it\/wp-content\/uploads\/2024\/05\/IMG_1885-low-e1715607758669-1024x594.jpg\" class=\"attachment-large size-large wp-image-8221\" alt=\"\" srcset=\"https:\/\/weelo.it\/wp-content\/uploads\/2024\/05\/IMG_1885-low-e1715607758669-1024x594.jpg 1024w, https:\/\/weelo.it\/wp-content\/uploads\/2024\/05\/IMG_1885-low-e1715607758669-300x174.jpg 300w, https:\/\/weelo.it\/wp-content\/uploads\/2024\/05\/IMG_1885-low-e1715607758669-768x445.jpg 768w, https:\/\/weelo.it\/wp-content\/uploads\/2024\/05\/IMG_1885-low-e1715607758669.jpg 1330w\" sizes=\"(max-width: 800px) 100vw, 800px\" \/>\t\t\t\t\t\t\t\t\t\t\t\t\t\t\t<\/div>\n\t\t\t\t<\/div>\n\t\t\t\t<\/div>\n\t\t\t\t\t<\/div>\n\t\t\t\t<\/div>\n\t\t<div class=\"elementor-element elementor-element-59b9082 e-flex e-con-boxed e-con e-parent\" data-id=\"59b9082\" data-element_type=\"container\">\n\t\t\t\t\t<div class=\"e-con-inner\">\n\t\t\t\t<div class=\"elementor-element elementor-element-a29f0f2 elementor-widget elementor-widget-heading\" data-id=\"a29f0f2\" data-element_type=\"widget\" data-widget_type=\"heading.default\">\n\t\t\t\t<div class=\"elementor-widget-container\">\n\t\t\t\t\t<h2 class=\"elementor-heading-title elementor-size-default\">Como funciona<\/h2>\t\t\t\t<\/div>\n\t\t\t\t<\/div>\n\t\t\t\t<div class=\"elementor-element elementor-element-9113e9b elementor-widget elementor-widget-text-editor\" data-id=\"9113e9b\" data-element_type=\"widget\" data-widget_type=\"text-editor.default\">\n\t\t\t\t<div class=\"elementor-widget-container\">\n\t\t\t\t\t\t\t\t\t<p data-sourcepos=\"3:1-3:93\"><strong>Reserva:<\/strong> el usuario descarga la app Weelo y reserva la bicicleta en la estaci\u00f3n deseada.<\/p>\n<p data-sourcepos=\"5:1-5:126\"><strong>Recogida:<\/strong> al llegar a la estaci\u00f3n, el usuario escanea el c\u00f3digo QR de la puerta del box para abrirlo y tomar la bicicleta.<\/p>\n<p data-sourcepos=\"7:1-7:140\"><strong>Alquiler:<\/strong> el usuario disfruta de su paseo y, para cualquier problema, el servicio de atenci\u00f3n al cliente de Weelo est\u00e1 a su disposici\u00f3n.<\/p>\n<p data-sourcepos=\"9:1-9:118\"><strong>Devoluci\u00f3n:<\/strong> al finalizar el alquiler, el usuario devuelve la bicicleta a la estaci\u00f3n Weelo y la coloca en el box.<\/p>\n\t\t\t\t\t\t\t\t<\/div>\n\t\t\t\t<\/div>\n\t\t\t\t<div class=\"elementor-element elementor-element-7f293d7 elementor-widget elementor-widget-heading\" data-id=\"7f293d7\" data-element_type=\"widget\" data-widget_type=\"heading.default\">\n\t\t\t\t<div class=\"elementor-widget-container\">\n\t\t\t\t\t<h2 class=\"elementor-heading-title elementor-size-default\">Ventajas de Weelo Bike Rental<\/h2>\t\t\t\t<\/div>\n\t\t\t\t<\/div>\n\t\t\t\t<div class=\"elementor-element elementor-element-151c8eb elementor-icon-list--layout-traditional elementor-list-item-link-full_width elementor-widget elementor-widget-icon-list\" data-id=\"151c8eb\" data-element_type=\"widget\" data-widget_type=\"icon-list.default\">\n\t\t\t\t<div class=\"elementor-widget-container\">\n\t\t\t\t\t\t\t<ul class=\"elementor-icon-list-items\">\n\t\t\t\t\t\t\t<li class=\"elementor-icon-list-item\">\n\t\t\t\t\t\t\t\t\t\t\t<span class=\"elementor-icon-list-icon\">\n\t\t\t\t\t\t\t<i aria-hidden=\"true\" class=\"fas fa-clock\"><\/i>\t\t\t\t\t\t<\/span>\n\t\t\t\t\t\t\t\t\t\t<span class=\"elementor-icon-list-text\"><strong>Disponibilidad 24\/7:<\/strong><br \/> los usuarios pueden alquilar una bici en cualquier momento, d\u00eda o noche, incluidos festivos, sin necesidad de un operador.<\/span>\n\t\t\t\t\t\t\t\t\t<\/li>\n\t\t\t\t\t\t\t\t<li class=\"elementor-icon-list-item\">\n\t\t\t\t\t\t\t\t\t\t\t<span class=\"elementor-icon-list-icon\">\n\t\t\t\t\t\t\t<i aria-hidden=\"true\" class=\"fas fa-bolt\"><\/i>\t\t\t\t\t\t<\/span>\n\t\t\t\t\t\t\t\t\t\t<span class=\"elementor-icon-list-text\"><strong>Rapidez y simplicidad:<\/strong><br \/> el proceso de reserva, recogida y devoluci\u00f3n es r\u00e1pido e intuitivo, gracias al sistema automatizado.<\/span>\n\t\t\t\t\t\t\t\t\t<\/li>\n\t\t\t\t\t\t\t\t<li class=\"elementor-icon-list-item\">\n\t\t\t\t\t\t\t\t\t\t\t<span class=\"elementor-icon-list-icon\">\n\t\t\t\t\t\t\t<i aria-hidden=\"true\" class=\"fas fa-check-square\"><\/i>\t\t\t\t\t\t<\/span>\n\t\t\t\t\t\t\t\t\t\t<span class=\"elementor-icon-list-text\"><strong>Flexibilidad:<\/strong><br \/> los uesuarios pueden elegir entre diferents tallas y tipos de bicicletas, para satisfacer todas las necesidades.<\/span>\n\t\t\t\t\t\t\t\t\t<\/li>\n\t\t\t\t\t\t\t\t<li class=\"elementor-icon-list-item\">\n\t\t\t\t\t\t\t\t\t\t\t<span class=\"elementor-icon-list-icon\">\n\t\t\t\t\t\t\t<i aria-hidden=\"true\" class=\"fas fa-lock\"><\/i>\t\t\t\t\t\t<\/span>\n\t\t\t\t\t\t\t\t\t\t<span class=\"elementor-icon-list-text\"><strong>Seguridad:<\/strong><br \/> las bicicletas est\u00e1n equipadas con sistemas antirrobo y geolocalizaci\u00f3n para garantizar la m\u00e1xima seguridad.<\/span>\n\t\t\t\t\t\t\t\t\t<\/li>\n\t\t\t\t\t\t\t\t<li class=\"elementor-icon-list-item\">\n\t\t\t\t\t\t\t\t\t\t\t<span class=\"elementor-icon-list-icon\">\n\t\t\t\t\t\t\t<i aria-hidden=\"true\" class=\"fas fa-puzzle-piece\"><\/i>\t\t\t\t\t\t<\/span>\n\t\t\t\t\t\t\t\t\t\t<span class=\"elementor-icon-list-text\"><strong>Escalabilidad:<\/strong><br \/> el sistema se puede ampliar f\u00e1cilmente para satisfacer las crecientes demandas de movilidad de la ciudad.<\/span>\n\t\t\t\t\t\t\t\t\t<\/li>\n\t\t\t\t\t\t\t\t<li class=\"elementor-icon-list-item\">\n\t\t\t\t\t\t\t\t\t\t\t<span class=\"elementor-icon-list-icon\">\n\t\t\t\t\t\t\t<i aria-hidden=\"true\" class=\"fas fa-leaf\"><\/i>\t\t\t\t\t\t<\/span>\n\t\t\t\t\t\t\t\t\t\t<span class=\"elementor-icon-list-text\"><strong>Sostenibilidad:<\/strong><br \/> Weelo Bike Rental promueve un medio de transporte ecol\u00f3gico y contribuye a reducir la contaminaci\u00f3n atmosf\u00e9rica.<\/span>\n\t\t\t\t\t\t\t\t\t<\/li>\n\t\t\t\t\t\t<\/ul>\n\t\t\t\t\t\t<\/div>\n\t\t\t\t<\/div>\n\t\t\t\t\t<\/div>\n\t\t\t\t<\/div>\n\t\t<div class=\"elementor-element elementor-element-38591d4 e-flex e-con-boxed e-con e-parent\" data-id=\"38591d4\" data-element_type=\"container\">\n\t\t\t\t\t<div class=\"e-con-inner\">\n\t\t\t\t<div class=\"elementor-element elementor-element-7d9ae74 elementor-widget elementor-widget-heading\" data-id=\"7d9ae74\" data-element_type=\"widget\" data-widget_type=\"heading.default\">\n\t\t\t\t<div class=\"elementor-widget-container\">\n\t\t\t\t\t<h2 class=\"elementor-heading-title elementor-size-default\">S\u00fabete a la silla. \u00a1Pedalea con nosotros!<\/h2>\t\t\t\t<\/div>\n\t\t\t\t<\/div>\n\t\t\t\t<div class=\"elementor-element elementor-element-51b632a elementor-align-center elementor-widget elementor-widget-button\" data-id=\"51b632a\" data-element_type=\"widget\" data-widget_type=\"button.default\">\n\t\t\t\t<div class=\"elementor-widget-container\">\n\t\t\t\t\t\t\t\t\t<div class=\"elementor-button-wrapper\">\n\t\t\t\t\t<a class=\"elementor-button elementor-button-link elementor-size-xs\" href=\"https:\/\/weelo.it\/es\/contactanos\">\n\t\t\t\t\t\t<span class=\"elementor-button-content-wrapper\">\n\t\t\t\t\t\t\t\t\t<span class=\"elementor-button-text\">Cont\u00e1ctanos para iniciar un proyecto en tu ciudad.<\/span>\n\t\t\t\t\t<\/span>\n\t\t\t\t\t<\/a>\n\t\t\t\t<\/div>\n\t\t\t\t\t\t\t\t<\/div>\n\t\t\t\t<\/div>\n\t\t\t\t\t<\/div>\n\t\t\t\t<\/div>\n\t\t\t\t<\/div>\n\t\t","protected":false},"excerpt":{"rendered":"<p>Weelo Bike Rental: el futuro del alquiler de bicicletas Weelo Bike Rental es un sistema automatizado que permite a los usuarios reservar y recoger bicicletas de forma f\u00e1cil y r\u00e1pida, las 24 horas del d\u00eda, los 7 d\u00edas de la semana. Con Weelo Bike Rental, las administraciones p\u00fablicas ofrecen a sus ciudadanos un servicio de [&hellip;]<\/p>\n","protected":false},"author":2,"featured_media":0,"parent":10318,"menu_order":0,"comment_status":"closed","ping_status":"closed","template":"","meta":{"inline_featured_image":false,"_monsterinsights_skip_tracking":false,"_monsterinsights_sitenote_active":false,"_monsterinsights_sitenote_note":"","_monsterinsights_sitenote_category":0,"_uf_show_specific_survey":0,"_uf_disable_surveys":false,"footnotes":""},"categories":[],"class_list":["post-10371","page","type-page","status-publish","hentry"],"aioseo_notices":[],"_links":{"self":[{"href":"https:\/\/weelo.it\/es\/wp-json\/wp\/v2\/pages\/10371","targetHints":{"allow":["GET"]}}],"collection":[{"href":"https:\/\/weelo.it\/es\/wp-json\/wp\/v2\/pages"}],"about":[{"href":"https:\/\/weelo.it\/es\/wp-json\/wp\/v2\/types\/page"}],"author":[{"embeddable":true,"href":"https:\/\/weelo.it\/es\/wp-json\/wp\/v2\/users\/2"}],"replies":[{"embeddable":true,"href":"https:\/\/weelo.it\/es\/wp-json\/wp\/v2\/comments?post=10371"}],"version-history":[{"count":1,"href":"https:\/\/weelo.it\/es\/wp-json\/wp\/v2\/pages\/10371\/revisions"}],"predecessor-version":[{"id":10372,"href":"https:\/\/weelo.it\/es\/wp-json\/wp\/v2\/pages\/10371\/revisions\/10372"}],"up":[{"embeddable":true,"href":"https:\/\/weelo.it\/es\/wp-json\/wp\/v2\/pages\/10318"}],"wp:attachment":[{"href":"https:\/\/weelo.it\/es\/wp-json\/wp\/v2\/media?parent=10371"}],"wp:term":[{"taxonomy":"category","embeddable":true,"href":"https:\/\/weelo.it\/es\/wp-json\/wp\/v2\/categories?post=10371"}],"curies":[{"name":"wp","href":"https:\/\/api.w.org\/{rel}","templated":true}]}}