{"id":10365,"date":"2022-07-06T14:26:34","date_gmt":"2022-07-06T14:26:34","guid":{"rendered":"https:\/\/weelo.it\/soluciones\/bike-parking\/weelo-in\/"},"modified":"2024-09-27T10:15:06","modified_gmt":"2024-09-27T10:15:06","slug":"weelo-in","status":"publish","type":"page","link":"https:\/\/weelo.it\/es\/soluciones\/bike-parking\/weelo-in\/","title":{"rendered":"Weelo IN"},"content":{"rendered":"\t\t<div data-elementor-type=\"wp-page\" data-elementor-id=\"10365\" class=\"elementor elementor-10365 elementor-5012\" data-elementor-post-type=\"page\">\n\t\t\t\t<div class=\"elementor-element elementor-element-7643fb2 e-flex e-con-boxed e-con e-parent\" data-id=\"7643fb2\" data-element_type=\"container\">\n\t\t\t\t\t<div class=\"e-con-inner\">\n\t\t<div class=\"elementor-element elementor-element-7d673f0 e-con-full e-flex e-con e-child\" data-id=\"7d673f0\" data-element_type=\"container\">\n\t\t\t\t<div class=\"elementor-element elementor-element-5e212be elementor-widget elementor-widget-heading\" data-id=\"5e212be\" data-element_type=\"widget\" data-widget_type=\"heading.default\">\n\t\t\t\t<div class=\"elementor-widget-container\">\n\t\t\t\t\t<h2 class=\"elementor-heading-title elementor-size-default\">Weelo IN<\/h2>\t\t\t\t<\/div>\n\t\t\t\t<\/div>\n\t\t\t\t<div class=\"elementor-element elementor-element-6591b68 elementor-widget elementor-widget-text-editor\" data-id=\"6591b68\" data-element_type=\"widget\" data-widget_type=\"text-editor.default\">\n\t\t\t\t<div class=\"elementor-widget-container\">\n\t\t\t\t\t\t\t\t\t<p><strong>Weelo IN<\/strong> es la tecnolog\u00eda que te permite transformar cualquier espacio en una estaci\u00f3n de bicicletas de la red Weelo.<\/p>\n<p><strong>Weelo IN<\/strong> es una forma r\u00e1pida y sencilla de convertir un espacio sin uso en un aporte fundamental para la comunidad.<\/p>\n\t\t\t\t\t\t\t\t<\/div>\n\t\t\t\t<\/div>\n\t\t\t\t<\/div>\n\t\t<div class=\"elementor-element elementor-element-dc0d60f e-con-full e-flex e-con e-child\" data-id=\"dc0d60f\" data-element_type=\"container\">\n\t\t\t\t<div class=\"elementor-element elementor-element-3e2e448 elementor-widget elementor-widget-image\" data-id=\"3e2e448\" data-element_type=\"widget\" data-widget_type=\"image.default\">\n\t\t\t\t<div class=\"elementor-widget-container\">\n\t\t\t\t\t\t\t\t\t\t\t\t\t\t\t<img fetchpriority=\"high\" decoding=\"async\" width=\"333\" height=\"437\" src=\"https:\/\/weelo.it\/wp-content\/uploads\/2022\/07\/weelo-in2.jpg\" class=\"attachment-full size-full wp-image-5090\" alt=\"\" srcset=\"https:\/\/weelo.it\/wp-content\/uploads\/2022\/07\/weelo-in2.jpg 333w, https:\/\/weelo.it\/wp-content\/uploads\/2022\/07\/weelo-in2-229x300.jpg 229w\" sizes=\"(max-width: 333px) 100vw, 333px\" \/>\t\t\t\t\t\t\t\t\t\t\t\t\t\t\t<\/div>\n\t\t\t\t<\/div>\n\t\t\t\t<\/div>\n\t\t\t\t\t<\/div>\n\t\t\t\t<\/div>\n\t\t<div class=\"elementor-element elementor-element-d9c7faf e-flex e-con-boxed e-con e-parent\" data-id=\"d9c7faf\" data-element_type=\"container\">\n\t\t\t\t\t<div class=\"e-con-inner\">\n\t\t\t\t<div class=\"elementor-element elementor-element-6b16f89 elementor-widget elementor-widget-heading\" data-id=\"6b16f89\" data-element_type=\"widget\" data-widget_type=\"heading.default\">\n\t\t\t\t<div class=\"elementor-widget-container\">\n\t\t\t\t\t<h2 class=\"elementor-heading-title elementor-size-default\">Una solucion para cada lugar<\/h2>\t\t\t\t<\/div>\n\t\t\t\t<\/div>\n\t\t\t\t<div class=\"elementor-element elementor-element-fd31a15 elementor-widget elementor-widget-text-editor\" data-id=\"fd31a15\" data-element_type=\"widget\" data-widget_type=\"text-editor.default\">\n\t\t\t\t<div class=\"elementor-widget-container\">\n\t\t\t\t\t\t\t\t\t<p><strong>Weelo IN<\/strong> se adapta a todas las estructuras que tienen necesidad de una marcha en m\u00e1s para convertirse en velostaciones completas y seguras.<\/p>\n<p>Evaluamos tu estructura e integramos lo que falta: de los ingresos automatizados al sistema de sensores, del software a los dispositivos de entrada.<\/p>\n<p>Podemos instalar todo esto o integrar solo las partes de las cuales tu estructura no est\u00e1 todav\u00eda provista.<\/p>\n\t\t\t\t\t\t\t\t<\/div>\n\t\t\t\t<\/div>\n\t\t\t\t\t<\/div>\n\t\t\t\t<\/div>\n\t\t<div class=\"elementor-element elementor-element-57bbdeb e-flex e-con-boxed e-con e-parent\" data-id=\"57bbdeb\" data-element_type=\"container\">\n\t\t\t\t\t<div class=\"e-con-inner\">\n\t\t<div class=\"elementor-element elementor-element-40015fe e-con-full e-flex e-con e-child\" data-id=\"40015fe\" data-element_type=\"container\">\n\t\t\t\t<div class=\"elementor-element elementor-element-0fc8e58 elementor-widget elementor-widget-heading\" data-id=\"0fc8e58\" data-element_type=\"widget\" data-widget_type=\"heading.default\">\n\t\t\t\t<div class=\"elementor-widget-container\">\n\t\t\t\t\t<h2 class=\"elementor-heading-title elementor-size-default\">Reserva<\/h2>\t\t\t\t<\/div>\n\t\t\t\t<\/div>\n\t\t\t\t<div class=\"elementor-element elementor-element-d77efe0 elementor-widget elementor-widget-text-editor\" data-id=\"d77efe0\" data-element_type=\"widget\" data-widget_type=\"text-editor.default\">\n\t\t\t\t<div class=\"elementor-widget-container\">\n\t\t\t\t\t\t\t\t\t<p>El usuario registrado accede a un panel de reservas donde puede seleccionar el lugar de estacionamiento para su bicicleta y el d\u00eda o d\u00edas de la reserva.<\/p>\n<p>La reserva puede realizarse por d\u00eda o por per\u00edodos m\u00e1s largos. Los usuarios habituales pueden acceder a suscripciones de larga duraci\u00f3n (semanal, mensual, etc.), configurables desde el back-end, al igual que las tarifas correspondientes.<\/p>\n\t\t\t\t\t\t\t\t<\/div>\n\t\t\t\t<\/div>\n\t\t\t\t<\/div>\n\t\t<div class=\"elementor-element elementor-element-8405a20 e-con-full e-flex e-con e-child\" data-id=\"8405a20\" data-element_type=\"container\">\n\t\t\t\t<div class=\"elementor-element elementor-element-aefafdd elementor-widget elementor-widget-image\" data-id=\"aefafdd\" data-element_type=\"widget\" data-widget_type=\"image.default\">\n\t\t\t\t<div class=\"elementor-widget-container\">\n\t\t\t\t\t\t\t\t\t\t\t\t\t\t\t<img decoding=\"async\" width=\"333\" height=\"437\" src=\"https:\/\/weelo.it\/wp-content\/uploads\/2022\/07\/weelo-box-sicurezza.jpg\" class=\"attachment-full size-full wp-image-4977\" alt=\"Accesso alla velostazione con l&#039;app di Weelo\" srcset=\"https:\/\/weelo.it\/wp-content\/uploads\/2022\/07\/weelo-box-sicurezza.jpg 333w, https:\/\/weelo.it\/wp-content\/uploads\/2022\/07\/weelo-box-sicurezza-229x300.jpg 229w\" sizes=\"(max-width: 333px) 100vw, 333px\" \/>\t\t\t\t\t\t\t\t\t\t\t\t\t\t\t<\/div>\n\t\t\t\t<\/div>\n\t\t\t\t<\/div>\n\t\t\t\t\t<\/div>\n\t\t\t\t<\/div>\n\t\t<div class=\"elementor-element elementor-element-25053ad e-flex e-con-boxed e-con e-parent\" data-id=\"25053ad\" data-element_type=\"container\">\n\t\t\t\t\t<div class=\"e-con-inner\">\n\t\t<div class=\"elementor-element elementor-element-1a2d797 e-con-full e-flex e-con e-child\" data-id=\"1a2d797\" data-element_type=\"container\">\n\t\t\t\t<div class=\"elementor-element elementor-element-4cff0d0 elementor-widget elementor-widget-image\" data-id=\"4cff0d0\" data-element_type=\"widget\" data-widget_type=\"image.default\">\n\t\t\t\t<div class=\"elementor-widget-container\">\n\t\t\t\t\t\t\t\t\t\t\t\t\t\t\t<img decoding=\"async\" width=\"333\" height=\"437\" src=\"https:\/\/weelo.it\/wp-content\/uploads\/2022\/07\/weelo-in3.jpg\" class=\"attachment-full size-full wp-image-5093\" alt=\"\" srcset=\"https:\/\/weelo.it\/wp-content\/uploads\/2022\/07\/weelo-in3.jpg 333w, https:\/\/weelo.it\/wp-content\/uploads\/2022\/07\/weelo-in3-229x300.jpg 229w\" sizes=\"(max-width: 333px) 100vw, 333px\" \/>\t\t\t\t\t\t\t\t\t\t\t\t\t\t\t<\/div>\n\t\t\t\t<\/div>\n\t\t\t\t<\/div>\n\t\t<div class=\"elementor-element elementor-element-f01ef7b e-con-full e-flex e-con e-child\" data-id=\"f01ef7b\" data-element_type=\"container\">\n\t\t\t\t<div class=\"elementor-element elementor-element-2388d97 elementor-widget elementor-widget-heading\" data-id=\"2388d97\" data-element_type=\"widget\" data-widget_type=\"heading.default\">\n\t\t\t\t<div class=\"elementor-widget-container\">\n\t\t\t\t\t<h2 class=\"elementor-heading-title elementor-size-default\">Selecci\u00f3n de plaza de estacionamiento<\/h2>\t\t\t\t<\/div>\n\t\t\t\t<\/div>\n\t\t\t\t<div class=\"elementor-element elementor-element-9b0b345 elementor-widget elementor-widget-text-editor\" data-id=\"9b0b345\" data-element_type=\"widget\" data-widget_type=\"text-editor.default\">\n\t\t\t\t<div class=\"elementor-widget-container\">\n\t\t\t\t\t\t\t\t\t<p>Cada estaci\u00f3n de bicicletas <strong>Weelo IN<\/strong> se configura de manera personalizada para que el usuario pueda conocer la disponibilidad de plazas y reservar la que prefiera, directamente desde la app.<\/p>\n\t\t\t\t\t\t\t\t<\/div>\n\t\t\t\t<\/div>\n\t\t\t\t<\/div>\n\t\t\t\t\t<\/div>\n\t\t\t\t<\/div>\n\t\t<div class=\"elementor-element elementor-element-cebce1b e-flex e-con-boxed e-con e-parent\" data-id=\"cebce1b\" data-element_type=\"container\">\n\t\t\t\t\t<div class=\"e-con-inner\">\n\t\t\t\t<div class=\"elementor-element elementor-element-02dc03a elementor-widget elementor-widget-heading\" data-id=\"02dc03a\" data-element_type=\"widget\" data-widget_type=\"heading.default\">\n\t\t\t\t<div class=\"elementor-widget-container\">\n\t\t\t\t\t<h2 class=\"elementor-heading-title elementor-size-default\">Precios<\/h2>\t\t\t\t<\/div>\n\t\t\t\t<\/div>\n\t\t\t\t<div class=\"elementor-element elementor-element-9c27349 elementor-widget elementor-widget-text-editor\" data-id=\"9c27349\" data-element_type=\"widget\" data-widget_type=\"text-editor.default\">\n\t\t\t\t<div class=\"elementor-widget-container\">\n\t\t\t\t\t\t\t\t\t<p>Con <strong>Weelo IN<\/strong> puedes configurar tarifas de uso totalmente personalizadas.<\/p>\n<p>Gracias a nuestra app, los usuarios pagan la tarifa establecida y estacionan su bicicleta por el tiempo que necesiten.<\/p>\n\t\t\t\t\t\t\t\t<\/div>\n\t\t\t\t<\/div>\n\t\t\t\t\t<\/div>\n\t\t\t\t<\/div>\n\t\t\t\t<\/div>\n\t\t","protected":false},"excerpt":{"rendered":"<p>Weelo IN Weelo IN es la tecnolog\u00eda que te permite transformar cualquier espacio en una estaci\u00f3n de bicicletas de la red Weelo. Weelo IN es una forma r\u00e1pida y sencilla de convertir un espacio sin uso en un aporte fundamental para la comunidad. Una solucion para cada lugar Weelo IN se adapta a todas las [&hellip;]<\/p>\n","protected":false},"author":2,"featured_media":0,"parent":10320,"menu_order":0,"comment_status":"closed","ping_status":"closed","template":"","meta":{"inline_featured_image":false,"_monsterinsights_skip_tracking":false,"_monsterinsights_sitenote_active":false,"_monsterinsights_sitenote_note":"","_monsterinsights_sitenote_category":0,"_uf_show_specific_survey":0,"_uf_disable_surveys":false,"footnotes":""},"categories":[],"class_list":["post-10365","page","type-page","status-publish","hentry"],"aioseo_notices":[],"_links":{"self":[{"href":"https:\/\/weelo.it\/es\/wp-json\/wp\/v2\/pages\/10365","targetHints":{"allow":["GET"]}}],"collection":[{"href":"https:\/\/weelo.it\/es\/wp-json\/wp\/v2\/pages"}],"about":[{"href":"https:\/\/weelo.it\/es\/wp-json\/wp\/v2\/types\/page"}],"author":[{"embeddable":true,"href":"https:\/\/weelo.it\/es\/wp-json\/wp\/v2\/users\/2"}],"replies":[{"embeddable":true,"href":"https:\/\/weelo.it\/es\/wp-json\/wp\/v2\/comments?post=10365"}],"version-history":[{"count":1,"href":"https:\/\/weelo.it\/es\/wp-json\/wp\/v2\/pages\/10365\/revisions"}],"predecessor-version":[{"id":10368,"href":"https:\/\/weelo.it\/es\/wp-json\/wp\/v2\/pages\/10365\/revisions\/10368"}],"up":[{"embeddable":true,"href":"https:\/\/weelo.it\/es\/wp-json\/wp\/v2\/pages\/10320"}],"wp:attachment":[{"href":"https:\/\/weelo.it\/es\/wp-json\/wp\/v2\/media?parent=10365"}],"wp:term":[{"taxonomy":"category","embeddable":true,"href":"https:\/\/weelo.it\/es\/wp-json\/wp\/v2\/categories?post=10365"}],"curies":[{"name":"wp","href":"https:\/\/api.w.org\/{rel}","templated":true}]}}