{"id":10362,"date":"2024-05-29T11:02:51","date_gmt":"2024-05-29T11:02:51","guid":{"rendered":"https:\/\/weelo.it\/soluciones\/bike-parking\/weelo-fit\/"},"modified":"2024-09-27T09:31:19","modified_gmt":"2024-09-27T09:31:19","slug":"weelo-fit","status":"publish","type":"page","link":"https:\/\/weelo.it\/es\/soluciones\/bike-parking\/weelo-fit\/","title":{"rendered":"Weelo FIT"},"content":{"rendered":"\t\t<div data-elementor-type=\"wp-page\" data-elementor-id=\"10362\" class=\"elementor elementor-10362 elementor-8425\" data-elementor-post-type=\"page\">\n\t\t\t\t<div class=\"elementor-element elementor-element-d44bdd3 e-flex e-con-boxed e-con e-parent\" data-id=\"d44bdd3\" data-element_type=\"container\">\n\t\t\t\t\t<div class=\"e-con-inner\">\n\t\t<div class=\"elementor-element elementor-element-55b9183 e-con-full e-flex e-con e-child\" data-id=\"55b9183\" data-element_type=\"container\">\n\t\t\t\t<div class=\"elementor-element elementor-element-9cc38a3 elementor-widget elementor-widget-heading\" data-id=\"9cc38a3\" data-element_type=\"widget\" data-widget_type=\"heading.default\">\n\t\t\t\t<div class=\"elementor-widget-container\">\n\t\t\t\t\t<h2 class=\"elementor-heading-title elementor-size-default\">Weelo FIT<\/h2>\t\t\t\t<\/div>\n\t\t\t\t<\/div>\n\t\t\t\t<div class=\"elementor-element elementor-element-67688cf elementor-widget elementor-widget-text-editor\" data-id=\"67688cf\" data-element_type=\"widget\" data-widget_type=\"text-editor.default\">\n\t\t\t\t<div class=\"elementor-widget-container\">\n\t\t\t\t\t\t\t\t\t<p><span dir=\"ltr\" role=\"presentation\">Weelo FIT es el parking para bicicletas que le queda bien a todo. Una soluci\u00f3n modular y compacta , que se puede personalizar en cuanto a materiales de\u00a0<\/span><span dir=\"ltr\" role=\"presentation\">revestimiento\u00a0<\/span><span dir=\"ltr\" role=\"presentation\">y colores para integrarse armoniosamente en el\u00a0<\/span><span dir=\"ltr\" role=\"presentation\">contexto.<\/span><\/p>\n\t\t\t\t\t\t\t\t<\/div>\n\t\t\t\t<\/div>\n\t\t\t\t<\/div>\n\t\t<div class=\"elementor-element elementor-element-5fb0424 e-con-full e-flex e-con e-child\" data-id=\"5fb0424\" data-element_type=\"container\">\n\t\t\t\t<div class=\"elementor-element elementor-element-763b0cb elementor-widget elementor-widget-video\" data-id=\"763b0cb\" data-element_type=\"widget\" data-settings=\"{&quot;youtube_url&quot;:&quot;https:\\\/\\\/www.youtube.com\\\/watch?v=ZOeQt1m_5ks&quot;,&quot;yt_privacy&quot;:&quot;yes&quot;,&quot;video_type&quot;:&quot;youtube&quot;,&quot;controls&quot;:&quot;yes&quot;}\" data-widget_type=\"video.default\">\n\t\t\t\t<div class=\"elementor-widget-container\">\n\t\t\t\t\t\t\t<div class=\"elementor-wrapper elementor-open-inline\">\n\t\t\t<div class=\"elementor-video\"><\/div>\t\t<\/div>\n\t\t\t\t\t\t<\/div>\n\t\t\t\t<\/div>\n\t\t\t\t<\/div>\n\t\t\t\t\t<\/div>\n\t\t\t\t<\/div>\n\t\t<div class=\"elementor-element elementor-element-ff38eb9 e-flex e-con-boxed e-con e-parent\" data-id=\"ff38eb9\" data-element_type=\"container\" data-settings=\"{&quot;background_background&quot;:&quot;classic&quot;}\">\n\t\t\t\t\t<div class=\"e-con-inner\">\n\t\t\t\t<div class=\"elementor-element elementor-element-fd16561 elementor-widget elementor-widget-heading\" data-id=\"fd16561\" data-element_type=\"widget\" data-widget_type=\"heading.default\">\n\t\t\t\t<div class=\"elementor-widget-container\">\n\t\t\t\t\t<h2 class=\"elementor-heading-title elementor-size-default\">Datos t\u00e9cnicos<\/h2>\t\t\t\t<\/div>\n\t\t\t\t<\/div>\n\t\t\t\t<div class=\"elementor-element elementor-element-84143f5 servziTable elementor-widget elementor-widget-text-editor\" data-id=\"84143f5\" data-element_type=\"widget\" data-widget_type=\"text-editor.default\">\n\t\t\t\t<div class=\"elementor-widget-container\">\n\t\t\t\t\t\t\t\t\t<table>\n<tbody>\n<tr>\n<td><strong>Tama\u00f1o<\/strong><\/td>\n<td>8 plazas \u2013 cm 497\u00d7201 (una plaza de aparcamiento de coche)<\/td>\n<\/tr>\n<tr>\n<td><strong>\u00c1reas de uso<\/strong><\/td>\n<td>en cada calle o plaza, en toda la ciudad<\/td>\n<\/tr>\n<tr>\n<td><strong>Numero de bicis<br \/>\n<\/strong><\/td>\n<td>8, 12, 16, 20<\/td>\n<\/tr>\n<tr>\n<td><strong>Accesorios<\/strong><\/td>\n<td>videovigilancia, Bike Lab, sensores de calidad del aire, cartelera digital<\/td>\n<\/tr>\n<tr>\n<td><strong>Color<\/strong><\/td>\n<td>personalizable, colores RAL, revestimientos<\/td>\n<\/tr>\n<\/tbody>\n<\/table>\n\t\t\t\t\t\t\t\t<\/div>\n\t\t\t\t<\/div>\n\t\t\t\t\t<\/div>\n\t\t\t\t<\/div>\n\t\t<div class=\"elementor-element elementor-element-ae7fae5 e-flex e-con-boxed e-con e-parent\" data-id=\"ae7fae5\" data-element_type=\"container\">\n\t\t\t\t\t<div class=\"e-con-inner\">\n\t\t<div class=\"elementor-element elementor-element-2b6e307 e-con-full e-flex e-con e-child\" data-id=\"2b6e307\" data-element_type=\"container\">\n\t\t\t\t<div class=\"elementor-element elementor-element-af20bd7 elementor-widget elementor-widget-image\" data-id=\"af20bd7\" data-element_type=\"widget\" data-widget_type=\"image.default\">\n\t\t\t\t<div class=\"elementor-widget-container\">\n\t\t\t\t\t\t\t\t\t\t\t\t\t\t\t<img fetchpriority=\"high\" decoding=\"async\" width=\"800\" height=\"873\" src=\"https:\/\/weelo.it\/wp-content\/uploads\/2024\/05\/weelo-fit-interno-2.jpg\" class=\"attachment-full size-full wp-image-8455\" alt=\"\" srcset=\"https:\/\/weelo.it\/wp-content\/uploads\/2024\/05\/weelo-fit-interno-2.jpg 800w, https:\/\/weelo.it\/wp-content\/uploads\/2024\/05\/weelo-fit-interno-2-275x300.jpg 275w, https:\/\/weelo.it\/wp-content\/uploads\/2024\/05\/weelo-fit-interno-2-768x838.jpg 768w\" sizes=\"(max-width: 800px) 100vw, 800px\" \/>\t\t\t\t\t\t\t\t\t\t\t\t\t\t\t<\/div>\n\t\t\t\t<\/div>\n\t\t\t\t<\/div>\n\t\t<div class=\"elementor-element elementor-element-b144dfc e-con-full e-flex e-con e-child\" data-id=\"b144dfc\" data-element_type=\"container\">\n\t\t\t\t<div class=\"elementor-element elementor-element-a7ce160 elementor-widget elementor-widget-heading\" data-id=\"a7ce160\" data-element_type=\"widget\" data-widget_type=\"heading.default\">\n\t\t\t\t<div class=\"elementor-widget-container\">\n\t\t\t\t\t<h2 class=\"elementor-heading-title elementor-size-default\">Interno<\/h2>\t\t\t\t<\/div>\n\t\t\t\t<\/div>\n\t\t\t\t<div class=\"elementor-element elementor-element-d9ac858 elementor-widget elementor-widget-text-editor\" data-id=\"d9ac858\" data-element_type=\"widget\" data-widget_type=\"text-editor.default\">\n\t\t\t\t<div class=\"elementor-widget-container\">\n\t\t\t\t\t\t\t\t\t<p>Cada box es perfecto para una bicicleta y sus accesorios (cascos, mochilas, etc.).<\/p>\n<p>La luz interior se enciende autom\u00e1ticamente al abrir la puerta, garantizando que no se olvide nada.<\/p>\n\t\t\t\t\t\t\t\t<\/div>\n\t\t\t\t<\/div>\n\t\t\t\t<\/div>\n\t\t\t\t\t<\/div>\n\t\t\t\t<\/div>\n\t\t<div class=\"elementor-element elementor-element-de847ab e-flex e-con-boxed e-con e-parent\" data-id=\"de847ab\" data-element_type=\"container\">\n\t\t\t\t\t<div class=\"e-con-inner\">\n\t\t<div class=\"elementor-element elementor-element-e9df672 e-con-full e-flex e-con e-child\" data-id=\"e9df672\" data-element_type=\"container\">\n\t\t\t\t<div class=\"elementor-element elementor-element-70615cc elementor-widget elementor-widget-heading\" data-id=\"70615cc\" data-element_type=\"widget\" data-widget_type=\"heading.default\">\n\t\t\t\t<div class=\"elementor-widget-container\">\n\t\t\t\t\t<h2 class=\"elementor-heading-title elementor-size-default\">Modularidad<\/h2>\t\t\t\t<\/div>\n\t\t\t\t<\/div>\n\t\t\t\t<div class=\"elementor-element elementor-element-129969a elementor-widget elementor-widget-text-editor\" data-id=\"129969a\" data-element_type=\"widget\" data-widget_type=\"text-editor.default\">\n\t\t\t\t<div class=\"elementor-widget-container\">\n\t\t\t\t\t\t\t\t\t<p><strong>Weelo FIT <\/strong>nace con la idea de ser vers\u00e1til y modular: es posible a\u00f1adir plazas de bicicletas de forma horizontal.<\/p>\n<p>Esta modalidad constructiva permite aumentar o disminuir el n\u00famero de boxes, garantizando la necesaria flexibilidad a lo largo del tiempo.<\/p>\n\t\t\t\t\t\t\t\t<\/div>\n\t\t\t\t<\/div>\n\t\t\t\t<\/div>\n\t\t<div class=\"elementor-element elementor-element-3ab93dd e-con-full e-flex e-con e-child\" data-id=\"3ab93dd\" data-element_type=\"container\">\n\t\t\t\t<div class=\"elementor-element elementor-element-d63aae0 elementor-widget elementor-widget-image\" data-id=\"d63aae0\" data-element_type=\"widget\" data-widget_type=\"image.default\">\n\t\t\t\t<div class=\"elementor-widget-container\">\n\t\t\t\t\t\t\t\t\t\t\t\t\t\t\t<img decoding=\"async\" width=\"800\" height=\"536\" src=\"https:\/\/weelo.it\/wp-content\/uploads\/2024\/05\/weelo-fit-modularita.jpg\" class=\"attachment-full size-full wp-image-8474\" alt=\"\" srcset=\"https:\/\/weelo.it\/wp-content\/uploads\/2024\/05\/weelo-fit-modularita.jpg 800w, https:\/\/weelo.it\/wp-content\/uploads\/2024\/05\/weelo-fit-modularita-300x201.jpg 300w, https:\/\/weelo.it\/wp-content\/uploads\/2024\/05\/weelo-fit-modularita-768x515.jpg 768w\" sizes=\"(max-width: 800px) 100vw, 800px\" \/>\t\t\t\t\t\t\t\t\t\t\t\t\t\t\t<\/div>\n\t\t\t\t<\/div>\n\t\t\t\t<\/div>\n\t\t\t\t\t<\/div>\n\t\t\t\t<\/div>\n\t\t<div class=\"elementor-element elementor-element-ae8a5ac e-flex e-con-boxed e-con e-parent\" data-id=\"ae8a5ac\" data-element_type=\"container\">\n\t\t\t\t\t<div class=\"e-con-inner\">\n\t\t<div class=\"elementor-element elementor-element-ce53dfa e-con-full e-flex e-con e-child\" data-id=\"ce53dfa\" data-element_type=\"container\">\n\t\t\t\t<div class=\"elementor-element elementor-element-3bbbf0e elementor-widget elementor-widget-image\" data-id=\"3bbbf0e\" data-element_type=\"widget\" data-widget_type=\"image.default\">\n\t\t\t\t<div class=\"elementor-widget-container\">\n\t\t\t\t\t\t\t\t\t\t\t\t\t\t\t<img decoding=\"async\" width=\"800\" height=\"546\" src=\"https:\/\/weelo.it\/wp-content\/uploads\/2024\/05\/weelo-fit-materiali.jpg\" class=\"attachment-full size-full wp-image-8471\" alt=\"\" srcset=\"https:\/\/weelo.it\/wp-content\/uploads\/2024\/05\/weelo-fit-materiali.jpg 800w, https:\/\/weelo.it\/wp-content\/uploads\/2024\/05\/weelo-fit-materiali-300x205.jpg 300w, https:\/\/weelo.it\/wp-content\/uploads\/2024\/05\/weelo-fit-materiali-768x524.jpg 768w\" sizes=\"(max-width: 800px) 100vw, 800px\" \/>\t\t\t\t\t\t\t\t\t\t\t\t\t\t\t<\/div>\n\t\t\t\t<\/div>\n\t\t\t\t<\/div>\n\t\t<div class=\"elementor-element elementor-element-17225d2 e-con-full e-flex e-con e-child\" data-id=\"17225d2\" data-element_type=\"container\">\n\t\t\t\t<div class=\"elementor-element elementor-element-48099a9 elementor-widget elementor-widget-heading\" data-id=\"48099a9\" data-element_type=\"widget\" data-widget_type=\"heading.default\">\n\t\t\t\t<div class=\"elementor-widget-container\">\n\t\t\t\t\t<h2 class=\"elementor-heading-title elementor-size-default\">Materiales<\/h2>\t\t\t\t<\/div>\n\t\t\t\t<\/div>\n\t\t\t\t<div class=\"elementor-element elementor-element-9df1652 elementor-widget elementor-widget-text-editor\" data-id=\"9df1652\" data-element_type=\"widget\" data-widget_type=\"text-editor.default\">\n\t\t\t\t<div class=\"elementor-widget-container\">\n\t\t\t\t\t\t\t\t\t<div class=\"p-pdf_iframe__page\" aria-label=\"Page 2\" data-page-number=\"2\">\n<div class=\"p-pdf_iframe__page\" aria-label=\"Page 2\" data-page-number=\"2\">\n<div class=\"p-pdf_iframe__page\" aria-label=\"Page 2\" data-page-number=\"2\">\n<div class=\"textLayer\">El box para bicicletas est\u00e1 fabricado completamente en chapa de acero galvanizado y pintado, prensada, dimensionada y con un grosor variable.<\/div>\n<div class=\"textLayer\">El box se compone de una estructura portante que permite el ensamblaje de m\u00faltiples m\u00f3dulos, mediante uniones atornilladas de acero inoxidable.<\/div>\n<div class=\"textLayer\">Las paredes divisorias tambi\u00e9n est\u00e1n fabricadas en chapa de acero galvanizado y pintado, fijada a la estructura portante mec\u00e1nicamente con tornillos.<\/div>\n<\/div>\n<\/div>\n<\/div>\n\t\t\t\t\t\t\t\t<\/div>\n\t\t\t\t<\/div>\n\t\t\t\t<\/div>\n\t\t\t\t\t<\/div>\n\t\t\t\t<\/div>\n\t\t<div class=\"elementor-element elementor-element-0ae3f06 e-flex e-con-boxed e-con e-parent\" data-id=\"0ae3f06\" data-element_type=\"container\">\n\t\t\t\t\t<div class=\"e-con-inner\">\n\t\t<div class=\"elementor-element elementor-element-fd84409 e-con-full e-flex e-con e-child\" data-id=\"fd84409\" data-element_type=\"container\">\n\t\t\t\t<div class=\"elementor-element elementor-element-c11defd elementor-widget elementor-widget-heading\" data-id=\"c11defd\" data-element_type=\"widget\" data-widget_type=\"heading.default\">\n\t\t\t\t<div class=\"elementor-widget-container\">\n\t\t\t\t\t<h2 class=\"elementor-heading-title elementor-size-default\">Estilo y personalizaci\u00f3n gr\u00e1fica <\/h2>\t\t\t\t<\/div>\n\t\t\t\t<\/div>\n\t\t\t\t<div class=\"elementor-element elementor-element-fc43ad2 elementor-widget elementor-widget-text-editor\" data-id=\"fc43ad2\" data-element_type=\"widget\" data-widget_type=\"text-editor.default\">\n\t\t\t\t<div class=\"elementor-widget-container\">\n\t\t\t\t\t\t\t\t\t<p>La puerta de acceso, elemento distintivo del dise\u00f1o Weelo, est\u00e1 compuesta por una estructura portante de chapa de acero galvanizado y pintado, prensada, y un panel de relleno s\u00f3lido\/perforado.<\/p>\n<p>Gracias a la forma especial del marco, se combina una l\u00e1mina lisa con una perforada, lo que permite la inspecci\u00f3n del interior y la circulaci\u00f3n de aire.<\/p>\n\t\t\t\t\t\t\t\t<\/div>\n\t\t\t\t<\/div>\n\t\t\t\t<\/div>\n\t\t<div class=\"elementor-element elementor-element-654f694 e-con-full e-flex e-con e-child\" data-id=\"654f694\" data-element_type=\"container\">\n\t\t\t\t<div class=\"elementor-element elementor-element-1034334 elementor-widget elementor-widget-image\" data-id=\"1034334\" data-element_type=\"widget\" data-widget_type=\"image.default\">\n\t\t\t\t<div class=\"elementor-widget-container\">\n\t\t\t\t\t\t\t\t\t\t\t\t\t\t\t<img loading=\"lazy\" decoding=\"async\" width=\"800\" height=\"838\" src=\"https:\/\/weelo.it\/wp-content\/uploads\/2024\/05\/weelo-fit-grafica.jpg\" class=\"attachment-full size-full wp-image-8465\" alt=\"\" srcset=\"https:\/\/weelo.it\/wp-content\/uploads\/2024\/05\/weelo-fit-grafica.jpg 800w, https:\/\/weelo.it\/wp-content\/uploads\/2024\/05\/weelo-fit-grafica-286x300.jpg 286w, https:\/\/weelo.it\/wp-content\/uploads\/2024\/05\/weelo-fit-grafica-768x804.jpg 768w\" sizes=\"(max-width: 800px) 100vw, 800px\" \/>\t\t\t\t\t\t\t\t\t\t\t\t\t\t\t<\/div>\n\t\t\t\t<\/div>\n\t\t\t\t<\/div>\n\t\t\t\t\t<\/div>\n\t\t\t\t<\/div>\n\t\t<div class=\"elementor-element elementor-element-0adde32 e-flex e-con-boxed e-con e-parent\" data-id=\"0adde32\" data-element_type=\"container\">\n\t\t\t\t\t<div class=\"e-con-inner\">\n\t\t<div class=\"elementor-element elementor-element-51fe37c e-con-full e-flex e-con e-child\" data-id=\"51fe37c\" data-element_type=\"container\">\n\t\t\t\t<div class=\"elementor-element elementor-element-f74a9cf elementor-widget elementor-widget-image\" data-id=\"f74a9cf\" data-element_type=\"widget\" data-widget_type=\"image.default\">\n\t\t\t\t<div class=\"elementor-widget-container\">\n\t\t\t\t\t\t\t\t\t\t\t\t\t\t\t<img loading=\"lazy\" decoding=\"async\" width=\"800\" height=\"673\" src=\"https:\/\/weelo.it\/wp-content\/uploads\/2024\/05\/weelo-fit-porta.jpg\" class=\"attachment-full size-full wp-image-8477\" alt=\"\" srcset=\"https:\/\/weelo.it\/wp-content\/uploads\/2024\/05\/weelo-fit-porta.jpg 800w, https:\/\/weelo.it\/wp-content\/uploads\/2024\/05\/weelo-fit-porta-300x252.jpg 300w, https:\/\/weelo.it\/wp-content\/uploads\/2024\/05\/weelo-fit-porta-768x646.jpg 768w\" sizes=\"(max-width: 800px) 100vw, 800px\" \/>\t\t\t\t\t\t\t\t\t\t\t\t\t\t\t<\/div>\n\t\t\t\t<\/div>\n\t\t\t\t<\/div>\n\t\t<div class=\"elementor-element elementor-element-c02c382 e-con-full e-flex e-con e-child\" data-id=\"c02c382\" data-element_type=\"container\">\n\t\t\t\t<div class=\"elementor-element elementor-element-ce82aed elementor-widget elementor-widget-heading\" data-id=\"ce82aed\" data-element_type=\"widget\" data-widget_type=\"heading.default\">\n\t\t\t\t<div class=\"elementor-widget-container\">\n\t\t\t\t\t<h2 class=\"elementor-heading-title elementor-size-default\">Seguridad<\/h2>\t\t\t\t<\/div>\n\t\t\t\t<\/div>\n\t\t\t\t<div class=\"elementor-element elementor-element-1b6b93e elementor-widget elementor-widget-text-editor\" data-id=\"1b6b93e\" data-element_type=\"widget\" data-widget_type=\"text-editor.default\">\n\t\t\t\t<div class=\"elementor-widget-container\">\n\t\t\t\t\t\t\t\t\t<p>La puerta de cada box ha sido dise\u00f1ada para ofrecer la m\u00e1xima protecci\u00f3n contra robos: las bisagras y la cerradura electromec\u00e1nica est\u00e1n ubicadas en una posici\u00f3n protegida e inaccesible, lo que garantiza una alta seguridad y un dise\u00f1o elegante y sofisticado.<\/p>\n\t\t\t\t\t\t\t\t<\/div>\n\t\t\t\t<\/div>\n\t\t\t\t<\/div>\n\t\t\t\t\t<\/div>\n\t\t\t\t<\/div>\n\t\t\t\t<\/div>\n\t\t","protected":false},"excerpt":{"rendered":"<p>Weelo FIT Weelo FIT es el parking para bicicletas que le queda bien a todo. Una soluci\u00f3n modular y compacta , que se puede personalizar en cuanto a materiales de\u00a0revestimiento\u00a0y colores para integrarse armoniosamente en el\u00a0contexto. Datos t\u00e9cnicos Tama\u00f1o 8 plazas \u2013 cm 497\u00d7201 (una plaza de aparcamiento de coche) \u00c1reas de uso en cada [&hellip;]<\/p>\n","protected":false},"author":2,"featured_media":0,"parent":10320,"menu_order":0,"comment_status":"closed","ping_status":"closed","template":"","meta":{"inline_featured_image":false,"_monsterinsights_skip_tracking":false,"_monsterinsights_sitenote_active":false,"_monsterinsights_sitenote_note":"","_monsterinsights_sitenote_category":0,"_uf_show_specific_survey":0,"_uf_disable_surveys":false,"footnotes":""},"categories":[],"class_list":["post-10362","page","type-page","status-publish","hentry"],"aioseo_notices":[],"_links":{"self":[{"href":"https:\/\/weelo.it\/es\/wp-json\/wp\/v2\/pages\/10362","targetHints":{"allow":["GET"]}}],"collection":[{"href":"https:\/\/weelo.it\/es\/wp-json\/wp\/v2\/pages"}],"about":[{"href":"https:\/\/weelo.it\/es\/wp-json\/wp\/v2\/types\/page"}],"author":[{"embeddable":true,"href":"https:\/\/weelo.it\/es\/wp-json\/wp\/v2\/users\/2"}],"replies":[{"embeddable":true,"href":"https:\/\/weelo.it\/es\/wp-json\/wp\/v2\/comments?post=10362"}],"version-history":[{"count":1,"href":"https:\/\/weelo.it\/es\/wp-json\/wp\/v2\/pages\/10362\/revisions"}],"predecessor-version":[{"id":10363,"href":"https:\/\/weelo.it\/es\/wp-json\/wp\/v2\/pages\/10362\/revisions\/10363"}],"up":[{"embeddable":true,"href":"https:\/\/weelo.it\/es\/wp-json\/wp\/v2\/pages\/10320"}],"wp:attachment":[{"href":"https:\/\/weelo.it\/es\/wp-json\/wp\/v2\/media?parent=10362"}],"wp:term":[{"taxonomy":"category","embeddable":true,"href":"https:\/\/weelo.it\/es\/wp-json\/wp\/v2\/categories?post=10362"}],"curies":[{"name":"wp","href":"https:\/\/api.w.org\/{rel}","templated":true}]}}