{"id":10335,"date":"2022-07-01T08:37:25","date_gmt":"2022-07-01T08:37:25","guid":{"rendered":"https:\/\/weelo.it\/soluciones\/bike-parking\/weelo-box\/"},"modified":"2024-09-27T09:19:11","modified_gmt":"2024-09-27T09:19:11","slug":"weelo-box","status":"publish","type":"page","link":"https:\/\/weelo.it\/es\/soluciones\/bike-parking\/weelo-box\/","title":{"rendered":"Weelo BOX"},"content":{"rendered":"\t\t<div data-elementor-type=\"wp-page\" data-elementor-id=\"10335\" class=\"elementor elementor-10335 elementor-4951\" data-elementor-post-type=\"page\">\n\t\t\t\t<div class=\"elementor-element elementor-element-7878339 e-flex e-con-boxed e-con e-parent\" data-id=\"7878339\" data-element_type=\"container\">\n\t\t\t\t\t<div class=\"e-con-inner\">\n\t\t<div class=\"elementor-element elementor-element-3028393 e-con-full e-flex e-con e-child\" data-id=\"3028393\" data-element_type=\"container\">\n\t\t\t\t<div class=\"elementor-element elementor-element-8ee764e elementor-widget elementor-widget-heading\" data-id=\"8ee764e\" data-element_type=\"widget\" data-widget_type=\"heading.default\">\n\t\t\t\t<div class=\"elementor-widget-container\">\n\t\t\t\t\t<h2 class=\"elementor-heading-title elementor-size-default\">Weelo BOX<\/h2>\t\t\t\t<\/div>\n\t\t\t\t<\/div>\n\t\t\t\t<div class=\"elementor-element elementor-element-b872c9e elementor-widget elementor-widget-text-editor\" data-id=\"b872c9e\" data-element_type=\"widget\" data-widget_type=\"text-editor.default\">\n\t\t\t\t<div class=\"elementor-widget-container\">\n\t\t\t\t\t\t\t\t\t<p><span dir=\"ltr\" role=\"presentation\"><span><strong>Weelo BOX<\/strong> es la soluci\u00f3n para crear una amplia red de aparcamientos seguros para\u00a0<\/span><\/span><span dir=\"ltr\" role=\"presentation\"><span>las bicicletas de los ciudadanos.<\/span><\/span><\/p>\n<p><span dir=\"ltr\" role=\"presentation\"><span>Con un dise\u00f1o atractivo, <strong>Weelo BOX<\/strong> se puede\u00a0<\/span><\/span><span dir=\"ltr\" role=\"presentation\"><span>instalar f\u00e1cilmente en las calles y plazas de tu ciudad, no necesita\u00a0<\/span><\/span><span dir=\"ltr\" role=\"presentation\"><span>conexiones el\u00e9ctricas y en el espacio de una sola plaza de aparcamiento puedes guardar hasta 8\u00a0<\/span><\/span><span dir=\"ltr\" role=\"presentation\"><span>bicicletas.<\/span><\/span><\/p>\n\t\t\t\t\t\t\t\t<\/div>\n\t\t\t\t<\/div>\n\t\t\t\t<\/div>\n\t\t<div class=\"elementor-element elementor-element-9947ab3 e-con-full e-flex e-con e-child\" data-id=\"9947ab3\" data-element_type=\"container\">\n\t\t\t\t<div class=\"elementor-element elementor-element-f4dd059 elementor-widget elementor-widget-video\" data-id=\"f4dd059\" data-element_type=\"widget\" data-settings=\"{&quot;youtube_url&quot;:&quot;https:\\\/\\\/www.youtube.com\\\/watch?v=ceiwQlXENzQ&quot;,&quot;autoplay&quot;:&quot;yes&quot;,&quot;play_on_mobile&quot;:&quot;yes&quot;,&quot;video_type&quot;:&quot;youtube&quot;}\" data-widget_type=\"video.default\">\n\t\t\t\t<div class=\"elementor-widget-container\">\n\t\t\t\t\t\t\t<div class=\"elementor-wrapper elementor-open-inline\">\n\t\t\t<div class=\"elementor-video\"><\/div>\t\t<\/div>\n\t\t\t\t\t\t<\/div>\n\t\t\t\t<\/div>\n\t\t\t\t<\/div>\n\t\t\t\t\t<\/div>\n\t\t\t\t<\/div>\n\t\t<div class=\"elementor-element elementor-element-cc5de7b e-flex e-con-boxed e-con e-parent\" data-id=\"cc5de7b\" data-element_type=\"container\" data-settings=\"{&quot;background_background&quot;:&quot;classic&quot;}\">\n\t\t\t\t\t<div class=\"e-con-inner\">\n\t\t\t\t<div class=\"elementor-element elementor-element-08c72f1 elementor-widget elementor-widget-heading\" data-id=\"08c72f1\" data-element_type=\"widget\" data-widget_type=\"heading.default\">\n\t\t\t\t<div class=\"elementor-widget-container\">\n\t\t\t\t\t<h2 class=\"elementor-heading-title elementor-size-default\">Datos t\u00e9cnicos<\/h2>\t\t\t\t<\/div>\n\t\t\t\t<\/div>\n\t\t\t\t<div class=\"elementor-element elementor-element-3fbda54 servziTable elementor-widget elementor-widget-text-editor\" data-id=\"3fbda54\" data-element_type=\"widget\" data-widget_type=\"text-editor.default\">\n\t\t\t\t<div class=\"elementor-widget-container\">\n\t\t\t\t\t\t\t\t\t<table><tbody><tr><td><strong>Tama\u00f1o<\/strong><\/td><td>8 plazas &#8211; cm 497&#215;201 (una plaza de aparcamiento de coche)<\/td><\/tr><tr><td><strong>\u00c1reas de uso<\/strong><\/td><td>en cada calle o plaza, en toda la ciudad<\/td><\/tr><tr><td><strong>Numero de bicis<br \/><\/strong><\/td><td>8, 12, 16, 20<\/td><\/tr><tr><td><strong>Accesorios<\/strong><\/td><td>videovigilancia, Bike Lab, sensores de calidad del aire, cartelera digital<\/td><\/tr><tr><td><strong>Color<\/strong><\/td><td>personalizable, colores RAL<\/td><\/tr><\/tbody><\/table>\t\t\t\t\t\t\t\t<\/div>\n\t\t\t\t<\/div>\n\t\t\t\t\t<\/div>\n\t\t\t\t<\/div>\n\t\t<div class=\"elementor-element elementor-element-d90b407 e-flex e-con-boxed e-con e-parent\" data-id=\"d90b407\" data-element_type=\"container\">\n\t\t\t\t\t<div class=\"e-con-inner\">\n\t\t<div class=\"elementor-element elementor-element-743e9ef e-con-full e-flex e-con e-child\" data-id=\"743e9ef\" data-element_type=\"container\">\n\t\t\t\t<div class=\"elementor-element elementor-element-5d030c3 elementor-widget elementor-widget-image\" data-id=\"5d030c3\" data-element_type=\"widget\" data-widget_type=\"image.default\">\n\t\t\t\t<div class=\"elementor-widget-container\">\n\t\t\t\t\t\t\t\t\t\t\t\t\t\t\t<img fetchpriority=\"high\" decoding=\"async\" width=\"1920\" height=\"1079\" src=\"https:\/\/weelo.it\/wp-content\/uploads\/2023\/11\/1.jpg\" class=\"attachment-full size-full wp-image-7077\" alt=\"\" srcset=\"https:\/\/weelo.it\/wp-content\/uploads\/2023\/11\/1.jpg 1920w, https:\/\/weelo.it\/wp-content\/uploads\/2023\/11\/1-300x169.jpg 300w, https:\/\/weelo.it\/wp-content\/uploads\/2023\/11\/1-1024x575.jpg 1024w, https:\/\/weelo.it\/wp-content\/uploads\/2023\/11\/1-768x432.jpg 768w, https:\/\/weelo.it\/wp-content\/uploads\/2023\/11\/1-1536x863.jpg 1536w\" sizes=\"(max-width: 1920px) 100vw, 1920px\" \/>\t\t\t\t\t\t\t\t\t\t\t\t\t\t\t<\/div>\n\t\t\t\t<\/div>\n\t\t\t\t<\/div>\n\t\t<div class=\"elementor-element elementor-element-6a03a00 e-con-full e-flex e-con e-child\" data-id=\"6a03a00\" data-element_type=\"container\">\n\t\t\t\t<div class=\"elementor-element elementor-element-22b1919 elementor-widget elementor-widget-heading\" data-id=\"22b1919\" data-element_type=\"widget\" data-widget_type=\"heading.default\">\n\t\t\t\t<div class=\"elementor-widget-container\">\n\t\t\t\t\t<h2 class=\"elementor-heading-title elementor-size-default\">Interno<\/h2>\t\t\t\t<\/div>\n\t\t\t\t<\/div>\n\t\t\t\t<div class=\"elementor-element elementor-element-bb12c99 elementor-widget elementor-widget-text-editor\" data-id=\"bb12c99\" data-element_type=\"widget\" data-widget_type=\"text-editor.default\">\n\t\t\t\t<div class=\"elementor-widget-container\">\n\t\t\t\t\t\t\t\t\t<p><span dir=\"ltr\" role=\"presentation\"><span>El interior de la celda est\u00e1 equipado con un gancho para guardar el casco, el dorsal o <\/span><\/span><span dir=\"ltr\" role=\"presentation\"><span>cualquier objeto personal y puede equiparse con gr\u00e1ficos personalizados\u00a0<\/span><\/span><span dir=\"ltr\" role=\"presentation\"><span>en 1 lado interno que recuerdan las reglas de aparcamiento.<\/span><\/span><\/p>\n<p><span dir=\"ltr\" role=\"presentation\"><span>Una luz LED, que se enciende cuando se abre la puerta, ilumina la celda; se puede <\/span><\/span><span dir=\"ltr\" role=\"presentation\"><span>mantener encendido incluso despu\u00e9s de cerrar la puerta,\u00a0<\/span><\/span><span dir=\"ltr\" role=\"presentation\"><span>en modo de baja intensidad, para reconocer f\u00e1cilmente qu\u00e9 cajas est\u00e1n ocupadas\u00a0<\/span><\/span><span dir=\"ltr\" role=\"presentation\"><span>en comparaci\u00f3n con las disponibles.<\/span><\/span><\/p>\n\t\t\t\t\t\t\t\t<\/div>\n\t\t\t\t<\/div>\n\t\t\t\t<\/div>\n\t\t\t\t\t<\/div>\n\t\t\t\t<\/div>\n\t\t<div class=\"elementor-element elementor-element-6920c41 e-flex e-con-boxed e-con e-parent\" data-id=\"6920c41\" data-element_type=\"container\">\n\t\t\t\t\t<div class=\"e-con-inner\">\n\t\t<div class=\"elementor-element elementor-element-e14a9d3 e-con-full e-flex e-con e-child\" data-id=\"e14a9d3\" data-element_type=\"container\">\n\t\t\t\t<div class=\"elementor-element elementor-element-6e1f4ed elementor-widget elementor-widget-heading\" data-id=\"6e1f4ed\" data-element_type=\"widget\" data-widget_type=\"heading.default\">\n\t\t\t\t<div class=\"elementor-widget-container\">\n\t\t\t\t\t<h2 class=\"elementor-heading-title elementor-size-default\">Modularidad<\/h2>\t\t\t\t<\/div>\n\t\t\t\t<\/div>\n\t\t\t\t<div class=\"elementor-element elementor-element-e995ba0 elementor-widget elementor-widget-text-editor\" data-id=\"e995ba0\" data-element_type=\"widget\" data-widget_type=\"text-editor.default\">\n\t\t\t\t<div class=\"elementor-widget-container\">\n\t\t\t\t\t\t\t\t\t<p><span dir=\"ltr\" role=\"presentation\"><span>Weelo BOX fue creado para ser\u00a0<\/span><strong><span>vers\u00e1til y modular<\/span><\/strong><span>\u00a0: es posible a\u00f1adir\u00a0<\/span><\/span><span dir=\"ltr\" role=\"presentation\"><span>espacios para bicicletas horizontalmente y tambi\u00e9n verticalmente.<\/span><\/span><\/p>\n<p><span><span dir=\"ltr\" role=\"presentation\">Este m\u00e9todo constructivo permite aumentar o disminuir\u00a0<\/span><span dir=\"ltr\" role=\"presentation\">el n\u00famero de celdas, garantizando la necesaria flexibilidad de la demanda en el tiempo.<\/span><\/span><\/p>\n\t\t\t\t\t\t\t\t<\/div>\n\t\t\t\t<\/div>\n\t\t\t\t<\/div>\n\t\t<div class=\"elementor-element elementor-element-eb1370a e-con-full e-flex e-con e-child\" data-id=\"eb1370a\" data-element_type=\"container\">\n\t\t\t\t<div class=\"elementor-element elementor-element-0767de0 elementor-widget elementor-widget-image\" data-id=\"0767de0\" data-element_type=\"widget\" data-widget_type=\"image.default\">\n\t\t\t\t<div class=\"elementor-widget-container\">\n\t\t\t\t\t\t\t\t\t\t\t\t\t\t\t<img decoding=\"async\" width=\"1920\" height=\"1079\" src=\"https:\/\/weelo.it\/wp-content\/uploads\/2023\/11\/4.jpg\" class=\"attachment-full size-full wp-image-7086\" alt=\"\" srcset=\"https:\/\/weelo.it\/wp-content\/uploads\/2023\/11\/4.jpg 1920w, https:\/\/weelo.it\/wp-content\/uploads\/2023\/11\/4-300x169.jpg 300w, https:\/\/weelo.it\/wp-content\/uploads\/2023\/11\/4-1024x575.jpg 1024w, https:\/\/weelo.it\/wp-content\/uploads\/2023\/11\/4-768x432.jpg 768w, https:\/\/weelo.it\/wp-content\/uploads\/2023\/11\/4-1536x863.jpg 1536w\" sizes=\"(max-width: 1920px) 100vw, 1920px\" \/>\t\t\t\t\t\t\t\t\t\t\t\t\t\t\t<\/div>\n\t\t\t\t<\/div>\n\t\t\t\t<\/div>\n\t\t\t\t\t<\/div>\n\t\t\t\t<\/div>\n\t\t<div class=\"elementor-element elementor-element-c96530e e-flex e-con-boxed e-con e-parent\" data-id=\"c96530e\" data-element_type=\"container\">\n\t\t\t\t\t<div class=\"e-con-inner\">\n\t\t<div class=\"elementor-element elementor-element-bcd17c9 e-con-full e-flex e-con e-child\" data-id=\"bcd17c9\" data-element_type=\"container\">\n\t\t\t\t<div class=\"elementor-element elementor-element-878bfe8 elementor-widget elementor-widget-image\" data-id=\"878bfe8\" data-element_type=\"widget\" data-widget_type=\"image.default\">\n\t\t\t\t<div class=\"elementor-widget-container\">\n\t\t\t\t\t\t\t\t\t\t\t\t\t\t\t<img decoding=\"async\" width=\"1920\" height=\"1079\" src=\"https:\/\/weelo.it\/wp-content\/uploads\/2023\/11\/3.jpg\" class=\"attachment-full size-full wp-image-7083\" alt=\"\" srcset=\"https:\/\/weelo.it\/wp-content\/uploads\/2023\/11\/3.jpg 1920w, https:\/\/weelo.it\/wp-content\/uploads\/2023\/11\/3-300x169.jpg 300w, https:\/\/weelo.it\/wp-content\/uploads\/2023\/11\/3-1024x575.jpg 1024w, https:\/\/weelo.it\/wp-content\/uploads\/2023\/11\/3-768x432.jpg 768w, https:\/\/weelo.it\/wp-content\/uploads\/2023\/11\/3-1536x863.jpg 1536w\" sizes=\"(max-width: 1920px) 100vw, 1920px\" \/>\t\t\t\t\t\t\t\t\t\t\t\t\t\t\t<\/div>\n\t\t\t\t<\/div>\n\t\t\t\t<\/div>\n\t\t<div class=\"elementor-element elementor-element-5acef3d e-con-full e-flex e-con e-child\" data-id=\"5acef3d\" data-element_type=\"container\">\n\t\t\t\t<div class=\"elementor-element elementor-element-3883b40 elementor-widget elementor-widget-heading\" data-id=\"3883b40\" data-element_type=\"widget\" data-widget_type=\"heading.default\">\n\t\t\t\t<div class=\"elementor-widget-container\">\n\t\t\t\t\t<h2 class=\"elementor-heading-title elementor-size-default\">Materiales<\/h2>\t\t\t\t<\/div>\n\t\t\t\t<\/div>\n\t\t\t\t<div class=\"elementor-element elementor-element-ef15315 elementor-widget elementor-widget-text-editor\" data-id=\"ef15315\" data-element_type=\"widget\" data-widget_type=\"text-editor.default\">\n\t\t\t\t<div class=\"elementor-widget-container\">\n\t\t\t\t\t\t\t\t\t<p><span dir=\"ltr\" role=\"presentation\">El box para bicicletas est\u00e1 fabricado \u00edntegramente en chapa de acero galvanizado y pintado\u00a0<\/span><span dir=\"ltr\" role=\"presentation\">, doblada a presi\u00f3n, de dimensiones adecuadas y de espesor variable.<\/span><\/p><div class=\"p-pdf_iframe__page\" aria-label=\"P\u00e1gina 1\" data-page-number=\"1\"><span dir=\"ltr\" role=\"presentation\"><span>La celda est\u00e1 compuesta por una estructura portante que permite el montaje de m\u00faltiples <\/span><\/span><span dir=\"ltr\" role=\"presentation\"><span>m\u00f3dulos, mediante pernos de uni\u00f3n, fabricados en acero inoxidable. Las\u00a0<\/span><\/span><span dir=\"ltr\" role=\"presentation\"><span>medianeras tambi\u00e9n son de chapa de acero galvanizada y pintada, fijadas\u00a0<\/span><\/span><span dir=\"ltr\" role=\"presentation\"><span>a la estructura portante mec\u00e1nicamente mediante tornillos.<\/span><\/span><\/div><div aria-label=\"P\u00e1gina 1\" data-page-number=\"1\">\u00a0<\/div><div aria-label=\"P\u00e1gina 1\" data-page-number=\"1\"><span dir=\"ltr\" role=\"presentation\"><span>La puerta de acceso, elemento distintivo del dise\u00f1o Weelo, se compone de una\u00a0<\/span><\/span><span dir=\"ltr\" role=\"presentation\"><span>estructura portante de chapa de acero galvanizada y pintada plegada a presi\u00f3n\u00a0<\/span><\/span><span dir=\"ltr\" role=\"presentation\"><span>y\u00a0<\/span><\/span><span dir=\"ltr\" role=\"presentation\"><span>de un relleno lleno\/vac\u00edo\u00a0<\/span><\/span><span dir=\"ltr\" role=\"presentation\"><span>formado por la adici\u00f3n, gracias a la\u00a0<\/span><\/span><span dir=\"ltr\" role=\"presentation\"><span>particular forma del marco, de una chapa lisa y una chapa perforada, para\u00a0<\/span><\/span><span dir=\"ltr\" role=\"presentation\"><span>garantizar la inspecci\u00f3n del interior y la circulaci\u00f3n del aire en su interior.<\/span><\/span><\/div><div aria-label=\"P\u00e1gina 1\" data-page-number=\"1\">\u00a0<\/div><div aria-label=\"P\u00e1gina 1\" data-page-number=\"1\"><span dir=\"ltr\" role=\"presentation\"><span>La puerta del Bici Box individual ha sido dise\u00f1ada para garantizar\u00a0<\/span><strong><span>la m\u00e1xima\u00a0<\/span><\/strong><\/span><span dir=\"ltr\" role=\"presentation\"><strong><span>protecci\u00f3n contra los intentos de robo<\/span><\/strong><span>\u00a0: las bisagras y la\u00a0<\/span><\/span><span dir=\"ltr\" role=\"presentation\"><span>cerradura electromec\u00e1nica est\u00e1n en una posici\u00f3n protegida y no accesible, colocadas de\u00a0<\/span><\/span><span dir=\"ltr\" role=\"presentation\"><span>manera que presenten una alta seguridad y una apariencia elegante y precioso dise\u00f1o.<\/span><\/span><\/div>\t\t\t\t\t\t\t\t<\/div>\n\t\t\t\t<\/div>\n\t\t\t\t<\/div>\n\t\t\t\t\t<\/div>\n\t\t\t\t<\/div>\n\t\t<div class=\"elementor-element elementor-element-acc10c4 e-flex e-con-boxed e-con e-parent\" data-id=\"acc10c4\" data-element_type=\"container\">\n\t\t\t\t\t<div class=\"e-con-inner\">\n\t\t<div class=\"elementor-element elementor-element-6e041b8 e-con-full e-flex e-con e-child\" data-id=\"6e041b8\" data-element_type=\"container\">\n\t\t\t\t<div class=\"elementor-element elementor-element-79efc8f elementor-widget elementor-widget-heading\" data-id=\"79efc8f\" data-element_type=\"widget\" data-widget_type=\"heading.default\">\n\t\t\t\t<div class=\"elementor-widget-container\">\n\t\t\t\t\t<h2 class=\"elementor-heading-title elementor-size-default\">Estilo gr\u00e1fico y personalizaci\u00f3n<\/h2>\t\t\t\t<\/div>\n\t\t\t\t<\/div>\n\t\t\t\t<div class=\"elementor-element elementor-element-4f4e938 elementor-widget elementor-widget-text-editor\" data-id=\"4f4e938\" data-element_type=\"widget\" data-widget_type=\"text-editor.default\">\n\t\t\t\t<div class=\"elementor-widget-container\">\n\t\t\t\t\t\t\t\t\t<p><span dir=\"ltr\" role=\"presentation\"><span><strong>Weelo BOX<\/strong> se caracteriza por las bandas inclinadas, un signo que remite al\u00a0<\/span><\/span><span dir=\"ltr\" role=\"presentation\"><span>espacio p\u00fablico: los pasos de peatones, las bandas inclinadas de las\u00a0<\/span><\/span><span dir=\"ltr\" role=\"presentation\"><span>cintas de obra en proceso, los gr\u00e1ficos de la obra. Un elemento que nos pertenece a todos y que con\u00a0<\/span><\/span><span dir=\"ltr\" role=\"presentation\"><span>Weelo se convierte en una oportunidad de reconocimiento y car\u00e1cter.<\/span><\/span><\/p>\n\t\t\t\t\t\t\t\t<\/div>\n\t\t\t\t<\/div>\n\t\t\t\t<\/div>\n\t\t<div class=\"elementor-element elementor-element-5860274 e-con-full e-flex e-con e-child\" data-id=\"5860274\" data-element_type=\"container\">\n\t\t\t\t<div class=\"elementor-element elementor-element-d17cecb elementor-widget elementor-widget-image\" data-id=\"d17cecb\" data-element_type=\"widget\" data-widget_type=\"image.default\">\n\t\t\t\t<div class=\"elementor-widget-container\">\n\t\t\t\t\t\t\t\t\t\t\t\t\t\t\t<img loading=\"lazy\" decoding=\"async\" width=\"571\" height=\"336\" src=\"https:\/\/weelo.it\/wp-content\/uploads\/2022\/07\/weelo-box-stile-personalizzazione.jpg\" class=\"attachment-full size-full wp-image-4974\" alt=\"\" srcset=\"https:\/\/weelo.it\/wp-content\/uploads\/2022\/07\/weelo-box-stile-personalizzazione.jpg 571w, https:\/\/weelo.it\/wp-content\/uploads\/2022\/07\/weelo-box-stile-personalizzazione-300x177.jpg 300w\" sizes=\"(max-width: 571px) 100vw, 571px\" \/>\t\t\t\t\t\t\t\t\t\t\t\t\t\t\t<\/div>\n\t\t\t\t<\/div>\n\t\t\t\t<\/div>\n\t\t\t\t\t<\/div>\n\t\t\t\t<\/div>\n\t\t<div class=\"elementor-element elementor-element-1974e62 e-flex e-con-boxed e-con e-parent\" data-id=\"1974e62\" data-element_type=\"container\">\n\t\t\t\t\t<div class=\"e-con-inner\">\n\t\t<div class=\"elementor-element elementor-element-1ef5b85 e-con-full e-flex e-con e-child\" data-id=\"1ef5b85\" data-element_type=\"container\">\n\t\t\t\t<div class=\"elementor-element elementor-element-f1d299a elementor-widget elementor-widget-image\" data-id=\"f1d299a\" data-element_type=\"widget\" data-widget_type=\"image.default\">\n\t\t\t\t<div class=\"elementor-widget-container\">\n\t\t\t\t\t\t\t\t\t\t\t\t\t\t\t<img loading=\"lazy\" decoding=\"async\" width=\"1920\" height=\"1079\" src=\"https:\/\/weelo.it\/wp-content\/uploads\/2023\/11\/5.jpg\" class=\"attachment-full size-full wp-image-7096\" alt=\"\" srcset=\"https:\/\/weelo.it\/wp-content\/uploads\/2023\/11\/5.jpg 1920w, https:\/\/weelo.it\/wp-content\/uploads\/2023\/11\/5-300x169.jpg 300w, https:\/\/weelo.it\/wp-content\/uploads\/2023\/11\/5-1024x575.jpg 1024w, https:\/\/weelo.it\/wp-content\/uploads\/2023\/11\/5-768x432.jpg 768w, https:\/\/weelo.it\/wp-content\/uploads\/2023\/11\/5-1536x863.jpg 1536w\" sizes=\"(max-width: 1920px) 100vw, 1920px\" \/>\t\t\t\t\t\t\t\t\t\t\t\t\t\t\t<\/div>\n\t\t\t\t<\/div>\n\t\t\t\t<\/div>\n\t\t<div class=\"elementor-element elementor-element-a247787 e-con-full e-flex e-con e-child\" data-id=\"a247787\" data-element_type=\"container\">\n\t\t\t\t<div class=\"elementor-element elementor-element-c525600 elementor-widget elementor-widget-heading\" data-id=\"c525600\" data-element_type=\"widget\" data-widget_type=\"heading.default\">\n\t\t\t\t<div class=\"elementor-widget-container\">\n\t\t\t\t\t<h2 class=\"elementor-heading-title elementor-size-default\">Seguridad<\/h2>\t\t\t\t<\/div>\n\t\t\t\t<\/div>\n\t\t\t\t<div class=\"elementor-element elementor-element-5edc437 elementor-widget elementor-widget-text-editor\" data-id=\"5edc437\" data-element_type=\"widget\" data-widget_type=\"text-editor.default\">\n\t\t\t\t<div class=\"elementor-widget-container\">\n\t\t\t\t\t\t\t\t\t<p><span dir=\"ltr\" role=\"presentation\"><span><strong>Weelo BOX<\/strong> fue creado para ofrecer a los usuarios un\u00a0<\/span><strong><span>alto nivel de seguridad contra robos\u00a0<\/span><\/strong><\/span><span dir=\"ltr\" role=\"presentation\"><strong><span>y actos vand\u00e1licos<\/span><\/strong><span>. Su estructura ha sido dise\u00f1ada para resistir\u00a0<\/span><\/span><span dir=\"ltr\" role=\"presentation\"><span>los intentos de robo: los espesores de las chapas utilizadas y la posici\u00f3n de las\u00a0<\/span><\/span><span dir=\"ltr\" role=\"presentation\"><span>bisagras de las puertas de apertura, protegidas e inalcanzables, hacen de Weelo BOX\u00a0<\/span><\/span><span dir=\"ltr\" role=\"presentation\"><span>sin duda el lugar m\u00e1s seguro para aparcar la bicicleta en la ciudad.<\/span><\/span><\/p>\n<p><span dir=\"ltr\" role=\"presentation\"><span>Gracias al control remoto, s\u00f3lo el propietario de la bicicleta puede acceder a\u00a0<\/span><\/span><span dir=\"ltr\" role=\"presentation\"><span>su plaza para bicicletas, previa inscripci\u00f3n y pago online.<\/span><\/span><\/p>\n\t\t\t\t\t\t\t\t<\/div>\n\t\t\t\t<\/div>\n\t\t\t\t<\/div>\n\t\t\t\t\t<\/div>\n\t\t\t\t<\/div>\n\t\t<div class=\"elementor-element elementor-element-98a0a30 e-flex e-con-boxed e-con e-parent\" data-id=\"98a0a30\" data-element_type=\"container\">\n\t\t\t\t\t<div class=\"e-con-inner\">\n\t\t<div class=\"elementor-element elementor-element-6e85ab1 e-con-full e-flex e-con e-child\" data-id=\"6e85ab1\" data-element_type=\"container\">\n\t\t\t\t<div class=\"elementor-element elementor-element-54614f7 elementor-widget elementor-widget-heading\" data-id=\"54614f7\" data-element_type=\"widget\" data-widget_type=\"heading.default\">\n\t\t\t\t<div class=\"elementor-widget-container\">\n\t\t\t\t\t<h2 class=\"elementor-heading-title elementor-size-default\">Aplicaci\u00f3n Weelo<\/h2>\t\t\t\t<\/div>\n\t\t\t\t<\/div>\n\t\t\t\t<div class=\"elementor-element elementor-element-152c20b elementor-widget elementor-widget-text-editor\" data-id=\"152c20b\" data-element_type=\"widget\" data-widget_type=\"text-editor.default\">\n\t\t\t\t<div class=\"elementor-widget-container\">\n\t\t\t\t\t\t\t\t\t<p><span dir=\"ltr\" role=\"presentation\"><span>Nuestra aplicaci\u00f3n permite a ciudadanos y turistas registrarse, utilizar la red de aparcamientos para bicicletas Weelo iniciando sesi\u00f3n directamente con su smartphone y pagar con tarjeta de cr\u00e9dito y con los principales servicios de pago online.<\/span><br role=\"presentation\" \/><\/span><\/p>\n<p><span dir=\"ltr\" role=\"presentation\"><span>Con la <strong>app Weelo<\/strong> podr\u00e1s saber en tiempo real si hay asientos disponibles y realizar una reserva con un simple toque.<\/span><\/span><\/p>\n<p><span dir=\"ltr\" role=\"presentation\"><span>Gracias a la aplicaci\u00f3n Weelo, nuestros aparcamientos son accesibles las 24 horas del d\u00eda, sin necesidad de personal, y nuestros usuarios pueden contactar con\u00a0<\/span><\/span><span><span dir=\"ltr\" role=\"presentation\">nuestro centro de atenci\u00f3n\u00a0<\/span><\/span><span dir=\"ltr\" role=\"presentation\"><span>si es necesario para informes o solicitudes de asistencia.<\/span><\/span><\/p>\n\t\t\t\t\t\t\t\t<\/div>\n\t\t\t\t<\/div>\n\t\t\t\t<\/div>\n\t\t<div class=\"elementor-element elementor-element-7aabd44 e-con-full e-flex e-con e-child\" data-id=\"7aabd44\" data-element_type=\"container\">\n\t\t\t\t<div class=\"elementor-element elementor-element-0094da3 elementor-widget elementor-widget-image\" data-id=\"0094da3\" data-element_type=\"widget\" data-widget_type=\"image.default\">\n\t\t\t\t<div class=\"elementor-widget-container\">\n\t\t\t\t\t\t\t\t\t\t\t\t\t\t\t<img loading=\"lazy\" decoding=\"async\" width=\"1080\" height=\"1080\" src=\"https:\/\/weelo.it\/wp-content\/uploads\/2023\/07\/screen-park.png\" class=\"attachment-full size-full wp-image-6103\" alt=\"\" srcset=\"https:\/\/weelo.it\/wp-content\/uploads\/2023\/07\/screen-park.png 1080w, https:\/\/weelo.it\/wp-content\/uploads\/2023\/07\/screen-park-300x300.png 300w, https:\/\/weelo.it\/wp-content\/uploads\/2023\/07\/screen-park-1024x1024.png 1024w, https:\/\/weelo.it\/wp-content\/uploads\/2023\/07\/screen-park-150x150.png 150w, https:\/\/weelo.it\/wp-content\/uploads\/2023\/07\/screen-park-768x768.png 768w\" sizes=\"(max-width: 1080px) 100vw, 1080px\" \/>\t\t\t\t\t\t\t\t\t\t\t\t\t\t\t<\/div>\n\t\t\t\t<\/div>\n\t\t\t\t<\/div>\n\t\t\t\t\t<\/div>\n\t\t\t\t<\/div>\n\t\t\t\t<\/div>\n\t\t","protected":false},"excerpt":{"rendered":"<p>Weelo BOX Weelo BOX es la soluci\u00f3n para crear una amplia red de aparcamientos seguros para\u00a0las bicicletas de los ciudadanos. Con un dise\u00f1o atractivo, Weelo BOX se puede\u00a0instalar f\u00e1cilmente en las calles y plazas de tu ciudad, no necesita\u00a0conexiones el\u00e9ctricas y en el espacio de una sola plaza de aparcamiento puedes guardar hasta 8\u00a0bicicletas. Datos [&hellip;]<\/p>\n","protected":false},"author":2,"featured_media":0,"parent":10320,"menu_order":0,"comment_status":"closed","ping_status":"closed","template":"","meta":{"inline_featured_image":false,"_monsterinsights_skip_tracking":false,"_monsterinsights_sitenote_active":false,"_monsterinsights_sitenote_note":"","_monsterinsights_sitenote_category":0,"_uf_show_specific_survey":0,"_uf_disable_surveys":false,"footnotes":""},"categories":[],"class_list":["post-10335","page","type-page","status-publish","hentry"],"aioseo_notices":[],"_links":{"self":[{"href":"https:\/\/weelo.it\/es\/wp-json\/wp\/v2\/pages\/10335","targetHints":{"allow":["GET"]}}],"collection":[{"href":"https:\/\/weelo.it\/es\/wp-json\/wp\/v2\/pages"}],"about":[{"href":"https:\/\/weelo.it\/es\/wp-json\/wp\/v2\/types\/page"}],"author":[{"embeddable":true,"href":"https:\/\/weelo.it\/es\/wp-json\/wp\/v2\/users\/2"}],"replies":[{"embeddable":true,"href":"https:\/\/weelo.it\/es\/wp-json\/wp\/v2\/comments?post=10335"}],"version-history":[{"count":4,"href":"https:\/\/weelo.it\/es\/wp-json\/wp\/v2\/pages\/10335\/revisions"}],"predecessor-version":[{"id":10358,"href":"https:\/\/weelo.it\/es\/wp-json\/wp\/v2\/pages\/10335\/revisions\/10358"}],"up":[{"embeddable":true,"href":"https:\/\/weelo.it\/es\/wp-json\/wp\/v2\/pages\/10320"}],"wp:attachment":[{"href":"https:\/\/weelo.it\/es\/wp-json\/wp\/v2\/media?parent=10335"}],"wp:term":[{"taxonomy":"category","embeddable":true,"href":"https:\/\/weelo.it\/es\/wp-json\/wp\/v2\/categories?post=10335"}],"curies":[{"name":"wp","href":"https:\/\/api.w.org\/{rel}","templated":true}]}}