{"id":10320,"date":"2023-09-22T14:58:30","date_gmt":"2023-09-22T14:58:30","guid":{"rendered":"https:\/\/weelo.it\/soluciones\/bike-parking\/"},"modified":"2026-04-20T14:53:17","modified_gmt":"2026-04-20T14:53:17","slug":"bike-parking","status":"publish","type":"page","link":"https:\/\/weelo.it\/es\/soluciones\/bike-parking\/","title":{"rendered":"Bike Parking"},"content":{"rendered":"\t\t<div data-elementor-type=\"wp-page\" data-elementor-id=\"10320\" class=\"elementor elementor-10320 elementor-6585\" data-elementor-post-type=\"page\">\n\t\t\t\t<div class=\"elementor-element elementor-element-913dd69 e-con-full e-flex e-con e-parent\" data-id=\"913dd69\" data-element_type=\"container\" data-e-type=\"container\" data-settings=\"{&quot;background_background&quot;:&quot;video&quot;,&quot;background_video_link&quot;:&quot;https:\\\/\\\/www.youtube.com\\\/watch?v=VJ4jUQ8l3ak&quot;,&quot;background_video_start&quot;:4,&quot;background_play_on_mobile&quot;:&quot;yes&quot;,&quot;background_privacy_mode&quot;:&quot;yes&quot;}\">\n\t\t<div class=\"elementor-background-video-container\">\n\t\t\t\t\t\t\t<div class=\"elementor-background-video-embed\" role=\"presentation\"><\/div>\n\t\t\t\t\t\t<\/div>\t\t<div class=\"elementor-element elementor-element-18712eb elementor-widget elementor-widget-heading\" data-id=\"18712eb\" data-element_type=\"widget\" data-e-type=\"widget\" data-widget_type=\"heading.default\">\n\t\t\t\t<div class=\"elementor-widget-container\">\n\t\t\t\t\t<h1 class=\"elementor-heading-title elementor-size-default\">Bike Parking<\/h1>\t\t\t\t<\/div>\n\t\t\t\t<\/div>\n\t\t\t\t<div class=\"elementor-element elementor-element-0d485da elementor-widget elementor-widget-text-editor\" data-id=\"0d485da\" data-element_type=\"widget\" data-e-type=\"widget\" data-widget_type=\"text-editor.default\">\n\t\t\t\t<div class=\"elementor-widget-container\">\n\t\t\t\t\t\t\t\t\t<p>Cuando decimos que en\u00a0<strong>Weelo<\/strong> amamos tu bicicleta, \u00a1lo decimos en serio!<\/p>\n<p>Descubre tres formas sencillas y c\u00f3modas de aparcar tu bicicleta de forma segura en la ciudad.<\/p>\n\t\t\t\t\t\t\t\t<\/div>\n\t\t\t\t<\/div>\n\t\t\t\t<div class=\"elementor-element elementor-element-10aa5dc elementor-view-default elementor-widget elementor-widget-icon\" data-id=\"10aa5dc\" data-element_type=\"widget\" data-e-type=\"widget\" data-widget_type=\"icon.default\">\n\t\t\t\t<div class=\"elementor-widget-container\">\n\t\t\t\t\t\t\t<div class=\"elementor-icon-wrapper\">\n\t\t\t<div class=\"elementor-icon\">\n\t\t\t<i aria-hidden=\"true\" class=\"fas fa-arrow-alt-circle-down\"><\/i>\t\t\t<\/div>\n\t\t<\/div>\n\t\t\t\t\t\t<\/div>\n\t\t\t\t<\/div>\n\t\t\t\t<\/div>\n\t\t<div class=\"elementor-element elementor-element-4c737f3 e-con-full e-flex e-con e-parent\" data-id=\"4c737f3\" data-element_type=\"container\" data-e-type=\"container\">\n\t\t<div class=\"elementor-element elementor-element-619a1e9 e-con-full column-min-height e-flex e-con e-child\" data-id=\"619a1e9\" data-element_type=\"container\" data-e-type=\"container\" data-settings=\"{&quot;background_background&quot;:&quot;slideshow&quot;,&quot;background_slideshow_gallery&quot;:[{&quot;id&quot;:14059,&quot;url&quot;:&quot;https:\\\/\\\/weelo.it\\\/wp-content\\\/uploads\\\/2026\\\/02\\\/10-1.jpg&quot;},{&quot;id&quot;:14063,&quot;url&quot;:&quot;https:\\\/\\\/weelo.it\\\/wp-content\\\/uploads\\\/2026\\\/02\\\/1-3.jpg&quot;},{&quot;id&quot;:14047,&quot;url&quot;:&quot;https:\\\/\\\/weelo.it\\\/wp-content\\\/uploads\\\/2026\\\/02\\\/7-3.jpg&quot;},{&quot;id&quot;:14071,&quot;url&quot;:&quot;https:\\\/\\\/weelo.it\\\/wp-content\\\/uploads\\\/2026\\\/02\\\/3-3.jpg&quot;},{&quot;id&quot;:14051,&quot;url&quot;:&quot;https:\\\/\\\/weelo.it\\\/wp-content\\\/uploads\\\/2026\\\/02\\\/8-3.jpg&quot;},{&quot;id&quot;:14075,&quot;url&quot;:&quot;https:\\\/\\\/weelo.it\\\/wp-content\\\/uploads\\\/2026\\\/02\\\/4-3.jpg&quot;},{&quot;id&quot;:14067,&quot;url&quot;:&quot;https:\\\/\\\/weelo.it\\\/wp-content\\\/uploads\\\/2026\\\/02\\\/2-4.jpg&quot;},{&quot;id&quot;:14055,&quot;url&quot;:&quot;https:\\\/\\\/weelo.it\\\/wp-content\\\/uploads\\\/2026\\\/02\\\/9-1.jpg&quot;},{&quot;id&quot;:14083,&quot;url&quot;:&quot;https:\\\/\\\/weelo.it\\\/wp-content\\\/uploads\\\/2026\\\/02\\\/6-3.jpg&quot;},{&quot;id&quot;:14079,&quot;url&quot;:&quot;https:\\\/\\\/weelo.it\\\/wp-content\\\/uploads\\\/2026\\\/02\\\/5-3.jpg&quot;}],&quot;background_slideshow_slide_duration&quot;:4000,&quot;background_slideshow_lazyload&quot;:&quot;yes&quot;,&quot;background_slideshow_ken_burns&quot;:&quot;yes&quot;,&quot;motion_fx_motion_fx_scrolling&quot;:&quot;yes&quot;,&quot;background_slideshow_loop&quot;:&quot;yes&quot;,&quot;background_slideshow_slide_transition&quot;:&quot;fade&quot;,&quot;background_slideshow_transition_duration&quot;:500,&quot;background_slideshow_ken_burns_zoom_direction&quot;:&quot;in&quot;,&quot;motion_fx_devices&quot;:[&quot;desktop&quot;,&quot;tablet&quot;,&quot;mobile&quot;]}\">\n\t\t\t\t<\/div>\n\t\t<div class=\"elementor-element elementor-element-b466305 e-con-full e-flex e-con e-child\" data-id=\"b466305\" data-element_type=\"container\" data-e-type=\"container\" data-settings=\"{&quot;background_background&quot;:&quot;classic&quot;}\">\n\t\t<div class=\"elementor-element elementor-element-77c062e e-flex e-con-boxed e-con e-child\" data-id=\"77c062e\" data-element_type=\"container\" data-e-type=\"container\">\n\t\t\t\t\t<div class=\"e-con-inner\">\n\t\t\t\t<div class=\"elementor-element elementor-element-4dc4a21 elementor-widget elementor-widget-image\" data-id=\"4dc4a21\" data-element_type=\"widget\" data-e-type=\"widget\" data-widget_type=\"image.default\">\n\t\t\t\t<div class=\"elementor-widget-container\">\n\t\t\t\t\t\t\t\t\t\t\t\t\t\t\t<img decoding=\"async\" width=\"233\" height=\"138\" src=\"https:\/\/weelo.it\/wp-content\/uploads\/2022\/03\/weelohub.svg\" class=\"attachment-full size-full wp-image-3936\" alt=\"\" \/>\t\t\t\t\t\t\t\t\t\t\t\t\t\t\t<\/div>\n\t\t\t\t<\/div>\n\t\t\t\t<div class=\"elementor-element elementor-element-6c31514 elementor-widget elementor-widget-heading\" data-id=\"6c31514\" data-element_type=\"widget\" data-e-type=\"widget\" data-widget_type=\"heading.default\">\n\t\t\t\t<div class=\"elementor-widget-container\">\n\t\t\t\t\t<h2 class=\"elementor-heading-title elementor-size-default\">Weelo HUB<\/h2>\t\t\t\t<\/div>\n\t\t\t\t<\/div>\n\t\t\t\t\t<\/div>\n\t\t\t\t<\/div>\n\t\t\t\t<div class=\"elementor-element elementor-element-1c658d5 elementor-widget elementor-widget-text-editor\" data-id=\"1c658d5\" data-element_type=\"widget\" data-e-type=\"widget\" data-widget_type=\"text-editor.default\">\n\t\t\t\t<div class=\"elementor-widget-container\">\n\t\t\t\t\t\t\t\t\t<p>Weelo HUB es nuestra soluci\u00f3n urbana y modular dise\u00f1ada para todos aquellos lugares donde es importante para ti encontrar un lugar para estacionar tu bicicleta: por ejemplo en la estaci\u00f3n, frente a un colegio o universidad. Podr\u00e1s aparcar aqu\u00ed junto con muchas otras bicicletas, con total seguridad: tu bicicleta estar\u00e1 videovigilada las 24 horas del d\u00eda.<\/p>\n\t\t\t\t\t\t\t\t<\/div>\n\t\t\t\t<\/div>\n\t\t\t\t<div class=\"elementor-element elementor-element-4c58a54 elementor-widget elementor-widget-button\" data-id=\"4c58a54\" data-element_type=\"widget\" data-e-type=\"widget\" data-widget_type=\"button.default\">\n\t\t\t\t<div class=\"elementor-widget-container\">\n\t\t\t\t\t\t\t\t\t<div class=\"elementor-button-wrapper\">\n\t\t\t\t\t<a class=\"elementor-button elementor-button-link elementor-size-xl\" href=\"https:\/\/weelo.it\/es\/soluciones\/bike-parking\/weelo-hub\/\" target=\"_blank\">\n\t\t\t\t\t\t<span class=\"elementor-button-content-wrapper\">\n\t\t\t\t\t\t<span class=\"elementor-button-icon\">\n\t\t\t\t<i aria-hidden=\"true\" class=\"fas fa-arrow-right\"><\/i>\t\t\t<\/span>\n\t\t\t\t\t\t\t\t\t<span class=\"elementor-button-text\">m\u00e1s informaci\u00f3n sobre Weelo HUB<\/span>\n\t\t\t\t\t<\/span>\n\t\t\t\t\t<\/a>\n\t\t\t\t<\/div>\n\t\t\t\t\t\t\t\t<\/div>\n\t\t\t\t<\/div>\n\t\t\t\t<\/div>\n\t\t\t\t<\/div>\n\t\t<div class=\"elementor-element elementor-element-bad662a e-con-full e-flex e-con e-parent\" data-id=\"bad662a\" data-element_type=\"container\" data-e-type=\"container\">\n\t\t<div class=\"elementor-element elementor-element-bc02cdd e-con-full e-flex e-con e-child\" data-id=\"bc02cdd\" data-element_type=\"container\" data-e-type=\"container\" data-settings=\"{&quot;background_background&quot;:&quot;classic&quot;}\">\n\t\t<div class=\"elementor-element elementor-element-296fa75 e-flex e-con-boxed e-con e-child\" data-id=\"296fa75\" data-element_type=\"container\" data-e-type=\"container\">\n\t\t\t\t\t<div class=\"e-con-inner\">\n\t\t\t\t<div class=\"elementor-element elementor-element-4239011 elementor-widget elementor-widget-image\" data-id=\"4239011\" data-element_type=\"widget\" data-e-type=\"widget\" data-widget_type=\"image.default\">\n\t\t\t\t<div class=\"elementor-widget-container\">\n\t\t\t\t\t\t\t\t\t\t\t\t\t\t\t<img decoding=\"async\" width=\"204\" height=\"100\" src=\"https:\/\/weelo.it\/wp-content\/uploads\/2022\/03\/weelobox.svg\" class=\"attachment-large size-large wp-image-3934\" alt=\"\" \/>\t\t\t\t\t\t\t\t\t\t\t\t\t\t\t<\/div>\n\t\t\t\t<\/div>\n\t\t\t\t<div class=\"elementor-element elementor-element-fdd3eec elementor-widget elementor-widget-heading\" data-id=\"fdd3eec\" data-element_type=\"widget\" data-e-type=\"widget\" data-widget_type=\"heading.default\">\n\t\t\t\t<div class=\"elementor-widget-container\">\n\t\t\t\t\t<h2 class=\"elementor-heading-title elementor-size-default\">Weelo BOX<\/h2>\t\t\t\t<\/div>\n\t\t\t\t<\/div>\n\t\t\t\t\t<\/div>\n\t\t\t\t<\/div>\n\t\t\t\t<div class=\"elementor-element elementor-element-04cd1c0 elementor-widget elementor-widget-text-editor\" data-id=\"04cd1c0\" data-element_type=\"widget\" data-e-type=\"widget\" data-widget_type=\"text-editor.default\">\n\t\t\t\t<div class=\"elementor-widget-container\">\n\t\t\t\t\t\t\t\t\t<p>Weelo BOX es nuestro aparcamiento de bicicletas dise\u00f1ado para las calles de la ciudad. Es tan pr\u00e1ctica como las paradas de autob\u00fas, porque puedes encontrar una cada 300 o 500 metros y ocupa poco espacio: el justo para tu bicicleta. \u00a1Pero Weelo BOX tambi\u00e9n hace que tu ciudad sea m\u00e1s hermosa y ordenada!<\/p>\n<p>\u00bfSab\u00edas que un Weelo BOX para 8 bicis ocupa el mismo espacio de una plaza de aparcamiento para coche?<\/p>\n\t\t\t\t\t\t\t\t<\/div>\n\t\t\t\t<\/div>\n\t\t\t\t<div class=\"elementor-element elementor-element-6e30060 elementor-widget elementor-widget-button\" data-id=\"6e30060\" data-element_type=\"widget\" data-e-type=\"widget\" data-widget_type=\"button.default\">\n\t\t\t\t<div class=\"elementor-widget-container\">\n\t\t\t\t\t\t\t\t\t<div class=\"elementor-button-wrapper\">\n\t\t\t\t\t<a class=\"elementor-button elementor-button-link elementor-size-xl\" href=\"https:\/\/weelo.it\/es\/soluciones\/bike-parking\/weelo-box\/\" target=\"_blank\">\n\t\t\t\t\t\t<span class=\"elementor-button-content-wrapper\">\n\t\t\t\t\t\t<span class=\"elementor-button-icon\">\n\t\t\t\t<i aria-hidden=\"true\" class=\"fas fa-arrow-right\"><\/i>\t\t\t<\/span>\n\t\t\t\t\t\t\t\t\t<span class=\"elementor-button-text\"> m\u00e1s informaci\u00f3n sobre Weelo BOX<\/span>\n\t\t\t\t\t<\/span>\n\t\t\t\t\t<\/a>\n\t\t\t\t<\/div>\n\t\t\t\t\t\t\t\t<\/div>\n\t\t\t\t<\/div>\n\t\t\t\t<\/div>\n\t\t<div class=\"elementor-element elementor-element-0f9f2f1 e-con-full column-min-height e-flex e-con e-child\" data-id=\"0f9f2f1\" data-element_type=\"container\" data-e-type=\"container\" data-settings=\"{&quot;background_background&quot;:&quot;slideshow&quot;,&quot;background_slideshow_gallery&quot;:[{&quot;id&quot;:6458,&quot;url&quot;:&quot;https:\\\/\\\/weelo.it\\\/wp-content\\\/uploads\\\/2023\\\/08\\\/homeparking1.png&quot;},{&quot;id&quot;:6590,&quot;url&quot;:&quot;https:\\\/\\\/weelo.it\\\/wp-content\\\/uploads\\\/2023\\\/09\\\/boxaltoadige.png&quot;},{&quot;id&quot;:6593,&quot;url&quot;:&quot;https:\\\/\\\/weelo.it\\\/wp-content\\\/uploads\\\/2023\\\/09\\\/boxaltoadige2.png&quot;}],&quot;background_slideshow_lazyload&quot;:&quot;yes&quot;,&quot;background_slideshow_ken_burns&quot;:&quot;yes&quot;,&quot;background_slideshow_loop&quot;:&quot;yes&quot;,&quot;background_slideshow_slide_duration&quot;:5000,&quot;background_slideshow_slide_transition&quot;:&quot;fade&quot;,&quot;background_slideshow_transition_duration&quot;:500,&quot;background_slideshow_ken_burns_zoom_direction&quot;:&quot;in&quot;}\">\n\t\t\t\t<\/div>\n\t\t\t\t<\/div>\n\t\t<div class=\"elementor-element elementor-element-dc4f64e e-con-full e-flex e-con e-parent\" data-id=\"dc4f64e\" data-element_type=\"container\" data-e-type=\"container\">\n\t\t<div class=\"elementor-element elementor-element-7c4fb04 e-con-full column-min-height e-flex e-con e-child\" data-id=\"7c4fb04\" data-element_type=\"container\" data-e-type=\"container\" data-settings=\"{&quot;background_background&quot;:&quot;slideshow&quot;,&quot;background_slideshow_gallery&quot;:[{&quot;id&quot;:8433,&quot;url&quot;:&quot;https:\\\/\\\/weelo.it\\\/wp-content\\\/uploads\\\/2024\\\/05\\\/weelo-fit-3.jpg&quot;},{&quot;id&quot;:8439,&quot;url&quot;:&quot;https:\\\/\\\/weelo.it\\\/wp-content\\\/uploads\\\/2024\\\/05\\\/weelo-fit-1.jpg&quot;},{&quot;id&quot;:8442,&quot;url&quot;:&quot;https:\\\/\\\/weelo.it\\\/wp-content\\\/uploads\\\/2024\\\/05\\\/weelo-fit-2.jpg&quot;},{&quot;id&quot;:8430,&quot;url&quot;:&quot;https:\\\/\\\/weelo.it\\\/wp-content\\\/uploads\\\/2024\\\/05\\\/weelo-fit-5.jpg&quot;}],&quot;background_slideshow_slide_duration&quot;:4000,&quot;background_slideshow_lazyload&quot;:&quot;yes&quot;,&quot;background_slideshow_ken_burns&quot;:&quot;yes&quot;,&quot;background_slideshow_loop&quot;:&quot;yes&quot;,&quot;background_slideshow_slide_transition&quot;:&quot;fade&quot;,&quot;background_slideshow_transition_duration&quot;:500,&quot;background_slideshow_ken_burns_zoom_direction&quot;:&quot;in&quot;}\">\n\t\t\t\t<\/div>\n\t\t<div class=\"elementor-element elementor-element-17e880b e-con-full e-flex e-con e-child\" data-id=\"17e880b\" data-element_type=\"container\" data-e-type=\"container\" data-settings=\"{&quot;background_background&quot;:&quot;classic&quot;}\">\n\t\t<div class=\"elementor-element elementor-element-829eaf7 e-flex e-con-boxed e-con e-child\" data-id=\"829eaf7\" data-element_type=\"container\" data-e-type=\"container\">\n\t\t\t\t\t<div class=\"e-con-inner\">\n\t\t\t\t<div class=\"elementor-element elementor-element-b22103c elementor-widget elementor-widget-image\" data-id=\"b22103c\" data-element_type=\"widget\" data-e-type=\"widget\" data-widget_type=\"image.default\">\n\t\t\t\t<div class=\"elementor-widget-container\">\n\t\t\t\t\t\t\t\t\t\t\t\t\t\t\t<img fetchpriority=\"high\" decoding=\"async\" width=\"800\" height=\"800\" src=\"https:\/\/weelo.it\/wp-content\/uploads\/2024\/05\/weelofit-5.svg\" class=\"attachment-large size-large wp-image-8416\" alt=\"\" \/>\t\t\t\t\t\t\t\t\t\t\t\t\t\t\t<\/div>\n\t\t\t\t<\/div>\n\t\t\t\t<div class=\"elementor-element elementor-element-f628a77 elementor-widget elementor-widget-heading\" data-id=\"f628a77\" data-element_type=\"widget\" data-e-type=\"widget\" data-widget_type=\"heading.default\">\n\t\t\t\t<div class=\"elementor-widget-container\">\n\t\t\t\t\t<h2 class=\"elementor-heading-title elementor-size-default\">Weelo FIT<\/h2>\t\t\t\t<\/div>\n\t\t\t\t<\/div>\n\t\t\t\t\t<\/div>\n\t\t\t\t<\/div>\n\t\t\t\t<div class=\"elementor-element elementor-element-f26a607 elementor-widget elementor-widget-text-editor\" data-id=\"f26a607\" data-element_type=\"widget\" data-e-type=\"widget\" data-widget_type=\"text-editor.default\">\n\t\t\t\t<div class=\"elementor-widget-container\">\n\t\t\t\t\t\t\t\t\t<p><span dir=\"ltr\" role=\"presentation\">Weelo FIT es el parking para bicicletas que le queda bien a todo. Una soluci\u00f3n modular y compacta , que se puede personalizar en cuanto a materiales de\u00a0<\/span><span dir=\"ltr\" role=\"presentation\">revestimiento\u00a0<\/span><span dir=\"ltr\" role=\"presentation\">y colores para integrarse armoniosamente en el\u00a0<\/span><span dir=\"ltr\" role=\"presentation\">contexto.<\/span><\/p>\n\t\t\t\t\t\t\t\t<\/div>\n\t\t\t\t<\/div>\n\t\t\t\t<div class=\"elementor-element elementor-element-9b5413f elementor-widget elementor-widget-button\" data-id=\"9b5413f\" data-element_type=\"widget\" data-e-type=\"widget\" data-widget_type=\"button.default\">\n\t\t\t\t<div class=\"elementor-widget-container\">\n\t\t\t\t\t\t\t\t\t<div class=\"elementor-button-wrapper\">\n\t\t\t\t\t<a class=\"elementor-button elementor-button-link elementor-size-xl\" href=\"https:\/\/weelo.it\/es\/soluciones\/bike-parking\/weelo-fit\/\" target=\"_blank\">\n\t\t\t\t\t\t<span class=\"elementor-button-content-wrapper\">\n\t\t\t\t\t\t<span class=\"elementor-button-icon\">\n\t\t\t\t<i aria-hidden=\"true\" class=\"fas fa-arrow-right\"><\/i>\t\t\t<\/span>\n\t\t\t\t\t\t\t\t\t<span class=\"elementor-button-text\"> m\u00e1s informaci\u00f3n sobre Weelo FIT<\/span>\n\t\t\t\t\t<\/span>\n\t\t\t\t\t<\/a>\n\t\t\t\t<\/div>\n\t\t\t\t\t\t\t\t<\/div>\n\t\t\t\t<\/div>\n\t\t\t\t<\/div>\n\t\t\t\t<\/div>\n\t\t<div class=\"elementor-element elementor-element-e12e15a e-con-full e-flex e-con e-parent\" data-id=\"e12e15a\" data-element_type=\"container\" data-e-type=\"container\">\n\t\t<div class=\"elementor-element elementor-element-40a356e e-con-full e-flex e-con e-child\" data-id=\"40a356e\" data-element_type=\"container\" data-e-type=\"container\" data-settings=\"{&quot;background_background&quot;:&quot;classic&quot;}\">\n\t\t<div class=\"elementor-element elementor-element-08ed297 e-flex e-con-boxed e-con e-child\" data-id=\"08ed297\" data-element_type=\"container\" data-e-type=\"container\">\n\t\t\t\t\t<div class=\"e-con-inner\">\n\t\t\t\t<div class=\"elementor-element elementor-element-a04c9ab elementor-widget elementor-widget-image\" data-id=\"a04c9ab\" data-element_type=\"widget\" data-e-type=\"widget\" data-widget_type=\"image.default\">\n\t\t\t\t<div class=\"elementor-widget-container\">\n\t\t\t\t\t\t\t\t\t\t\t\t\t\t\t<img loading=\"lazy\" decoding=\"async\" width=\"188\" height=\"155\" src=\"https:\/\/weelo.it\/wp-content\/uploads\/2022\/03\/weelogate.svg\" class=\"attachment-full size-full wp-image-3935\" alt=\"\" \/>\t\t\t\t\t\t\t\t\t\t\t\t\t\t\t<\/div>\n\t\t\t\t<\/div>\n\t\t\t\t<div class=\"elementor-element elementor-element-f746dad elementor-widget elementor-widget-heading\" data-id=\"f746dad\" data-element_type=\"widget\" data-e-type=\"widget\" data-widget_type=\"heading.default\">\n\t\t\t\t<div class=\"elementor-widget-container\">\n\t\t\t\t\t<h2 class=\"elementor-heading-title elementor-size-default\">Weelo IN<\/h2>\t\t\t\t<\/div>\n\t\t\t\t<\/div>\n\t\t\t\t\t<\/div>\n\t\t\t\t<\/div>\n\t\t\t\t<div class=\"elementor-element elementor-element-564c952 elementor-widget elementor-widget-text-editor\" data-id=\"564c952\" data-element_type=\"widget\" data-e-type=\"widget\" data-widget_type=\"text-editor.default\">\n\t\t\t\t<div class=\"elementor-widget-container\">\n\t\t\t\t\t\t\t\t\t<p data-sourcepos=\"3:1-3:113\">Weelo IN es la tecnolog\u00eda que permite transformar cualquier habitaci\u00f3n en una veloestaci\u00f3n de la red Weelo.<\/p>\n<p data-sourcepos=\"5:1-5:4\">Weelo IN es una forma r\u00e1pida y sencilla de convertir el espacio no utilizado en un valioso recurso comunitario.<\/p>\n\t\t\t\t\t\t\t\t<\/div>\n\t\t\t\t<\/div>\n\t\t\t\t<div class=\"elementor-element elementor-element-2b84744 elementor-widget elementor-widget-button\" data-id=\"2b84744\" data-element_type=\"widget\" data-e-type=\"widget\" data-widget_type=\"button.default\">\n\t\t\t\t<div class=\"elementor-widget-container\">\n\t\t\t\t\t\t\t\t\t<div class=\"elementor-button-wrapper\">\n\t\t\t\t\t<a class=\"elementor-button elementor-button-link elementor-size-xl\" href=\"https:\/\/weelo.it\/es\/soluciones\/bike-parking\/weelo-in\/\" target=\"_blank\">\n\t\t\t\t\t\t<span class=\"elementor-button-content-wrapper\">\n\t\t\t\t\t\t<span class=\"elementor-button-icon\">\n\t\t\t\t<i aria-hidden=\"true\" class=\"fas fa-arrow-right\"><\/i>\t\t\t<\/span>\n\t\t\t\t\t\t\t\t\t<span class=\"elementor-button-text\"> m\u00e1s informaci\u00f3n sobre Weelo IN<\/span>\n\t\t\t\t\t<\/span>\n\t\t\t\t\t<\/a>\n\t\t\t\t<\/div>\n\t\t\t\t\t\t\t\t<\/div>\n\t\t\t\t<\/div>\n\t\t\t\t<\/div>\n\t\t<div class=\"elementor-element elementor-element-cba3e3d e-con-full column-min-height e-flex e-con e-child\" data-id=\"cba3e3d\" data-element_type=\"container\" data-e-type=\"container\" data-settings=\"{&quot;background_background&quot;:&quot;classic&quot;}\">\n\t\t\t\t<\/div>\n\t\t\t\t<\/div>\n\t\t<div class=\"elementor-element elementor-element-4b1a95f e-flex e-con-boxed e-con e-parent\" data-id=\"4b1a95f\" data-element_type=\"container\" data-e-type=\"container\" data-settings=\"{&quot;background_background&quot;:&quot;classic&quot;}\">\n\t\t\t\t\t<div class=\"e-con-inner\">\n\t\t\t\t<div class=\"elementor-element elementor-element-108e76e elementor-widget__width-initial elementor-widget elementor-widget-video\" data-id=\"108e76e\" data-element_type=\"widget\" data-e-type=\"widget\" data-settings=\"{&quot;youtube_url&quot;:&quot;https:\\\/\\\/www.youtube.com\\\/watch?v=AE03DJULmnw&quot;,&quot;yt_privacy&quot;:&quot;yes&quot;,&quot;video_type&quot;:&quot;youtube&quot;}\" data-widget_type=\"video.default\">\n\t\t\t\t<div class=\"elementor-widget-container\">\n\t\t\t\t\t\t\t<div class=\"elementor-wrapper elementor-open-inline\">\n\t\t\t<div class=\"elementor-video\"><\/div>\t\t<\/div>\n\t\t\t\t\t\t<\/div>\n\t\t\t\t<\/div>\n\t\t\t\t<div class=\"elementor-element elementor-element-9af1302 elementor-widget elementor-widget-heading\" data-id=\"9af1302\" data-element_type=\"widget\" data-e-type=\"widget\" data-widget_type=\"heading.default\">\n\t\t\t\t<div class=\"elementor-widget-container\">\n\t\t\t\t\t<h2 class=\"elementor-heading-title elementor-size-default\">S\u00fabete a la silla. \u00a1Pedalea con nosotros!<\/h2>\t\t\t\t<\/div>\n\t\t\t\t<\/div>\n\t\t\t\t<div class=\"elementor-element elementor-element-bdf8f74 elementor-align-center elementor-widget elementor-widget-button\" data-id=\"bdf8f74\" data-element_type=\"widget\" data-e-type=\"widget\" data-widget_type=\"button.default\">\n\t\t\t\t<div class=\"elementor-widget-container\">\n\t\t\t\t\t\t\t\t\t<div class=\"elementor-button-wrapper\">\n\t\t\t\t\t<a class=\"elementor-button elementor-button-link elementor-size-xs\" href=\"https:\/\/weelo.it\/es\/contactanos\">\n\t\t\t\t\t\t<span class=\"elementor-button-content-wrapper\">\n\t\t\t\t\t\t\t\t\t<span class=\"elementor-button-text\">Cont\u00e1ctanos para iniciar un proyecto en tu ciudad.<\/span>\n\t\t\t\t\t<\/span>\n\t\t\t\t\t<\/a>\n\t\t\t\t<\/div>\n\t\t\t\t\t\t\t\t<\/div>\n\t\t\t\t<\/div>\n\t\t\t\t\t<\/div>\n\t\t\t\t<\/div>\n\t\t\t\t<\/div>\n\t\t","protected":false},"excerpt":{"rendered":"<p>Cuando decimos que en\u00a0Weelo amamos tu bicicleta, \u00a1lo decimos en serio! Descubre tres formas sencillas y c\u00f3modas de aparcar tu bicicleta de forma segura en la ciudad. Weelo HUB Weelo HUB es nuestra soluci\u00f3n urbana y modular dise\u00f1ada para todos aquellos lugares donde es importante para ti encontrar un lugar para estacionar tu bicicleta: por [&hellip;]<\/p>\n","protected":false},"author":4,"featured_media":0,"parent":10318,"menu_order":0,"comment_status":"closed","ping_status":"closed","template":"","meta":{"inline_featured_image":false,"_monsterinsights_skip_tracking":false,"_monsterinsights_sitenote_active":false,"_monsterinsights_sitenote_note":"","_monsterinsights_sitenote_category":0,"_uf_show_specific_survey":0,"_uf_disable_surveys":false,"footnotes":""},"categories":[67],"class_list":["post-10320","page","type-page","status-publish","hentry","category-pagine-b2g-es"],"aioseo_notices":[],"_links":{"self":[{"href":"https:\/\/weelo.it\/es\/wp-json\/wp\/v2\/pages\/10320","targetHints":{"allow":["GET"]}}],"collection":[{"href":"https:\/\/weelo.it\/es\/wp-json\/wp\/v2\/pages"}],"about":[{"href":"https:\/\/weelo.it\/es\/wp-json\/wp\/v2\/types\/page"}],"author":[{"embeddable":true,"href":"https:\/\/weelo.it\/es\/wp-json\/wp\/v2\/users\/4"}],"replies":[{"embeddable":true,"href":"https:\/\/weelo.it\/es\/wp-json\/wp\/v2\/comments?post=10320"}],"version-history":[{"count":5,"href":"https:\/\/weelo.it\/es\/wp-json\/wp\/v2\/pages\/10320\/revisions"}],"predecessor-version":[{"id":14844,"href":"https:\/\/weelo.it\/es\/wp-json\/wp\/v2\/pages\/10320\/revisions\/14844"}],"up":[{"embeddable":true,"href":"https:\/\/weelo.it\/es\/wp-json\/wp\/v2\/pages\/10318"}],"wp:attachment":[{"href":"https:\/\/weelo.it\/es\/wp-json\/wp\/v2\/media?parent=10320"}],"wp:term":[{"taxonomy":"category","embeddable":true,"href":"https:\/\/weelo.it\/es\/wp-json\/wp\/v2\/categories?post=10320"}],"curies":[{"name":"wp","href":"https:\/\/api.w.org\/{rel}","templated":true}]}}