{"id":10316,"date":"2022-03-10T13:21:34","date_gmt":"2022-03-10T13:21:34","guid":{"rendered":"https:\/\/weelo.it\/quienes-somos\/"},"modified":"2024-09-27T11:51:23","modified_gmt":"2024-09-27T11:51:23","slug":"quienes-somos","status":"publish","type":"page","link":"https:\/\/weelo.it\/es\/quienes-somos\/","title":{"rendered":"Quienes somos"},"content":{"rendered":"\t\t<div data-elementor-type=\"wp-page\" data-elementor-id=\"10316\" class=\"elementor elementor-10316\" data-elementor-post-type=\"page\">\n\t\t\t\t<div class=\"elementor-element elementor-element-880df4d e-con-full e-flex e-con e-parent\" data-id=\"880df4d\" data-element_type=\"container\">\n\t\t\t\t<div class=\"elementor-element elementor-element-bdad235 elementor-widget elementor-widget-heading\" data-id=\"bdad235\" data-element_type=\"widget\" data-widget_type=\"heading.default\">\n\t\t\t\t<div class=\"elementor-widget-container\">\n\t\t\t\t\t<h1 class=\"elementor-heading-title elementor-size-default\">Quienes somos<\/h1>\t\t\t\t<\/div>\n\t\t\t\t<\/div>\n\t\t\t\t<div class=\"elementor-element elementor-element-9d88586 elementor-widget elementor-widget-text-editor\" data-id=\"9d88586\" data-element_type=\"widget\" data-widget_type=\"text-editor.default\">\n\t\t\t\t<div class=\"elementor-widget-container\">\n\t\t\t\t\t\t\t\t\t<p><strong>Weelo<\/strong>\u00a0es un proyecto de\u00a0<b>BIC | Bicincitta Italia srl<\/b> , empresa que se ocupa de la concepci\u00f3n, dise\u00f1o, implementaci\u00f3n y gesti\u00f3n de proyectos de movilidad sostenible.<\/p><p>Descubre lo que podemos hacer en tu ciudad.<\/p>\t\t\t\t\t\t\t\t<\/div>\n\t\t\t\t<\/div>\n\t\t\t\t<\/div>\n\t\t<div class=\"elementor-element elementor-element-8afaf65 e-con-full e-flex e-con e-parent\" data-id=\"8afaf65\" data-element_type=\"container\">\n\t\t<div class=\"elementor-element elementor-element-4999165 e-con-full e-flex e-con e-child\" data-id=\"4999165\" data-element_type=\"container\" data-settings=\"{&quot;background_background&quot;:&quot;classic&quot;}\">\n\t\t\t\t<div class=\"elementor-element elementor-element-782f533 elementor-widget elementor-widget-heading\" data-id=\"782f533\" data-element_type=\"widget\" data-widget_type=\"heading.default\">\n\t\t\t\t<div class=\"elementor-widget-container\">\n\t\t\t\t\t<h2 class=\"elementor-heading-title elementor-size-default\">And the Weenner is... <\/h2>\t\t\t\t<\/div>\n\t\t\t\t<\/div>\n\t\t\t\t<div class=\"elementor-element elementor-element-321adc1 elementor-widget elementor-widget-text-editor\" data-id=\"321adc1\" data-element_type=\"widget\" data-widget_type=\"text-editor.default\">\n\t\t\t\t<div class=\"elementor-widget-container\">\n\t\t\t\t\t\t\t\t\t<p><span>Llevamos m\u00e1s de diez a\u00f1os trabajando en\u00a0<\/span><b><span>movilidad sostenible<\/span><\/b><span>\u00a0y nuestra ambici\u00f3n siempre ha sido hacer que las personas pasen de la sillita del coche al sill\u00edn de la bicicleta.<\/span><\/p>\n<p><b><span>\u00a1Y por eso estamos orgullosos de dos prestigiosos premios que confirman que estamos en el camino correcto!<\/span><\/b><\/p>\n<p><span>Por el proyecto\u00a0<\/span><b><span>WEELO BIKE PARKING<\/span><\/b><span>\u00a0recibimos el\u00a0\u00a0<\/span><b><span>Premio al Desarrollo Sostenible 2023\u00a0<\/span><\/b><span>\u00a0en la categor\u00eda Movilidad Sostenible\u00a0<\/span><b><span>, estando entre las diez mejores empresas italianas del sector.<\/span><\/b><\/p>\n<p><span>El premio, que ya va por su 13\u00aa edici\u00f3n, es\u00a0\u00a0<\/span><b>\u00a0<\/b><span>creado por\u00a0\u00a0<\/span><b><span>la Fundaci\u00f3n Desarrollo Sostenible<\/span><\/b><span>\u00a0\u00a0y\u00a0<\/span><b><span>Ecomondo<\/span><\/b><span>\u00a0con el patrocinio del\u00a0<\/span><span><b>Ministerio de Medio Ambiente y Seguridad Energ\u00e9tica.<\/b><\/span>\u00a0<b><\/b><\/p>\n<p><span>El\u00a0\u00a0<\/span><b><span>Monitor de Innovaci\u00f3n Social<\/span><\/b><span>\u00a0del\u00a0<\/span><b><span>Polit\u00e9cnico de Tur\u00edn<\/span><\/b><span>\u00a0tambi\u00e9n \u00a0premi\u00f3 nuestros esfuerzos con el\u00a0\u00a0<\/span><b><span>Certificado de Excelencia<\/span><\/b><span>\u00a0dedicado a las mejores\u00a0\u00a0<\/span><span>empresas con impacto social y ambiental.<\/span><b>\u00a0<\/b><\/p>\n\t\t\t\t\t\t\t\t<\/div>\n\t\t\t\t<\/div>\n\t\t\t\t<\/div>\n\t\t<div class=\"elementor-element elementor-element-abc5ab8 e-con-full column-min-height e-flex e-con e-child\" data-id=\"abc5ab8\" data-element_type=\"container\" data-settings=\"{&quot;background_background&quot;:&quot;classic&quot;}\">\n\t\t\t\t<\/div>\n\t\t\t\t<\/div>\n\t\t<div class=\"elementor-element elementor-element-b9723f0 e-con-full e-flex e-con e-parent\" data-id=\"b9723f0\" data-element_type=\"container\">\n\t\t<div class=\"elementor-element elementor-element-6739acd e-con-full column-min-height e-flex e-con e-child\" data-id=\"6739acd\" data-element_type=\"container\" data-settings=\"{&quot;background_background&quot;:&quot;classic&quot;}\">\n\t\t\t\t<\/div>\n\t\t<div class=\"elementor-element elementor-element-6742490 e-con-full e-flex e-con e-child\" data-id=\"6742490\" data-element_type=\"container\" data-settings=\"{&quot;background_background&quot;:&quot;classic&quot;}\">\n\t\t\t\t<div class=\"elementor-element elementor-element-ce4a9d2 elementor-widget elementor-widget-heading\" data-id=\"ce4a9d2\" data-element_type=\"widget\" data-widget_type=\"heading.default\">\n\t\t\t\t<div class=\"elementor-widget-container\">\n\t\t\t\t\t<h2 class=\"elementor-heading-title elementor-size-default\">Weelo comienza con \"We\".<\/h2>\t\t\t\t<\/div>\n\t\t\t\t<\/div>\n\t\t\t\t<div class=\"elementor-element elementor-element-3711cd5 elementor-widget elementor-widget-text-editor\" data-id=\"3711cd5\" data-element_type=\"widget\" data-widget_type=\"text-editor.default\">\n\t\t\t\t<div class=\"elementor-widget-container\">\n\t\t\t\t\t\t\t\t\t<p><span>Es decir, con nosotros: en una era de econom\u00eda colaborativa, queremos garantizar que\u00a0<\/span><strong><em><span>compartir la movilidad<\/span><\/em> <\/strong><span>se perciba como un <\/span><strong><span>bien prioritario<\/span><\/strong><span>.<\/span><\/p>\n<p><span>Con nuestra empresa queremos que todas las administraciones p\u00fablicas instalen veloestaciones y sistemas de bicicletas compartidas de forma transparente e integrada con otros servicios\u00a0<\/span><strong><span>de transporte p\u00fablico<\/span><\/strong><span>. Tambi\u00e9n nos encargamos de la planificaci\u00f3n ejecutiva, instalaciones, mantenimiento de servicios y operaciones de comercializaci\u00f3n necesarias para el desarrollo y promoci\u00f3n de la movilidad sostenible. \u00a1Ya estamos presentes en\u00a0<\/span><strong><span>m\u00e1s de 100 ciudades italianas<\/span><\/strong><span>!<\/span><\/p>\n\t\t\t\t\t\t\t\t<\/div>\n\t\t\t\t<\/div>\n\t\t\t\t<\/div>\n\t\t\t\t<\/div>\n\t\t<div class=\"elementor-element elementor-element-dd9b91f e-con-full e-flex e-con e-parent\" data-id=\"dd9b91f\" data-element_type=\"container\">\n\t\t<div class=\"elementor-element elementor-element-b36770b e-con-full e-flex e-con e-child\" data-id=\"b36770b\" data-element_type=\"container\" data-settings=\"{&quot;background_background&quot;:&quot;classic&quot;}\">\n\t\t\t\t<div class=\"elementor-element elementor-element-0af55c0 elementor-widget elementor-widget-heading\" data-id=\"0af55c0\" data-element_type=\"widget\" data-widget_type=\"heading.default\">\n\t\t\t\t<div class=\"elementor-widget-container\">\n\t\t\t\t\t<h2 class=\"elementor-heading-title elementor-size-default\">S\u00fabete a la silla. \u00a1Pedalea con nosotros!<\/h2>\t\t\t\t<\/div>\n\t\t\t\t<\/div>\n\t\t\t\t<div class=\"elementor-element elementor-element-1e9f234 elementor-widget elementor-widget-text-editor\" data-id=\"1e9f234\" data-element_type=\"widget\" data-widget_type=\"text-editor.default\">\n\t\t\t\t<div class=\"elementor-widget-container\">\n\t\t\t\t\t\t\t\t\t<p>Hemos iniciado un viaje en bicicleta hacia el cambio: urbano, sostenible y en nuestros h\u00e1bitos de movilidad.<\/p><p>Invertimos en el bienestar de los ciudadanos a trav\u00e9s de la reurbanizaci\u00f3n de espacios y el replanteamiento de la movilidad urbana y ofrecemos servicios que estimulan la confianza, el compartir y la seguridad en las personas.<\/p><p>Para nosotros este es un objetivo necesario, que debemos fijarnos cada d\u00eda. \u00bfT\u00fa tambi\u00e9n lo crees?<\/p>\t\t\t\t\t\t\t\t<\/div>\n\t\t\t\t<\/div>\n\t\t\t\t<div class=\"elementor-element elementor-element-8a2039a elementor-widget elementor-widget-button\" data-id=\"8a2039a\" data-element_type=\"widget\" data-widget_type=\"button.default\">\n\t\t\t\t<div class=\"elementor-widget-container\">\n\t\t\t\t\t\t\t\t\t<div class=\"elementor-button-wrapper\">\n\t\t\t\t\t<a class=\"elementor-button elementor-button-link elementor-size-xs\" href=\"https:\/\/weelo.it\/es\/contactanos\">\n\t\t\t\t\t\t<span class=\"elementor-button-content-wrapper\">\n\t\t\t\t\t\t\t\t\t<span class=\"elementor-button-text\">Cont\u00e1ctanos para iniciar un proyecto en tu ciudad<\/span>\n\t\t\t\t\t<\/span>\n\t\t\t\t\t<\/a>\n\t\t\t\t<\/div>\n\t\t\t\t\t\t\t\t<\/div>\n\t\t\t\t<\/div>\n\t\t\t\t<\/div>\n\t\t<div class=\"elementor-element elementor-element-a8f95bb e-con-full column-min-height e-flex e-con e-child\" data-id=\"a8f95bb\" data-element_type=\"container\" data-settings=\"{&quot;background_background&quot;:&quot;classic&quot;}\">\n\t\t\t\t<\/div>\n\t\t\t\t<\/div>\n\t\t\t\t<\/div>\n\t\t","protected":false},"excerpt":{"rendered":"<p>Weelo\u00a0es un proyecto de\u00a0BIC | Bicincitta Italia srl , empresa que se ocupa de la concepci\u00f3n, dise\u00f1o, implementaci\u00f3n y gesti\u00f3n de proyectos de movilidad sostenible. Descubre lo que podemos hacer en tu ciudad. And the Weenner is&#8230; Llevamos m\u00e1s de diez a\u00f1os trabajando en\u00a0movilidad sostenible\u00a0y nuestra ambici\u00f3n siempre ha sido hacer que las personas pasen [&hellip;]<\/p>\n","protected":false},"author":2,"featured_media":0,"parent":0,"menu_order":0,"comment_status":"closed","ping_status":"closed","template":"","meta":{"inline_featured_image":false,"_monsterinsights_skip_tracking":false,"_monsterinsights_sitenote_active":false,"_monsterinsights_sitenote_note":"","_monsterinsights_sitenote_category":0,"_uf_show_specific_survey":0,"_uf_disable_surveys":false,"footnotes":""},"categories":[],"class_list":["post-10316","page","type-page","status-publish","hentry"],"aioseo_notices":[],"_links":{"self":[{"href":"https:\/\/weelo.it\/es\/wp-json\/wp\/v2\/pages\/10316","targetHints":{"allow":["GET"]}}],"collection":[{"href":"https:\/\/weelo.it\/es\/wp-json\/wp\/v2\/pages"}],"about":[{"href":"https:\/\/weelo.it\/es\/wp-json\/wp\/v2\/types\/page"}],"author":[{"embeddable":true,"href":"https:\/\/weelo.it\/es\/wp-json\/wp\/v2\/users\/2"}],"replies":[{"embeddable":true,"href":"https:\/\/weelo.it\/es\/wp-json\/wp\/v2\/comments?post=10316"}],"version-history":[{"count":4,"href":"https:\/\/weelo.it\/es\/wp-json\/wp\/v2\/pages\/10316\/revisions"}],"predecessor-version":[{"id":10376,"href":"https:\/\/weelo.it\/es\/wp-json\/wp\/v2\/pages\/10316\/revisions\/10376"}],"wp:attachment":[{"href":"https:\/\/weelo.it\/es\/wp-json\/wp\/v2\/media?parent=10316"}],"wp:term":[{"taxonomy":"category","embeddable":true,"href":"https:\/\/weelo.it\/es\/wp-json\/wp\/v2\/categories?post=10316"}],"curies":[{"name":"wp","href":"https:\/\/api.w.org\/{rel}","templated":true}]}}