{"id":10217,"date":"2023-08-09T09:39:35","date_gmt":"2023-08-09T09:39:35","guid":{"rendered":"https:\/\/weelo.it\/home\/"},"modified":"2024-09-26T08:12:53","modified_gmt":"2024-09-26T08:12:53","slug":"home","status":"publish","type":"page","link":"https:\/\/weelo.it\/es\/","title":{"rendered":"Home"},"content":{"rendered":"\t\t<div data-elementor-type=\"wp-page\" data-elementor-id=\"10217\" class=\"elementor elementor-10217 elementor-6442\" data-elementor-post-type=\"page\">\n\t\t\t\t<div class=\"elementor-element elementor-element-3dd15b4 e-con-full elementor-hidden-mobile e-flex e-con e-parent\" data-id=\"3dd15b4\" data-element_type=\"container\" data-settings=\"{&quot;background_background&quot;:&quot;video&quot;,&quot;background_video_link&quot;:&quot;https:\\\/\\\/www.youtube.com\\\/watch?v=VJ4jUQ8l3ak&quot;,&quot;background_video_start&quot;:0,&quot;background_play_on_mobile&quot;:&quot;yes&quot;,&quot;background_privacy_mode&quot;:&quot;yes&quot;,&quot;background_video_end&quot;:110}\">\n\t\t<div class=\"elementor-background-video-container\" aria-hidden=\"true\">\n\t\t\t\t\t\t\t<div class=\"elementor-background-video-embed\"><\/div>\n\t\t\t\t\t\t<\/div>\t\t<div class=\"elementor-element elementor-element-d85efb4 elementor-widget elementor-widget-heading\" data-id=\"d85efb4\" data-element_type=\"widget\" data-widget_type=\"heading.default\">\n\t\t\t\t<div class=\"elementor-widget-container\">\n\t\t\t\t\t<h1 class=\"elementor-heading-title elementor-size-default\">We love bikes.<\/h1>\t\t\t\t<\/div>\n\t\t\t\t<\/div>\n\t\t\t\t<div class=\"elementor-element elementor-element-e266d69 elementor-view-default elementor-invisible elementor-widget elementor-widget-icon\" data-id=\"e266d69\" data-element_type=\"widget\" data-settings=\"{&quot;_animation&quot;:&quot;fadeInDown&quot;}\" data-widget_type=\"icon.default\">\n\t\t\t\t<div class=\"elementor-widget-container\">\n\t\t\t\t\t\t\t<div class=\"elementor-icon-wrapper\">\n\t\t\t<a class=\"elementor-icon\" href=\"#weelo-soluzioni\">\n\t\t\t<i aria-hidden=\"true\" class=\"fas fa-arrow-circle-down\"><\/i>\t\t\t<\/a>\n\t\t<\/div>\n\t\t\t\t\t\t<\/div>\n\t\t\t\t<\/div>\n\t\t\t\t<\/div>\n\t\t<div class=\"elementor-element elementor-element-d2e2b45 e-con-full elementor-hidden-desktop elementor-hidden-tablet e-flex e-con e-parent\" data-id=\"d2e2b45\" data-element_type=\"container\" data-settings=\"{&quot;background_background&quot;:&quot;video&quot;,&quot;background_video_link&quot;:&quot;https:\\\/\\\/www.youtube.com\\\/watch?v=f0rPjkVQSWE&quot;,&quot;background_video_start&quot;:32,&quot;background_play_on_mobile&quot;:&quot;yes&quot;,&quot;background_privacy_mode&quot;:&quot;yes&quot;,&quot;background_video_end&quot;:110}\">\n\t\t<div class=\"elementor-background-video-container\" aria-hidden=\"true\">\n\t\t\t\t\t\t\t<div class=\"elementor-background-video-embed\"><\/div>\n\t\t\t\t\t\t<\/div>\t\t<div class=\"elementor-element elementor-element-0e40425 elementor-widget elementor-widget-heading\" data-id=\"0e40425\" data-element_type=\"widget\" data-widget_type=\"heading.default\">\n\t\t\t\t<div class=\"elementor-widget-container\">\n\t\t\t\t\t<h1 class=\"elementor-heading-title elementor-size-default\">We love bikes.<\/h1>\t\t\t\t<\/div>\n\t\t\t\t<\/div>\n\t\t\t\t<div class=\"elementor-element elementor-element-f9ecb11 elementor-view-default elementor-invisible elementor-widget elementor-widget-icon\" data-id=\"f9ecb11\" data-element_type=\"widget\" data-settings=\"{&quot;_animation&quot;:&quot;fadeInDown&quot;,&quot;_animation_mobile&quot;:&quot;fadeInDown&quot;}\" data-widget_type=\"icon.default\">\n\t\t\t\t<div class=\"elementor-widget-container\">\n\t\t\t\t\t\t\t<div class=\"elementor-icon-wrapper\">\n\t\t\t<a class=\"elementor-icon\" href=\"#weelo-soluzioni\">\n\t\t\t<i aria-hidden=\"true\" class=\"fas fa-arrow-circle-down\"><\/i>\t\t\t<\/a>\n\t\t<\/div>\n\t\t\t\t\t\t<\/div>\n\t\t\t\t<\/div>\n\t\t\t\t<\/div>\n\t\t<div class=\"elementor-element elementor-element-5a6d2a8 e-flex e-con-boxed e-con e-parent\" data-id=\"5a6d2a8\" data-element_type=\"container\" id=\"weelo-soluzioni\" data-settings=\"{&quot;background_background&quot;:&quot;classic&quot;}\">\n\t\t\t\t\t<div class=\"e-con-inner\">\n\t\t\t\t<div class=\"elementor-element elementor-element-e2a5580 elementor-hidden-desktop elementor-hidden-tablet elementor-hidden-mobile elementor-widget elementor-widget-heading\" data-id=\"e2a5580\" data-element_type=\"widget\" data-widget_type=\"heading.default\">\n\t\t\t\t<div class=\"elementor-widget-container\">\n\t\t\t\t\t<h1 class=\"elementor-heading-title elementor-size-default\">\u00a1Pedaleamos hacia el futuro!<\/h1>\t\t\t\t<\/div>\n\t\t\t\t<\/div>\n\t\t\t\t<div class=\"elementor-element elementor-element-018558d elementor-widget elementor-widget-heading\" data-id=\"018558d\" data-element_type=\"widget\" data-widget_type=\"heading.default\">\n\t\t\t\t<div class=\"elementor-widget-container\">\n\t\t\t\t\t<h3 class=\"elementor-heading-title elementor-size-default\">Weelo hace la vida m\u00e1s f\u00e1cil a los ciclistas<\/h3>\t\t\t\t<\/div>\n\t\t\t\t<\/div>\n\t\t\t\t<div class=\"elementor-element elementor-element-653c4cc elementor-widget elementor-widget-text-editor\" data-id=\"653c4cc\" data-element_type=\"widget\" data-widget_type=\"text-editor.default\">\n\t\t\t\t<div class=\"elementor-widget-container\">\n\t\t\t\t\t\t\t\t\t<p>Y ofrece soluciones para animar a m\u00e1s gente a usar la bicicleta, porque creemos que pedalear siempre es una buena idea. <strong>WEELO es la primera red de servicios inteligentes para bicicletas p\u00fablicas y privadas<\/strong>, dise\u00f1ada especialmente para las ciudades. Con <strong>WEELO<\/strong>, cada \u00e1rea urbana es ordenada, accesible y ecol\u00f3gica.<\/p>\n\t\t\t\t\t\t\t\t<\/div>\n\t\t\t\t<\/div>\n\t\t\t\t<div class=\"elementor-element elementor-element-829bff6 elementor-align-center elementor-widget elementor-widget-button\" data-id=\"829bff6\" data-element_type=\"widget\" data-widget_type=\"button.default\">\n\t\t\t\t<div class=\"elementor-widget-container\">\n\t\t\t\t\t\t\t\t\t<div class=\"elementor-button-wrapper\">\n\t\t\t\t\t<a class=\"elementor-button elementor-button-link elementor-size-xl\" href=\"https:\/\/weelo.it\/es\/soluciones\">\n\t\t\t\t\t\t<span class=\"elementor-button-content-wrapper\">\n\t\t\t\t\t\t<span class=\"elementor-button-icon\">\n\t\t\t\t<i aria-hidden=\"true\" class=\"fas fa-arrow-right\"><\/i>\t\t\t<\/span>\n\t\t\t\t\t\t\t\t\t<span class=\"elementor-button-text\">Descubre las soluciones Weelo para tu ciudad<\/span>\n\t\t\t\t\t<\/span>\n\t\t\t\t\t<\/a>\n\t\t\t\t<\/div>\n\t\t\t\t\t\t\t\t<\/div>\n\t\t\t\t<\/div>\n\t\t\t\t\t<\/div>\n\t\t\t\t<\/div>\n\t\t<div class=\"elementor-element elementor-element-1579261 e-flex e-con-boxed e-con e-parent\" data-id=\"1579261\" data-element_type=\"container\" data-settings=\"{&quot;background_background&quot;:&quot;classic&quot;}\">\n\t\t\t\t\t<div class=\"e-con-inner\">\n\t\t<div class=\"elementor-element elementor-element-ea57806 e-con-full e-flex e-con e-child\" data-id=\"ea57806\" data-element_type=\"container\" data-settings=\"{&quot;background_background&quot;:&quot;classic&quot;}\">\n\t\t\t\t<div class=\"elementor-element elementor-element-dab538e elementor-widget elementor-widget-text-editor\" data-id=\"dab538e\" data-element_type=\"widget\" data-widget_type=\"text-editor.default\">\n\t\t\t\t<div class=\"elementor-widget-container\">\n\t\t\t\t\t\t\t\t\t<p>La misi\u00f3n de Weelo es inspirar a las personas a mejorar sus vidas y los espacios que habitan con soluciones ecosostenibles y saludables. \u00a1Como andar en bicicleta!<\/p>\n\t\t\t\t\t\t\t\t<\/div>\n\t\t\t\t<\/div>\n\t\t\t\t<\/div>\n\t\t\t\t\t<\/div>\n\t\t\t\t<\/div>\n\t\t<div class=\"elementor-element elementor-element-0a12fe0 e-con-full e-flex e-con e-parent\" data-id=\"0a12fe0\" data-element_type=\"container\">\n\t\t<div class=\"elementor-element elementor-element-02d261d column-min-height e-con-full e-flex e-con e-child\" data-id=\"02d261d\" data-element_type=\"container\" data-settings=\"{&quot;background_background&quot;:&quot;classic&quot;}\">\n\t\t\t\t<\/div>\n\t\t<div class=\"elementor-element elementor-element-f605819 e-con-full e-flex e-con e-child\" data-id=\"f605819\" data-element_type=\"container\" data-settings=\"{&quot;background_background&quot;:&quot;classic&quot;}\">\n\t\t\t\t<div class=\"elementor-element elementor-element-b55fd92 elementor-widget elementor-widget-heading\" data-id=\"b55fd92\" data-element_type=\"widget\" data-widget_type=\"heading.default\">\n\t\t\t\t<div class=\"elementor-widget-container\">\n\t\t\t\t\t<h3 class=\"elementor-heading-title elementor-size-default\">La protagonista de la movilidad<\/h3>\t\t\t\t<\/div>\n\t\t\t\t<\/div>\n\t\t\t\t<div class=\"elementor-element elementor-element-ed90ce5 elementor-widget elementor-widget-text-editor\" data-id=\"ed90ce5\" data-element_type=\"widget\" data-widget_type=\"text-editor.default\">\n\t\t\t\t<div class=\"elementor-widget-container\">\n\t\t\t\t\t\t\t\t\t<p>La bicicleta es el medio de transporte m\u00e1s sencillo, econ\u00f3mico y respetuoso con el medio ambiente jam\u00e1s concebido.<\/p>\n<p>Para <strong>WEELO<\/strong>, la bicicleta es el elemento central de la movilidad urbana.<\/p>\n<p><strong>WEELO<\/strong> es la primera red de servicios de alquiler, estacionamiento y uso compartido de bicicletas que permite a las ciudades transformarse con infraestructuras dise\u00f1adas para fomentar el ciclismo y armonizar con el entorno.<\/p>\n\t\t\t\t\t\t\t\t<\/div>\n\t\t\t\t<\/div>\n\t\t\t\t<\/div>\n\t\t\t\t<\/div>\n\t\t<div class=\"elementor-element elementor-element-fbc5257 e-con-full e-flex e-con e-parent\" data-id=\"fbc5257\" data-element_type=\"container\">\n\t\t<div class=\"elementor-element elementor-element-4b8b4b4 e-flex e-con-boxed e-con e-child\" data-id=\"4b8b4b4\" data-element_type=\"container\">\n\t\t\t\t\t<div class=\"e-con-inner\">\n\t\t\t\t<div class=\"elementor-element elementor-element-6e645e4 elementor-widget elementor-widget-heading\" data-id=\"6e645e4\" data-element_type=\"widget\" data-widget_type=\"heading.default\">\n\t\t\t\t<div class=\"elementor-widget-container\">\n\t\t\t\t\t<h2 class=\"elementor-heading-title elementor-size-default\">Cinco buenas razones para montar en bicicleta.<\/h2>\t\t\t\t<\/div>\n\t\t\t\t<\/div>\n\t\t\t\t\t<\/div>\n\t\t\t\t<\/div>\n\t\t<div class=\"elementor-element elementor-element-9606fcb e-con-full e-flex e-con e-child\" data-id=\"9606fcb\" data-element_type=\"container\">\n\t\t\t\t<div class=\"elementor-element elementor-element-eff045e elementor-widget elementor-widget-image\" data-id=\"eff045e\" data-element_type=\"widget\" data-widget_type=\"image.default\">\n\t\t\t\t<div class=\"elementor-widget-container\">\n\t\t\t\t\t\t\t\t\t\t\t\t\t\t\t<img fetchpriority=\"high\" decoding=\"async\" width=\"250\" height=\"250\" src=\"https:\/\/weelo.it\/wp-content\/uploads\/2022\/03\/icona-1.png\" class=\"attachment-full size-full wp-image-3899\" alt=\"\" srcset=\"https:\/\/weelo.it\/wp-content\/uploads\/2022\/03\/icona-1.png 250w, https:\/\/weelo.it\/wp-content\/uploads\/2022\/03\/icona-1-150x150.png 150w\" sizes=\"(max-width: 250px) 100vw, 250px\" \/>\t\t\t\t\t\t\t\t\t\t\t\t\t\t\t<\/div>\n\t\t\t\t<\/div>\n\t\t\t\t<div class=\"elementor-element elementor-element-a0518d5 elementor-widget elementor-widget-heading\" data-id=\"a0518d5\" data-element_type=\"widget\" data-widget_type=\"heading.default\">\n\t\t\t\t<div class=\"elementor-widget-container\">\n\t\t\t\t\t<h4 class=\"elementor-heading-title elementor-size-default\">Vive mejor<\/h4>\t\t\t\t<\/div>\n\t\t\t\t<\/div>\n\t\t\t\t<div class=\"elementor-element elementor-element-b592881 elementor-widget elementor-widget-text-editor\" data-id=\"b592881\" data-element_type=\"widget\" data-widget_type=\"text-editor.default\">\n\t\t\t\t<div class=\"elementor-widget-container\">\n\t\t\t\t\t\t\t\t\t<p>Montar en bicicleta es una manera formidable de reducir el estr\u00e9s y encontrar la paz mental.<\/p>\n\t\t\t\t\t\t\t\t<\/div>\n\t\t\t\t<\/div>\n\t\t\t\t<\/div>\n\t\t<div class=\"elementor-element elementor-element-f93cf36 e-con-full e-flex e-con e-child\" data-id=\"f93cf36\" data-element_type=\"container\">\n\t\t\t\t<div class=\"elementor-element elementor-element-320f6a9 elementor-widget elementor-widget-image\" data-id=\"320f6a9\" data-element_type=\"widget\" data-widget_type=\"image.default\">\n\t\t\t\t<div class=\"elementor-widget-container\">\n\t\t\t\t\t\t\t\t\t\t\t\t\t\t\t<img decoding=\"async\" width=\"250\" height=\"250\" src=\"https:\/\/weelo.it\/wp-content\/uploads\/2022\/03\/icona-2.png\" class=\"attachment-full size-full wp-image-3900\" alt=\"\" srcset=\"https:\/\/weelo.it\/wp-content\/uploads\/2022\/03\/icona-2.png 250w, https:\/\/weelo.it\/wp-content\/uploads\/2022\/03\/icona-2-150x150.png 150w\" sizes=\"(max-width: 250px) 100vw, 250px\" \/>\t\t\t\t\t\t\t\t\t\t\t\t\t\t\t<\/div>\n\t\t\t\t<\/div>\n\t\t\t\t<div class=\"elementor-element elementor-element-a9164cb elementor-widget elementor-widget-heading\" data-id=\"a9164cb\" data-element_type=\"widget\" data-widget_type=\"heading.default\">\n\t\t\t\t<div class=\"elementor-widget-container\">\n\t\t\t\t\t<h4 class=\"elementor-heading-title elementor-size-default\">Ahorra dinero<\/h4>\t\t\t\t<\/div>\n\t\t\t\t<\/div>\n\t\t\t\t<div class=\"elementor-element elementor-element-a551305 elementor-widget elementor-widget-text-editor\" data-id=\"a551305\" data-element_type=\"widget\" data-widget_type=\"text-editor.default\">\n\t\t\t\t<div class=\"elementor-widget-container\">\n\t\t\t\t\t\t\t\t\t<p>\u00bfTe imaginas no gastar tanto en gasolina? \u00a1Con Weelo, tu bolsillo tambi\u00e9n sonreir\u00e1!<\/p>\n\t\t\t\t\t\t\t\t<\/div>\n\t\t\t\t<\/div>\n\t\t\t\t<\/div>\n\t\t<div class=\"elementor-element elementor-element-64cafe6 e-con-full e-flex e-con e-child\" data-id=\"64cafe6\" data-element_type=\"container\">\n\t\t\t\t<div class=\"elementor-element elementor-element-9f17d5f elementor-widget elementor-widget-image\" data-id=\"9f17d5f\" data-element_type=\"widget\" data-widget_type=\"image.default\">\n\t\t\t\t<div class=\"elementor-widget-container\">\n\t\t\t\t\t\t\t\t\t\t\t\t\t\t\t<img decoding=\"async\" width=\"250\" height=\"250\" src=\"https:\/\/weelo.it\/wp-content\/uploads\/2022\/03\/icona-3.png\" class=\"attachment-full size-full wp-image-3901\" alt=\"\" srcset=\"https:\/\/weelo.it\/wp-content\/uploads\/2022\/03\/icona-3.png 250w, https:\/\/weelo.it\/wp-content\/uploads\/2022\/03\/icona-3-150x150.png 150w\" sizes=\"(max-width: 250px) 100vw, 250px\" \/>\t\t\t\t\t\t\t\t\t\t\t\t\t\t\t<\/div>\n\t\t\t\t<\/div>\n\t\t\t\t<div class=\"elementor-element elementor-element-ef33249 elementor-widget elementor-widget-heading\" data-id=\"ef33249\" data-element_type=\"widget\" data-widget_type=\"heading.default\">\n\t\t\t\t<div class=\"elementor-widget-container\">\n\t\t\t\t\t<h4 class=\"elementor-heading-title elementor-size-default\">Ponte en forma<\/h4>\t\t\t\t<\/div>\n\t\t\t\t<\/div>\n\t\t\t\t<div class=\"elementor-element elementor-element-6e0df48 elementor-widget elementor-widget-text-editor\" data-id=\"6e0df48\" data-element_type=\"widget\" data-widget_type=\"text-editor.default\">\n\t\t\t\t<div class=\"elementor-widget-container\">\n\t\t\t\t\t\t\t\t\t<p>Con solo 10 minutos de ciclismo diario, activar\u00e1s tu metabolismo y mejorar\u00e1s tu circulaci\u00f3n.<\/p>\n\t\t\t\t\t\t\t\t<\/div>\n\t\t\t\t<\/div>\n\t\t\t\t<\/div>\n\t\t<div class=\"elementor-element elementor-element-f0bed11 e-con-full e-flex e-con e-child\" data-id=\"f0bed11\" data-element_type=\"container\">\n\t\t\t\t<div class=\"elementor-element elementor-element-dc497e9 elementor-widget elementor-widget-image\" data-id=\"dc497e9\" data-element_type=\"widget\" data-widget_type=\"image.default\">\n\t\t\t\t<div class=\"elementor-widget-container\">\n\t\t\t\t\t\t\t\t\t\t\t\t\t\t\t<img loading=\"lazy\" decoding=\"async\" width=\"250\" height=\"250\" src=\"https:\/\/weelo.it\/wp-content\/uploads\/2022\/03\/icona-4.png\" class=\"attachment-full size-full wp-image-3902\" alt=\"\" srcset=\"https:\/\/weelo.it\/wp-content\/uploads\/2022\/03\/icona-4.png 250w, https:\/\/weelo.it\/wp-content\/uploads\/2022\/03\/icona-4-150x150.png 150w\" sizes=\"(max-width: 250px) 100vw, 250px\" \/>\t\t\t\t\t\t\t\t\t\t\t\t\t\t\t<\/div>\n\t\t\t\t<\/div>\n\t\t\t\t<div class=\"elementor-element elementor-element-9c98eeb elementor-widget elementor-widget-heading\" data-id=\"9c98eeb\" data-element_type=\"widget\" data-widget_type=\"heading.default\">\n\t\t\t\t<div class=\"elementor-widget-container\">\n\t\t\t\t\t<h4 class=\"elementor-heading-title elementor-size-default\">Gana tiempo<\/h4>\t\t\t\t<\/div>\n\t\t\t\t<\/div>\n\t\t\t\t<div class=\"elementor-element elementor-element-aaa8933 elementor-widget elementor-widget-text-editor\" data-id=\"aaa8933\" data-element_type=\"widget\" data-widget_type=\"text-editor.default\">\n\t\t\t\t<div class=\"elementor-widget-container\">\n\t\t\t\t\t\t\t\t\t<p>\u00bfCu\u00e1ntas cosas podr\u00edas hacer en el tiempo que pierdes buscando aparcamiento o esperando el transporte p\u00fablico?<\/p>\n\t\t\t\t\t\t\t\t<\/div>\n\t\t\t\t<\/div>\n\t\t\t\t<\/div>\n\t\t<div class=\"elementor-element elementor-element-ee0cf97 e-con-full e-flex e-con e-child\" data-id=\"ee0cf97\" data-element_type=\"container\">\n\t\t\t\t<div class=\"elementor-element elementor-element-e587972 elementor-widget elementor-widget-image\" data-id=\"e587972\" data-element_type=\"widget\" data-widget_type=\"image.default\">\n\t\t\t\t<div class=\"elementor-widget-container\">\n\t\t\t\t\t\t\t\t\t\t\t\t\t\t\t<img loading=\"lazy\" decoding=\"async\" width=\"250\" height=\"250\" src=\"https:\/\/weelo.it\/wp-content\/uploads\/2022\/03\/icona-5.png\" class=\"attachment-full size-full wp-image-3903\" alt=\"\" srcset=\"https:\/\/weelo.it\/wp-content\/uploads\/2022\/03\/icona-5.png 250w, https:\/\/weelo.it\/wp-content\/uploads\/2022\/03\/icona-5-150x150.png 150w\" sizes=\"(max-width: 250px) 100vw, 250px\" \/>\t\t\t\t\t\t\t\t\t\t\t\t\t\t\t<\/div>\n\t\t\t\t<\/div>\n\t\t\t\t<div class=\"elementor-element elementor-element-bd0db3c elementor-widget elementor-widget-heading\" data-id=\"bd0db3c\" data-element_type=\"widget\" data-widget_type=\"heading.default\">\n\t\t\t\t<div class=\"elementor-widget-container\">\n\t\t\t\t\t<h4 class=\"elementor-heading-title elementor-size-default\">Sonr\u00ede m\u00e1s<\/h4>\t\t\t\t<\/div>\n\t\t\t\t<\/div>\n\t\t\t\t<div class=\"elementor-element elementor-element-67394c2 elementor-widget elementor-widget-text-editor\" data-id=\"67394c2\" data-element_type=\"widget\" data-widget_type=\"text-editor.default\">\n\t\t\t\t<div class=\"elementor-widget-container\">\n\t\t\t\t\t\t\t\t\t<p>Pedalear es una excelente manera de producir endorfinas, las hormonas de la felicidad.<\/p>\n\t\t\t\t\t\t\t\t<\/div>\n\t\t\t\t<\/div>\n\t\t\t\t<\/div>\n\t\t\t\t<\/div>\n\t\t<div class=\"elementor-element elementor-element-1858b92 e-flex e-con-boxed e-con e-parent\" data-id=\"1858b92\" data-element_type=\"container\" data-settings=\"{&quot;background_background&quot;:&quot;classic&quot;}\">\n\t\t\t\t\t<div class=\"e-con-inner\">\n\t\t<div class=\"elementor-element elementor-element-867367d e-con-full e-flex e-con e-child\" data-id=\"867367d\" data-element_type=\"container\" data-settings=\"{&quot;background_background&quot;:&quot;classic&quot;}\">\n\t\t\t\t<div class=\"elementor-element elementor-element-d822eaf elementor-widget elementor-widget-image\" data-id=\"d822eaf\" data-element_type=\"widget\" data-widget_type=\"image.default\">\n\t\t\t\t<div class=\"elementor-widget-container\">\n\t\t\t\t\t\t\t\t\t\t\t\t\t\t\t<img loading=\"lazy\" decoding=\"async\" width=\"300\" height=\"300\" src=\"https:\/\/weelo.it\/wp-content\/uploads\/2022\/03\/ONUGoals2030.jpg\" class=\"attachment-full size-full wp-image-4273\" alt=\"\" srcset=\"https:\/\/weelo.it\/wp-content\/uploads\/2022\/03\/ONUGoals2030.jpg 300w, https:\/\/weelo.it\/wp-content\/uploads\/2022\/03\/ONUGoals2030-150x150.jpg 150w\" sizes=\"(max-width: 300px) 100vw, 300px\" \/>\t\t\t\t\t\t\t\t\t\t\t\t\t\t\t<\/div>\n\t\t\t\t<\/div>\n\t\t\t\t<\/div>\n\t\t<div class=\"elementor-element elementor-element-6fcb235 e-con-full e-flex e-con e-child\" data-id=\"6fcb235\" data-element_type=\"container\" data-settings=\"{&quot;background_background&quot;:&quot;classic&quot;}\">\n\t\t\t\t<div class=\"elementor-element elementor-element-1569698 elementor-widget elementor-widget-heading\" data-id=\"1569698\" data-element_type=\"widget\" data-widget_type=\"heading.default\">\n\t\t\t\t<div class=\"elementor-widget-container\">\n\t\t\t\t\t<h3 class=\"elementor-heading-title elementor-size-default\">Weelo ya piensa en el 2030.<\/h3>\t\t\t\t<\/div>\n\t\t\t\t<\/div>\n\t\t\t\t<div class=\"elementor-element elementor-element-1052dae elementor-widget elementor-widget-text-editor\" data-id=\"1052dae\" data-element_type=\"widget\" data-widget_type=\"text-editor.default\">\n\t\t\t\t<div class=\"elementor-widget-container\">\n\t\t\t\t\t\t\t\t\t<p>\u00bfSab\u00edas que WEELO te ayuda a alcanzar los 17 Objetivos de Desarrollo Sostenible de la ONU? \u00a1Creemos en ciudades m\u00e1s habitables y comunidades m\u00e1s felices, y trabajamos duro para lograrlo!<\/p>\n<p>Para m\u00e1s informaci\u00f3n, visita sdgs.un.org.<\/p>\n\t\t\t\t\t\t\t\t<\/div>\n\t\t\t\t<\/div>\n\t\t\t\t<\/div>\n\t\t\t\t\t<\/div>\n\t\t\t\t<\/div>\n\t\t<div class=\"elementor-element elementor-element-5471bec e-flex e-con-boxed e-con e-parent\" data-id=\"5471bec\" data-element_type=\"container\">\n\t\t\t\t\t<div class=\"e-con-inner\">\n\t\t\t\t<div class=\"elementor-element elementor-element-054c595 elementor-widget elementor-widget-heading\" data-id=\"054c595\" data-element_type=\"widget\" data-widget_type=\"heading.default\">\n\t\t\t\t<div class=\"elementor-widget-container\">\n\t\t\t\t\t<h3 class=\"elementor-heading-title elementor-size-default\">Pedaleamos juntos hacia el futuro<\/h3>\t\t\t\t<\/div>\n\t\t\t\t<\/div>\n\t\t\t\t<div class=\"elementor-element elementor-element-20477bf elementor-widget elementor-widget-text-editor\" data-id=\"20477bf\" data-element_type=\"widget\" data-widget_type=\"text-editor.default\">\n\t\t\t\t<div class=\"elementor-widget-container\">\n\t\t\t\t\t\t\t\t\t<p>Desde la gran ciudad hasta el peque\u00f1o pueblo, cada localidad tiene sus caracter\u00edsticas \u00fanicas y requiere una planificaci\u00f3n espec\u00edfica en materia de movilidad.<\/p>\n<p>Ofrecemos soluciones concretas para revolucionar la forma en que las personas se desplazan, con productos y servicios dise\u00f1ados para integrarse en el contexto urbano.<\/p>\n<p>\u00a1Agenda una reuni\u00f3n y juntos crearemos un proyecto a tu medida!<\/p>\n\t\t\t\t\t\t\t\t<\/div>\n\t\t\t\t<\/div>\n\t\t\t\t<div class=\"elementor-element elementor-element-f007e4f elementor-mobile-align-center elementor-widget elementor-widget-button\" data-id=\"f007e4f\" data-element_type=\"widget\" data-widget_type=\"button.default\">\n\t\t\t\t<div class=\"elementor-widget-container\">\n\t\t\t\t\t\t\t\t\t<div class=\"elementor-button-wrapper\">\n\t\t\t\t\t<a class=\"elementor-button elementor-button-link elementor-size-xs\" href=\"https:\/\/calendly.com\/bicincittaitalia\/30min\" target=\"_blank\" rel=\"nofollow\">\n\t\t\t\t\t\t<span class=\"elementor-button-content-wrapper\">\n\t\t\t\t\t\t\t\t\t<span class=\"elementor-button-text\">Elige d\u00eda y hora<\/span>\n\t\t\t\t\t<\/span>\n\t\t\t\t\t<\/a>\n\t\t\t\t<\/div>\n\t\t\t\t\t\t\t\t<\/div>\n\t\t\t\t<\/div>\n\t\t\t\t\t<\/div>\n\t\t\t\t<\/div>\n\t\t<div class=\"elementor-element elementor-element-566365a elementor-hidden-desktop elementor-hidden-tablet elementor-hidden-mobile e-flex e-con-boxed e-con e-parent\" data-id=\"566365a\" data-element_type=\"container\">\n\t\t\t\t\t<div class=\"e-con-inner\">\n\t\t\t\t<div class=\"elementor-element elementor-element-3e8b56d elementor-widget elementor-widget-heading\" data-id=\"3e8b56d\" data-element_type=\"widget\" data-widget_type=\"heading.default\">\n\t\t\t\t<div class=\"elementor-widget-container\">\n\t\t\t\t\t<h3 class=\"elementor-heading-title elementor-size-default\">\u00bfC\u00f3mo te mueves t\u00fa?<\/h3>\t\t\t\t<\/div>\n\t\t\t\t<\/div>\n\t\t\t\t<div class=\"elementor-element elementor-element-b79828b elementor-widget elementor-widget-text-editor\" data-id=\"b79828b\" data-element_type=\"widget\" data-widget_type=\"text-editor.default\">\n\t\t\t\t<div class=\"elementor-widget-container\">\n\t\t\t\t\t\t\t\t\t<p>\u00bfUtilizas ya una bicicleta para tus desplazamientos diarios? Cu\u00e9ntanos m\u00e1s sobre tus h\u00e1bitos completando este breve cuestionario. Nos ayudar\u00e1 a entender c\u00f3mo llevar Weelo a tu ciudad.<\/p>\n\t\t\t\t\t\t\t\t<\/div>\n\t\t\t\t<\/div>\n\t\t\t\t<div class=\"elementor-element elementor-element-a9e09c8 elementor-widget elementor-widget-button\" data-id=\"a9e09c8\" data-element_type=\"widget\" data-widget_type=\"button.default\">\n\t\t\t\t<div class=\"elementor-widget-container\">\n\t\t\t\t\t\t\t\t\t<div class=\"elementor-button-wrapper\">\n\t\t\t\t\t<a class=\"elementor-button elementor-button-link elementor-size-xs\" href=\"https:\/\/docs.google.com\/forms\/d\/e\/1FAIpQLSf7KLAmfmI-SSjoRM_y-FPaOcvwE-h3Ks17XlOw5vQPaoaPLQ\/viewform\" target=\"_blank\" rel=\"nofollow\">\n\t\t\t\t\t\t<span class=\"elementor-button-content-wrapper\">\n\t\t\t\t\t\t\t\t\t<span class=\"elementor-button-text\">Completa el cuestionario<\/span>\n\t\t\t\t\t<\/span>\n\t\t\t\t\t<\/a>\n\t\t\t\t<\/div>\n\t\t\t\t\t\t\t\t<\/div>\n\t\t\t\t<\/div>\n\t\t\t\t\t<\/div>\n\t\t\t\t<\/div>\n\t\t\t\t<\/div>\n\t\t","protected":false},"excerpt":{"rendered":"<p>We love bikes. We love bikes. \u00a1Pedaleamos hacia el futuro! Weelo hace la vida m\u00e1s f\u00e1cil a los ciclistas Y ofrece soluciones para animar a m\u00e1s gente a usar la bicicleta, porque creemos que pedalear siempre es una buena idea. WEELO es la primera red de servicios inteligentes para bicicletas p\u00fablicas y privadas, dise\u00f1ada especialmente [&hellip;]<\/p>\n","protected":false},"author":4,"featured_media":0,"parent":0,"menu_order":0,"comment_status":"closed","ping_status":"closed","template":"","meta":{"inline_featured_image":false,"_monsterinsights_skip_tracking":false,"_monsterinsights_sitenote_active":false,"_monsterinsights_sitenote_note":"","_monsterinsights_sitenote_category":0,"_uf_show_specific_survey":0,"_uf_disable_surveys":false,"footnotes":""},"categories":[],"class_list":["post-10217","page","type-page","status-publish","hentry"],"aioseo_notices":[],"_links":{"self":[{"href":"https:\/\/weelo.it\/es\/wp-json\/wp\/v2\/pages\/10217","targetHints":{"allow":["GET"]}}],"collection":[{"href":"https:\/\/weelo.it\/es\/wp-json\/wp\/v2\/pages"}],"about":[{"href":"https:\/\/weelo.it\/es\/wp-json\/wp\/v2\/types\/page"}],"author":[{"embeddable":true,"href":"https:\/\/weelo.it\/es\/wp-json\/wp\/v2\/users\/4"}],"replies":[{"embeddable":true,"href":"https:\/\/weelo.it\/es\/wp-json\/wp\/v2\/comments?post=10217"}],"version-history":[{"count":1,"href":"https:\/\/weelo.it\/es\/wp-json\/wp\/v2\/pages\/10217\/revisions"}],"predecessor-version":[{"id":10218,"href":"https:\/\/weelo.it\/es\/wp-json\/wp\/v2\/pages\/10217\/revisions\/10218"}],"wp:attachment":[{"href":"https:\/\/weelo.it\/es\/wp-json\/wp\/v2\/media?parent=10217"}],"wp:term":[{"taxonomy":"category","embeddable":true,"href":"https:\/\/weelo.it\/es\/wp-json\/wp\/v2\/categories?post=10217"}],"curies":[{"name":"wp","href":"https:\/\/api.w.org\/{rel}","templated":true}]}}